{"id":3304,"date":"2021-11-04T08:26:34","date_gmt":"2021-11-04T08:26:34","guid":{"rendered":"https:\/\/trenipovjen.al\/?page_id=3304"},"modified":"2021-11-04T08:27:06","modified_gmt":"2021-11-04T08:27:06","slug":"albania-greece","status":"publish","type":"page","link":"https:\/\/treni.al\/?page_id=3304&lang=en","title":{"rendered":"ALBANIA-GREECE"},"content":{"rendered":"\n\n\t\t\t\t<img loading=\"lazy\" decoding=\"async\" src=\"https:\/\/trenipovjen.al\/wp-content\/uploads\/2021\/10\/foto-projektet_1.jpg\" alt=\"foto projektet_1\" itemprop=\"image\" height=\"550\" width=\"1320\" title=\"foto projektet_1\" onerror=\"this.style.display='none'\"  \/>\n\t<!DOCTYPE html>\n<html lang=\"en\">\n<head>\n<meta charset=\"utf-8\"\/>\n<style>\n    .box{\n        position: relative;\n        display: inline-block; \/* Make the width of box same as image *\/\n    }\n.box .textmobile {\n    position: absolute;\n    z-index: 9;\n    margin: auto;\n    left:15%;\n    top: 75%;\n    text-align: center;\n    width: 70%;\n}\n<\/style>\n<\/head> \n<body>\n        <img decoding=\"async\" src=\"https:\/\/trenipovjen.al\/wp-content\/uploads\/2021\/11\/mobifoto-projektet.jpg\" alt=\"Kembesoret\"\/>\n<\/body>\n<\/html>\n\t<em><strong>Railway project linking Albania to Greece<br \/>\n<\/strong><\/em>\n\t<p>Enti i Hekurudhave t\u00eb Greqis\u00eb dhe Hekurudhat Shqiptare kan\u00eb r\u00ebn\u00eb dakord t\u00eb bashk\u00ebpunojn\u00eb p\u00ebr ngritjen e nj\u00eb linje t\u00eb re hekurudhore q\u00eb lidh qytetin grek t\u00eb Follorin\u00ebs me pik\u00ebn kufitare t\u00eb Kapshtic\u00ebs dhe m\u00eb tej me qytetin e Pogradecit, n\u00eb juglindje t\u00eb Shqip\u00ebris\u00eb.<\/p>\n<p>Projekti pritet t\u00eb mb\u00ebshtetet nga fondet IPA t\u00eb Bashkimit Europian n\u00eb kuad\u00ebr t\u00eb Programit INTEREG\u00ac2 p\u00ebr vitet 2014-2020.<\/p>\n<p>Projekti p\u00ebr lidhjen hekurudhore Greqi-Shqip\u00ebri parashikon q\u00eb t\u00eb ngrihet nj\u00eb linj\u00eb hekurudhore nga fillimi, q\u00eb do t\u00eb jet\u00eb nj\u00ebkalimshe dhe e elektrifikuar.<\/p>\n<p>Ngritja e rrjetit hekurudhor mes Greqis\u00eb dhe Shqip\u00ebris\u00eb, n\u00eb kuad\u00ebr t\u00eb projekteve t\u00eb Bashkimit Europian n\u00eb Ballkanin Per\u00ebndimor, do t`i ndihmonte jo vet\u00ebm p\u00ebrmir\u00ebsimit t\u00eb l\u00ebvizjes s\u00eb mjeteve dhe mallrave, por edhe nxitjes s\u00eb turizmit.<\/p>\n\n","protected":false},"excerpt":{"rendered":"<p>Railway project linking Albania to Greece Enti i Hekurudhave t\u00eb Greqis\u00eb dhe Hekurudhat Shqiptare kan\u00eb r\u00ebn\u00eb dakord t\u00eb bashk\u00ebpunojn\u00eb p\u00ebr ngritjen e nj\u00eb linje t\u00eb re hekurudhore q\u00eb lidh qytetin grek t\u00eb Follorin\u00ebs me pik\u00ebn kufitare t\u00eb Kapshtic\u00ebs dhe m\u00eb tej me qytetin e Pogradecit, n\u00eb juglindje t\u00eb Shqip\u00ebris\u00eb. Projekti pritet t\u00eb mb\u00ebshtetet nga fondet &hellip;<\/p>\n<p class=\"read-more\"> <a class=\"\" href=\"https:\/\/treni.al\/?page_id=3304&#038;lang=en\"> <span class=\"screen-reader-text\">ALBANIA-GREECE<\/span> Read More \u00bb<\/a><\/p>\n","protected":false},"author":1,"featured_media":0,"parent":0,"menu_order":0,"comment_status":"closed","ping_status":"closed","template":"","meta":{"footnotes":""},"class_list":["post-3304","page","type-page","status-publish","hentry"],"_links":{"self":[{"href":"https:\/\/treni.al\/index.php?rest_route=\/wp\/v2\/pages\/3304","targetHints":{"allow":["GET"]}}],"collection":[{"href":"https:\/\/treni.al\/index.php?rest_route=\/wp\/v2\/pages"}],"about":[{"href":"https:\/\/treni.al\/index.php?rest_route=\/wp\/v2\/types\/page"}],"author":[{"embeddable":true,"href":"https:\/\/treni.al\/index.php?rest_route=\/wp\/v2\/users\/1"}],"replies":[{"embeddable":true,"href":"https:\/\/treni.al\/index.php?rest_route=%2Fwp%2Fv2%2Fcomments&post=3304"}],"version-history":[{"count":2,"href":"https:\/\/treni.al\/index.php?rest_route=\/wp\/v2\/pages\/3304\/revisions"}],"predecessor-version":[{"id":3306,"href":"https:\/\/treni.al\/index.php?rest_route=\/wp\/v2\/pages\/3304\/revisions\/3306"}],"wp:attachment":[{"href":"https:\/\/treni.al\/index.php?rest_route=%2Fwp%2Fv2%2Fmedia&parent=3304"}],"curies":[{"name":"wp","href":"https:\/\/api.w.org\/{rel}","templated":true}]}}