{"id":3271,"date":"2021-11-03T15:36:51","date_gmt":"2021-11-03T15:36:51","guid":{"rendered":"https:\/\/trenipovjen.al\/?page_id=3271"},"modified":"2021-11-04T09:42:31","modified_gmt":"2021-11-04T09:42:31","slug":"signaling","status":"publish","type":"page","link":"https:\/\/treni.al\/?page_id=3271&lang=en","title":{"rendered":"Signaling"},"content":{"rendered":"\n\n\t\t\t\t<img loading=\"lazy\" decoding=\"async\" src=\"https:\/\/trenipovjen.al\/wp-content\/uploads\/2021\/10\/foto-siguria-sinjalistika_1.jpg\" alt=\"foto siguria sinjalistika_1\" itemprop=\"image\" height=\"550\" width=\"1320\" title=\"foto siguria sinjalistika_1\" onerror=\"this.style.display='none'\"  \/>\n\t\t\t\t<img loading=\"lazy\" decoding=\"async\" src=\"https:\/\/trenipovjen.al\/wp-content\/uploads\/2021\/11\/mobifoto-siguria-sinjalistika.jpg\" alt=\"mobifoto siguria sinjalistika\" itemprop=\"image\" height=\"550\" width=\"1000\" title=\"mobifoto siguria sinjalistika\" onerror=\"this.style.display='none'\"  \/>\n\t<em><strong>Passive and active traffic signs and signals are installed ahead of and at the intersection of the road with the railway.<br \/>\nThey warn pedestrians and vehicle drivers on the presence of railroad tracks ahead and the possibility of train coming.<br \/>\nThese signs and signals also give a safety message and recall the citizens on the rules in force at the level crossing.<\/strong><\/em>\n\t\t\t\t<img decoding=\"async\" src=\"https:\/\/trenipovjen.al\/wp-content\/uploads\/2021\/08\/black_red_logotrenipovjen.png\" alt=\"black_red_logotrenipovjen\" title=\"black_red_logotrenipovjen\" itemprop=\"image\"\/>\n\t\t<h3>Kalimet n\u00eb nivel<\/h3>\t\t\t\n\t<p>Ekzistojn\u00eb dy lloje kalimesh n\u00eb nivel.<\/p>\n\t\t\t\t<img loading=\"lazy\" decoding=\"async\" src=\"https:\/\/trenipovjen.al\/wp-content\/uploads\/2021\/10\/shiko-degjo-jeto-300x300.png\" alt=\"shiko-degjo-jeto\" itemprop=\"image\" height=\"300\" width=\"300\" title=\"shiko-degjo-jeto\" onerror=\"this.style.display='none'\"  \/>\n\t<table style=\"\n    border: none;\n\">\n<tbody>\n<tr style=\"\n\">\n<td style=\"\n    border: none;\n\"><i>\uf054<\/i><\/td>\n<td style=\"\n    border: none;\n\">Kalimet n\u00eb nivel brenda kufijve t\u00eb stacioneve.<\/td>\n<\/tr>\n<tr>\n<td style=\"\n    border: none;\n\"><i>\uf054<\/i><\/td>\n<td style=\"\n    border: none;\n\">Kalimet n\u00eb nivel jasht\u00eb kufijve t\u00eb stacioneve, n\u00eb linj\u00ebn e hapur.<\/td>\n<\/tr>\n<\/tbody>\n<\/table>\n\t<p>T\u00eb gjitha kalimet n\u00eb nivel n\u00eb linj\u00ebn hekurudhore Durr\u00ebs-Tiran\u00eb-Rinas do t\u00eb ken\u00eb sinjale paralajm\u00ebuese ( sinjale rrugore ose k\u00ebmb\u00ebsor\u00ebsh (semafor), sinjale hekurudhore, barriera, sinjale zanore etj. )<\/p>\n<p>Bazuar n\u00eb nevoj\u00ebn p\u00ebr qarkullimin e automjeteve dhe qytetar\u00ebve, hekurudha Durr\u00ebs-Tiran\u00eb-Rinas do t\u00eb ket\u00eb kalime rrugore dhe 5 kalime vet\u00ebm p\u00ebr k\u00ebmb\u00ebsor\u00ebt.<\/p>\n<p>Kalimet n\u00eb nivel me rrug\u00eb automobilistike do t\u00eb jen\u00eb t\u00eb pajisura me barrierat e automatizuara, semafor\u00eb pulsues dhe sinjale zanore paralajm\u00ebruese, nd\u00ebrsa kalimet p\u00ebr k\u00ebmb\u00ebsor\u00ebt do t\u00eb p\u00ebrmbajn\u00eb barriera t\u00eb plota, sistem paralajm\u00ebrues me drita dhe sinjal zanor si dhe pengesa p\u00ebr t\u00eb parandaluar kalimin e automjeteve rrugore.<\/p>\n<p>T\u00eb gjitha kalimet n\u00eb nivel do t\u00eb ken\u00eb t\u00eb vendosura platforma kalimi me rampa t\u00eb pjerr\u00ebta t\u00eb p\u00ebrshtatshme p\u00ebr p\u00ebrdorimin e mjeteve l\u00ebviz\u00ebse t\u00eb Personave me Aft\u00ebsi t\u00eb Kufuzuar n\u00eb p\u00ebrputhje me &#8220;Specifikimet Teknike p\u00ebr Nd\u00ebrveprim p\u00ebr Personat me Aft\u00ebsi t\u00eb Kufizuar (PRM TSI)&#8221; t\u00eb BE.<\/p>\n\t\n<p>Kalimet n\u00eb nivel brenda kufijve t\u00eb stacioneve.<\/p>\n<p>Kalimet n\u00eb nivel jasht\u00eb kufijve t\u00eb stacioneve, n\u00eb linj\u00ebn e hapur.<\/p>\n<p>T\u00eb gjitha kalimet n\u00eb nivel n\u00eb linj\u00ebn hekurudhore Durr\u00ebs-Tiran\u00eb-Rinas do t\u00eb ken\u00eb sinjale paralajm\u00ebuese ( sinjale rrugore ose k\u00ebmb\u00ebsor\u00ebsh (semafor), sinjale hekurudhore, barriera, sinjale zanore etj. )<\/p>\n<p>Bazuar n\u00eb nevoj\u00ebn p\u00ebr qarkullimin e automjeteve dhe qytetar\u00ebve, hekurudha Durr\u00ebs-Tiran\u00eb-Rinas do t\u00eb ket\u00eb kalime rrugore dhe 5 kalime vet\u00ebm p\u00ebr k\u00ebmb\u00ebsor\u00ebt.<\/p>\n<p>Kalimet n\u00eb nivel me rrug\u00eb automobilistike do t\u00eb jen\u00eb t\u00eb pajisura me barrierat e automatizuara, semafor\u00eb pulsues dhe sinjale zanore paralajm\u00ebruese, nd\u00ebrsa kalimet p\u00ebr k\u00ebmb\u00ebsor\u00ebt do t\u00eb p\u00ebrmbajn\u00eb barriera t\u00eb plota, sistem paralajm\u00ebrues me drita dhe sinjal zanor si dhe pengesa p\u00ebr t\u00eb parandaluar kalimin e automjeteve rrugore.<\/p>\n<p>T\u00eb gjitha kalimet n\u00eb nivel do t\u00eb ken\u00eb t\u00eb vendosura platforma kalimi me rampa t\u00eb pjerr\u00ebta t\u00eb p\u00ebrshtatshme p\u00ebr p\u00ebrdorimin e mjeteve l\u00ebviz\u00ebse t\u00eb Personave me Aft\u00ebsi t\u00eb Kufuzuar n\u00eb p\u00ebrputhje me &#8220;Specifikimet Teknike p\u00ebr Nd\u00ebrveprim p\u00ebr Personat me Aft\u00ebsi t\u00eb Kufizuar (PRM TSI)&#8221; t\u00eb BE.<\/p>\n\t\t\t\t<img decoding=\"async\" src=\"https:\/\/trenipovjen.al\/wp-content\/uploads\/2021\/08\/logo-trenipovjen.png\" alt=\"logo trenipovjen\" title=\"logo trenipovjen\" itemprop=\"image\"\/>\n\t\t<h3>SHENJAT DHE SINJALET P\u00cbR P\u00cbRDORUESIT E RRUG\u00cbS<\/h3>\t\t\t\n\t\t<nav>\n\t\t\t<ul>\n\t\t\t\t\t\t\t\t<li data-index=\"0\">\n\t\t\t\t\t<h5>\n\t\t\t\t\t\t<a href=\"javascript:void(0);\">SHENJAT PASIVE\n\t\t\t\t\t\t\t<br \/>Paralajm\u00ebrojn\u00eb dhe tregojn\u00eb kryq\u00ebzimin e rrug\u00ebs me shinat.\t\t\t\t\t\n\t\t\t\t\t\t\t\t\t\t<\/a>\n\t\t\t\t\t<\/h5>\n\t\t\t\t<\/li>\n\t\t\t\t\t\t\t\t<li data-index=\"1\">\n\t\t\t\t\t<h5>\n\t\t\t\t\t\t<a href=\"javascript:void(0);\">SINJALET AKTIVE\n\t\t\t\t\t\t\t<br \/>Tregojn\u00eb af\u00ebrsin\u00eb e l\u00ebvizjes s\u00eb trenave n\u00eb hekurudh\u00eb\t\t\t\t\t\n\t\t\t\t\t\t\t\t\t\t<\/a>\n\t\t\t\t\t<\/h5>\n\t\t\t\t<\/li>\n\t\t\t\t\t\t\t<\/ul>\n\t\t<\/nav>\n\t\t\t\t\t<h5>\n\t\t\t\t\t\t\t\t\t\t\t\tSHENJAT PASIVE\n\t\t\t\t\t\t\t\t\t\t\t<\/h5>\n\t\t\t\t\t\n<table>\n<tbody>\n<tr>\n<td><img loading=\"lazy\" decoding=\"async\" src=\"https:\/\/trenipovjen.al\/wp-content\/uploads\/2021\/08\/Screenshot-2021-08-19-at-15.23.25.png\" alt=\"\" width=\"176\" height=\"185\" \/><br \/>Kryq\u00ebzim me hekurudh\u00ebn<\/td>\n<td><img loading=\"lazy\" decoding=\"async\" src=\"https:\/\/trenipovjen.al\/wp-content\/uploads\/2021\/08\/Screenshot-2021-08-19-at-15.05.40-e1629379193717-241x300.png\" alt=\"\" width=\"241\" height=\"300\" \/><br \/>Kalim n\u00eb nivel me barriera<\/td>\n<td><img loading=\"lazy\" decoding=\"async\" src=\"https:\/\/trenipovjen.al\/wp-content\/uploads\/2021\/08\/kalim-pa-barriera-e1629379216458-195x300.png\" alt=\"\" width=\"195\" height=\"300\" \/><br \/>Kalim n\u00eb nivel pa barriera<\/td>\n<\/tr>\n<\/tbody>\n<\/table>\n<p>K\u00ebto shenja vendosen n\u00eb rrug\u00eb p\u00ebrpara kalimit n\u00eb nivel q\u00eb t\u00eb njoftojn\u00eb drejtuesit e mjeteve se rruga kryq\u00ebzohet me shinat hekurudhore dhe t&#8217;i kujtojn\u00eb se duhet t\u00eb ngadal\u00ebsojn\u00eb.<\/p>\n\n<table width=\"685\">\n<tbody>\n<tr>\n<td rowspan=\"2\">\n\n<p>Kalim n\u00eb Nivel me 1 &amp; 2 Trase<\/p>\n<\/td>\n<td>\n\n<p>Shenja STOP!<\/p>\n<\/td>\n<td>\n\n<p>Shenj\u00eb P\u00ebrpar\u00ebsie<\/p>\n<\/td>\n<\/tr>\n<tr>\n<td colspan=\"3\">\n\n<p>Sinjalistik\u00eb horizontale n\u00eb rrug\u00eb<\/p>\n<\/td>\n<\/tr>\n<\/tbody>\n<\/table>\n<p>K\u00ebto shenja vendosen n\u00eb kalimet n\u00eb nivel p\u00ebr t\u00eb treguar vendodhjen e kalimit dhe distanc\u00ebn e siguris\u00eb nga shinat si dhe p\u00ebr t&#8217;i kujtuar drejtuesit e mjeteve se duhet t\u00eb ndalojn\u00eb e t\u00eb respektojn\u00eb p\u00ebrpar\u00ebsin\u00eb e trenit.<\/p>\n\n<table>\n<tbody>\n<tr>\n<td><img loading=\"lazy\" decoding=\"async\" src=\"https:\/\/trenipovjen.al\/wp-content\/uploads\/2021\/08\/ndalim-kalim-mbi-shina.png\" alt=\"\" width=\"248\" height=\"224\" \/> <br \/>Ndalim Kalimi mbi shina<\/td>\n<td><img loading=\"lazy\" decoding=\"async\" src=\"https:\/\/trenipovjen.al\/wp-content\/uploads\/2021\/08\/stacion-treni.png\" alt=\"\" width=\"228\" height=\"196\" \/><br \/>Stacion Treni<\/td>\n<\/tr>\n<\/tbody>\n<\/table>\n\t\t\t\t\t<h5>\n\t\t\t\t\t\t\t\t\t\t\t\tSINJALET AKTIVE\n\t\t\t\t\t\t\t\t\t\t\t<\/h5>\n\t\t\t\t\t<table>\n<tbody>\n<tr>\n<td>\n\n<p>Semafor Pulsues me ose pa sinjal zanor dhe shenja e kryq\u00ebzimit me shinat<\/p>\n<\/td>\n<td>\n\n<p>Barrier\u00eb dhe Semafor Pulsues me ose pa sinjal zanor dhe shenja e kryq\u00ebzimit me shinat<\/p>\n<\/td>\n<\/tr>\n<\/tbody>\n<\/table>\n<blockquote>\n<p><strong>BORIA E TRENIT &#8211;<\/strong> ka p\u00ebr q\u00ebllim t\u00eb lajm\u00ebroj\u00eb afrimin e trenit. Treni gjithmon\u00eb i bie boris\u00eb kur i afrohet kalimit n\u00eb nivel, kur hyn dhe del nga nj\u00eb tunel si dhe n\u00eb situata emergjente.<\/p>\n<p><strong>FENER\u00cbT DHE SINJALET E LOKOMOTIV\u00cbS &#8211;<\/strong> jan\u00eb t\u00eb ndezura kur treni \u00ebsht\u00eb n\u00eb l\u00ebvizje si gjat\u00eb nat\u00ebs ashtu dhe gjat\u00eb dit\u00ebs.<\/p>\n<\/blockquote>\n\t\t\t\t\t<!-- \/content -->\n\t<!-- \/tabs -->\n\t\t\t\t<img decoding=\"async\" src=\"https:\/\/trenipovjen.al\/wp-content\/uploads\/2021\/08\/black_red_logotrenipovjen.png\" alt=\"black_red_logotrenipovjen\" title=\"black_red_logotrenipovjen\" itemprop=\"image\"\/>\n\t\t<h3>RREGULLAT E VEPRIMEVE N\u00cb KALIM N\u00cb NIVEL<\/h3>\t\t\t\n\t\n\t\t\t<!-- START Slider 1 1 REVOLUTION SLIDER 6.5.7 --><p class=\"rs-p-wp-fix\"><\/p>\n\t\t\t<rs-module-wrap id=\"rev_slider_2_1_wrapper\" data-source=\"gallery\" style=\"visibility:hidden;background:transparent;padding:0;margin:0px auto;margin-top:0;margin-bottom:0;\">\n\t\t\t\t<rs-module id=\"rev_slider_2_1\" style=\"\" data-version=\"6.5.7\">\n\t\t\t\t\t<rs-slides>\n\t\t\t\t\t\t<rs-slide style=\"position: absolute;\" data-key=\"rs-2\" data-title=\"Slide\" data-in=\"o:0;\" data-out=\"a:false;\">\n\t\t\t\t\t\t\t<img loading=\"lazy\" decoding=\"async\" src=\"\/\/treni.al\/wp-content\/plugins\/revslider\/public\/assets\/assets\/dummy.png\" title=\"rregullat-e-kalimit-ne-nivel-bg\" width=\"1246\" height=\"1110\" class=\"rev-slidebg tp-rs-img rs-lazyload\" data-lazyload=\"\/\/trenipovjen.al\/wp-content\/uploads\/2021\/08\/rregullat-e-kalimit-ne-nivel-bg.png\" data-no-retina>\n<!--\n\t\t\t\t\t\t\t--><rs-layer\n\t\t\t\t\t\t\t\tid=\"slider-2-slide-2-layer-0\" \n\t\t\t\t\t\t\t\tdata-type=\"text\"\n\t\t\t\t\t\t\t\tdata-color=\"#0c0c0c\"\n\t\t\t\t\t\t\t\tdata-rsp_ch=\"on\"\n\t\t\t\t\t\t\t\tdata-xy=\"y:30px;\"\n\t\t\t\t\t\t\t\tdata-text=\"w:normal;s:30;td:underline;\"\n\t\t\t\t\t\t\t\tdata-frame_0=\"x:-50;\"\n\t\t\t\t\t\t\t\tdata-frame_1=\"sp:1000;\"\n\t\t\t\t\t\t\t\tdata-frame_999=\"o:0;st:w;\"\n\t\t\t\t\t\t\t\tstyle=\"z-index:9;font-family:'Roboto';\"\n\t\t\t\t\t\t\t>SINJALET AKTIVE \n\t\t\t\t\t\t\t<\/rs-layer><!--\n\n\t\t\t\t\t\t\t--><rs-layer\n\t\t\t\t\t\t\t\tid=\"slider-2-slide-2-layer-2\" \n\t\t\t\t\t\t\t\tdata-type=\"text\"\n\t\t\t\t\t\t\t\tdata-color=\"#d80529\"\n\t\t\t\t\t\t\t\tdata-rsp_ch=\"on\"\n\t\t\t\t\t\t\t\tdata-xy=\"x:572px;y:498px;\"\n\t\t\t\t\t\t\t\tdata-text=\"w:normal;s:26;fw:700;\"\n\t\t\t\t\t\t\t\tdata-dim=\"w:36.997000000000014px;\"\n\t\t\t\t\t\t\t\tdata-actions='o:mouseenter;a:startlayer;layer:slider-2-slide-2-layer-8;ch:true;||o:mouseleave;a:togglelayer;layer:slider-2-slide-2-layer-8;ch:true;'\n\t\t\t\t\t\t\t\tdata-frame_1=\"e:power4.inOut;sp:1200;\"\n\t\t\t\t\t\t\t\tdata-frame_1_sfx=\"se:blocktoright;\"\n\t\t\t\t\t\t\t\tdata-frame_999=\"o:0;st:w;\"\n\t\t\t\t\t\t\t\tstyle=\"z-index:16;font-family:'Roboto';text-transform:uppercase;\"\n\t\t\t\t\t\t\t><i class=\"fa fa-arrow-circle-o-down\" data-stylerecorder=\"true\" ><\/i> \n\t\t\t\t\t\t\t<\/rs-layer><!--\n\n\t\t\t\t\t\t\t--><rs-layer\n\t\t\t\t\t\t\t\tid=\"slider-2-slide-2-layer-8\" \n\t\t\t\t\t\t\t\tdata-type=\"text\"\n\t\t\t\t\t\t\t\tdata-color=\"#000000\"\n\t\t\t\t\t\t\t\tdata-rsp_ch=\"on\"\n\t\t\t\t\t\t\t\tdata-xy=\"x:449px;y:597px;\"\n\t\t\t\t\t\t\t\tdata-text=\"w:normal;s:18;a:right;\"\n\t\t\t\t\t\t\t\tdata-dim=\"w:#1\/3#;\"\n\t\t\t\t\t\t\t\tdata-padding=\"t:10;r:10;b:10;l:10;\"\n\t\t\t\t\t\t\t\tdata-frame_1=\"st:a;\"\n\t\t\t\t\t\t\t\tdata-frame_999=\"o:0;st:a;\"\n\t\t\t\t\t\t\t\tstyle=\"z-index:36;background-color:#d8d8d8;font-family:'Roboto';\"\n\t\t\t\t\t\t\t><b> Barriera Rrugore<\/b><br>Kur treni \u00ebsht\u00eb duke u afruar Barriera ulet bashk\u00eb me aktivizimin e semafor\u00ebve dhe sinjalit zanor. Nuk duhet t\u00eb kaloni edhe n\u00ebse nuk e shihni trenin. Q\u00ebndroni deri kur sinjlaet ndalojn\u00eb e barriera ngrihet.<br><span style=\"color:#d80026;\">KUJDES: \u00cbsht\u00eb e rrezikshme dhe e paligjshme t\u00eb anashkaloni barrier\u00ebn ku \u00ebsht\u00eb e ulur.<\/span>\n \n\t\t\t\t\t\t\t<\/rs-layer><!--\n\n\t\t\t\t\t\t\t--><rs-layer\n\t\t\t\t\t\t\t\tid=\"slider-2-slide-2-layer-9\" \n\t\t\t\t\t\t\t\tdata-type=\"text\"\n\t\t\t\t\t\t\t\tdata-color=\"#d80529\"\n\t\t\t\t\t\t\t\tdata-rsp_ch=\"on\"\n\t\t\t\t\t\t\t\tdata-xy=\"x:195px;y:290px;\"\n\t\t\t\t\t\t\t\tdata-text=\"w:normal;s:18;a:right;\"\n\t\t\t\t\t\t\t\tdata-dim=\"w:#1\/3#;\"\n\t\t\t\t\t\t\t\tdata-frame_999=\"o:0;st:w;\"\n\t\t\t\t\t\t\t\tstyle=\"z-index:37;font-family:'Roboto';font-style:italic;\"\n\t\t\t\t\t\t\t> \n\t\t\t\t\t\t\t<\/rs-layer><!--\n\n\t\t\t\t\t\t\t--><rs-layer\n\t\t\t\t\t\t\t\tid=\"slider-2-slide-2-layer-10\" \n\t\t\t\t\t\t\t\tdata-type=\"text\"\n\t\t\t\t\t\t\t\tdata-color=\"#d80529\"\n\t\t\t\t\t\t\t\tdata-rsp_ch=\"on\"\n\t\t\t\t\t\t\t\tdata-xy=\"x:c;xo:284px;y:381px;\"\n\t\t\t\t\t\t\t\tdata-text=\"w:normal;s:26;fw:700;\"\n\t\t\t\t\t\t\t\tdata-dim=\"w:30.997000000000014px;h:29.992999999999995px;\"\n\t\t\t\t\t\t\t\tdata-actions='o:mouseenter;a:startlayer;layer:slider-2-slide-2-layer-14;ch:true;||o:mouseleave;a:togglelayer;layer:slider-2-slide-2-layer-14;ch:true;'\n\t\t\t\t\t\t\t\tdata-frame_1=\"e:power4.inOut;sp:1200;\"\n\t\t\t\t\t\t\t\tdata-frame_1_sfx=\"se:blocktoleft;\"\n\t\t\t\t\t\t\t\tdata-frame_999=\"o:0;st:w;\"\n\t\t\t\t\t\t\t\tstyle=\"z-index:14;font-family:'Roboto';text-transform:uppercase;\"\n\t\t\t\t\t\t\t><i class=\"fa fa-arrow-circle-o-down\" data-stylerecorder=\"true\" ><\/i> \n\t\t\t\t\t\t\t<\/rs-layer><!--\n\n\t\t\t\t\t\t\t--><rs-layer\n\t\t\t\t\t\t\t\tid=\"slider-2-slide-2-layer-14\" \n\t\t\t\t\t\t\t\tdata-type=\"text\"\n\t\t\t\t\t\t\t\tdata-color=\"#000000\"\n\t\t\t\t\t\t\t\tdata-rsp_ch=\"on\"\n\t\t\t\t\t\t\t\tdata-xy=\"x:449px;y:306px;\"\n\t\t\t\t\t\t\t\tdata-text=\"w:normal;s:18;\"\n\t\t\t\t\t\t\t\tdata-dim=\"w:#1\/3#;h:166px;\"\n\t\t\t\t\t\t\t\tdata-padding=\"t:10;r:10;b:10;l:10;\"\n\t\t\t\t\t\t\t\tdata-frame_1=\"st:a;\"\n\t\t\t\t\t\t\t\tdata-frame_999=\"o:0;st:a;\"\n\t\t\t\t\t\t\t\tstyle=\"z-index:34;background-color:#d8d8d8;font-family:'Roboto';\"\n\t\t\t\t\t\t\t><b>SEMAFOR\u00cbT PULSUES & SINJALI ZANOR <\/b><br> 30 sekonda p\u00ebrpara se treni t\u00eb mb\u00ebrrij\u00eb n\u00eb kryq\u00ebzim semafor\u00ebt fillojn\u00eb t\u00eb pulsojn\u00eb n\u00eb m\u00ebnyr\u00eb alternative dhe Zilja fillon t\u00eb tring\u00eblloj\u00eb p\u00ebr \u00eb treguar afrimin e trenit. \nDuhet t\u00eb ndaloni kur sinjalet aktivizohen dhe t\u00eb q\u00ebndroni derisa ata t\u00eb ndalojn\u00eb. \n\t\t\t\t\t\t\t<\/rs-layer><!--\n\n\t\t\t\t\t\t\t--><rs-layer\n\t\t\t\t\t\t\t\tid=\"slider-2-slide-2-layer-15\" \n\t\t\t\t\t\t\t\tdata-type=\"text\"\n\t\t\t\t\t\t\t\tdata-color=\"#000000\"\n\t\t\t\t\t\t\t\tdata-rsp_ch=\"on\"\n\t\t\t\t\t\t\t\tdata-xy=\"x:896px;y:174px;\"\n\t\t\t\t\t\t\t\tdata-text=\"w:normal;s:18;a:right;\"\n\t\t\t\t\t\t\t\tdata-dim=\"w:312px;\"\n\t\t\t\t\t\t\t\tdata-frame_999=\"o:0;st:w;\"\n\t\t\t\t\t\t\t\tstyle=\"z-index:29;font-family:'Roboto';font-style:italic;\"\n\t\t\t\t\t\t\t> \n\t\t\t\t\t\t\t<\/rs-layer><!--\n\n\t\t\t\t\t\t\t--><rs-layer\n\t\t\t\t\t\t\t\tid=\"slider-2-slide-2-layer-16\" \n\t\t\t\t\t\t\t\tdata-type=\"text\"\n\t\t\t\t\t\t\t\tdata-color=\"#0c0c0c\"\n\t\t\t\t\t\t\t\tdata-rsp_ch=\"on\"\n\t\t\t\t\t\t\t\tdata-xy=\"x:8px;y:493px;\"\n\t\t\t\t\t\t\t\tdata-text=\"w:normal;s:30;td:underline;\"\n\t\t\t\t\t\t\t\tdata-frame_0=\"x:-50;\"\n\t\t\t\t\t\t\t\tdata-frame_1=\"sp:1000;\"\n\t\t\t\t\t\t\t\tdata-frame_999=\"o:0;st:w;\"\n\t\t\t\t\t\t\t\tstyle=\"z-index:8;font-family:'Roboto';\"\n\t\t\t\t\t\t\t>SHENJAT PASIVE \n\t\t\t\t\t\t\t<\/rs-layer><!--\n\n\t\t\t\t\t\t\t--><rs-layer\n\t\t\t\t\t\t\t\tid=\"slider-2-slide-2-layer-17\" \n\t\t\t\t\t\t\t\tdata-type=\"text\"\n\t\t\t\t\t\t\t\tdata-color=\"#d80529\"\n\t\t\t\t\t\t\t\tdata-rsp_ch=\"on\"\n\t\t\t\t\t\t\t\tdata-xy=\"x:537px;y:813px;\"\n\t\t\t\t\t\t\t\tdata-text=\"w:normal;s:26;fw:700;\"\n\t\t\t\t\t\t\t\tdata-dim=\"w:27px;h:34px;\"\n\t\t\t\t\t\t\t\tdata-actions='o:mouseenter;a:startlayer;layer:slider-2-slide-2-layer-20;ch:true;||o:mouseleave;a:togglelayer;layer:slider-2-slide-2-layer-20;ch:true;'\n\t\t\t\t\t\t\t\tdata-frame_1=\"e:power4.inOut;sp:1200;\"\n\t\t\t\t\t\t\t\tdata-frame_1_sfx=\"se:blocktoright;\"\n\t\t\t\t\t\t\t\tdata-frame_999=\"o:0;st:w;\"\n\t\t\t\t\t\t\t\tstyle=\"z-index:15;font-family:'Roboto';text-transform:uppercase;\"\n\t\t\t\t\t\t\t><i class=\"fa fa-arrow-circle-o-down\" data-stylerecorder=\"true\" ><\/i> \n\t\t\t\t\t\t\t<\/rs-layer><!--\n\n\t\t\t\t\t\t\t--><rs-layer\n\t\t\t\t\t\t\t\tid=\"slider-2-slide-2-layer-20\" \n\t\t\t\t\t\t\t\tdata-type=\"text\"\n\t\t\t\t\t\t\t\tdata-color=\"#000000\"\n\t\t\t\t\t\t\t\tdata-rsp_ch=\"on\"\n\t\t\t\t\t\t\t\tdata-xy=\"x:79px;y:459px;\"\n\t\t\t\t\t\t\t\tdata-text=\"w:normal;s:18;a:right;\"\n\t\t\t\t\t\t\t\tdata-dim=\"w:#1\/3#;\"\n\t\t\t\t\t\t\t\tdata-padding=\"t:10;r:10;b:10;l:10;\"\n\t\t\t\t\t\t\t\tdata-frame_1=\"st:a;\"\n\t\t\t\t\t\t\t\tdata-frame_999=\"o:0;st:a;\"\n\t\t\t\t\t\t\t\tstyle=\"z-index:35;background-color:#d8d8d8;font-family:'Roboto';\"\n\t\t\t\t\t\t\t><b>VIJ\u00cbZIMET E RRUG\u00cbS<\/b><br><b>RXR<\/b> n\u00eb rrug\u00eb tregon q\u00eb jemi pran\u00eb kryq\u00ebzimit me shinat.\n<br><b>Vija STOP\/NO STOP<\/b><br\/>\n\u00cbsht\u00eb nj\u00eb vij\u00eb e gjer\u00eb horizontale 5 m larg shinave dhe tregon distanc\u00ebn e siguris\u00eb nga sinat kalon treni.<br\/>\n<i>Kur sinjalet paralajm\u00ebrojn\u00eb afrimin e trenit duhet t\u00eb ndaloni p\u00ebrpara k\u00ebsaj vije.<\/i><br\/>\n<i>N\u00eb rast se e keni kaluar k\u00ebt\u00eb vij\u00eb duhet t\u00eb vazhdoni t\u00eb kap\u00ebrceni kryq\u00ebzimin.<\/i><br><span style=\"color:#d80026; text-align:justify !important; \">KUJDES: Sigurohuni q\u00eb ka hap\u00ebsir\u00eb t\u00eb mjaftueshme matan\u00eb shinave p\u00ebrpara se ta kaloni k\u00ebt\u00eb vij\u00eb.<\/span> \n\t\t\t\t\t\t\t<\/rs-layer><!--\n\n\t\t\t\t\t\t\t--><rs-layer\n\t\t\t\t\t\t\t\tid=\"slider-2-slide-2-layer-23\" \n\t\t\t\t\t\t\t\tdata-type=\"text\"\n\t\t\t\t\t\t\t\tdata-color=\"#d80529\"\n\t\t\t\t\t\t\t\tdata-rsp_ch=\"on\"\n\t\t\t\t\t\t\t\tdata-xy=\"x:c;xo:288px;y:257px;\"\n\t\t\t\t\t\t\t\tdata-text=\"w:normal;s:26;l:6;fw:700;\"\n\t\t\t\t\t\t\t\tdata-dim=\"w:67;h:37;\"\n\t\t\t\t\t\t\t\tdata-actions='o:mouseenter;a:startlayer;layer:slider-2-slide-2-layer-24;ch:true;||o:mouseleave;a:togglelayer;layer:slider-2-slide-2-layer-24;ch:true;'\n\t\t\t\t\t\t\t\tdata-frame_1=\"e:power4.inOut;sp:1200;\"\n\t\t\t\t\t\t\t\tdata-frame_1_sfx=\"se:blocktoleft;\"\n\t\t\t\t\t\t\t\tdata-frame_999=\"o:0;st:w;\"\n\t\t\t\t\t\t\t\tstyle=\"z-index:13;font-family:'Roboto';text-transform:uppercase;\"\n\t\t\t\t\t\t\t><i class=\"fa fa-arrow-circle-o-down\" data-stylerecorder=\"true\" ><\/i> \n\t\t\t\t\t\t\t<\/rs-layer><!--\n\n\t\t\t\t\t\t\t--><rs-layer\n\t\t\t\t\t\t\t\tid=\"slider-2-slide-2-layer-24\" \n\t\t\t\t\t\t\t\tdata-type=\"text\"\n\t\t\t\t\t\t\t\tdata-color=\"#000000\"\n\t\t\t\t\t\t\t\tdata-rsp_ch=\"on\"\n\t\t\t\t\t\t\t\tdata-xy=\"x:506px;y:147px;\"\n\t\t\t\t\t\t\t\tdata-text=\"w:normal;s:18;a:right;\"\n\t\t\t\t\t\t\t\tdata-dim=\"w:329.328px;\"\n\t\t\t\t\t\t\t\tdata-padding=\"t:10;r:10;b:10;l:10;\"\n\t\t\t\t\t\t\t\tdata-frame_1=\"st:a;\"\n\t\t\t\t\t\t\t\tdata-frame_999=\"o:0;st:a;\"\n\t\t\t\t\t\t\t\tstyle=\"z-index:33;background-color:#d8d8d8;font-family:'Roboto';\"\n\t\t\t\t\t\t\t><b>SHENJA E KRYQ\u00cbZIMIT \n( 2 trase )<\/b><br>Tregon vendodhjen e kryq\u00ebzimit dhe P\u00cbRPAR\u00cbSIN\u00cb e trenit n\u00eb kryq\u00ebzim. \n\t\t\t\t\t\t\t<\/rs-layer><!--\n\n\t\t\t\t\t\t\t--><rs-layer\n\t\t\t\t\t\t\t\tid=\"slider-2-slide-2-layer-27\" \n\t\t\t\t\t\t\t\tdata-type=\"text\"\n\t\t\t\t\t\t\t\tdata-color=\"#d80529\"\n\t\t\t\t\t\t\t\tdata-rsp_ch=\"on\"\n\t\t\t\t\t\t\t\tdata-xy=\"x:r;xo:297px;y:c;yo:-73px;\"\n\t\t\t\t\t\t\t\tdata-text=\"w:normal;s:24;fw:700;\"\n\t\t\t\t\t\t\t\tdata-dim=\"w:55.997px;h:31px;\"\n\t\t\t\t\t\t\t\tdata-actions='o:mouseenter;a:startlayer;layer:slider-2-slide-2-layer-30;ch:true;||o:mouseleave;a:togglelayer;layer:slider-2-slide-2-layer-30;ch:true;'\n\t\t\t\t\t\t\t\tdata-frame_1=\"e:power4.inOut;sp:1200;\"\n\t\t\t\t\t\t\t\tdata-frame_1_sfx=\"se:blocktoleft;\"\n\t\t\t\t\t\t\t\tdata-frame_999=\"o:0;st:w;\"\n\t\t\t\t\t\t\t\tstyle=\"z-index:12;font-family:'Roboto';text-transform:uppercase;\"\n\t\t\t\t\t\t\t><i class=\"fa fa-arrow-circle-o-down\" data-stylerecorder=\"true\" ><\/i> \n\t\t\t\t\t\t\t<\/rs-layer><!--\n\n\t\t\t\t\t\t\t--><rs-layer\n\t\t\t\t\t\t\t\tid=\"slider-2-slide-2-layer-30\" \n\t\t\t\t\t\t\t\tdata-type=\"text\"\n\t\t\t\t\t\t\t\tdata-color=\"#000000\"\n\t\t\t\t\t\t\t\tdata-rsp_ch=\"on\"\n\t\t\t\t\t\t\t\tdata-xy=\"x:960px;y:556px;\"\n\t\t\t\t\t\t\t\tdata-text=\"w:normal;s:18;\"\n\t\t\t\t\t\t\t\tdata-dim=\"w:273.993px;h:142.222px;\"\n\t\t\t\t\t\t\t\tdata-padding=\"t:10;r:10;b:10;l:10;\"\n\t\t\t\t\t\t\t\tdata-frame_1=\"st:a;\"\n\t\t\t\t\t\t\t\tdata-frame_999=\"o:0;st:a;\"\n\t\t\t\t\t\t\t\tstyle=\"z-index:32;background-color:#d8d8d8;font-family:'Roboto';\"\n\t\t\t\t\t\t\t><b>RRUG\u00cb ME DISNIVEL \n<\/b><br>Paralam\u00ebron kalimtar\u00ebt, ciklist\u00ebt, patinator\u00ebt etj. se mund t\u00eb pengohen dhe t\u00eb ngecin n\u00eb kryq\u00ebzim. \n\t\t\t\t\t\t\t<\/rs-layer><!--\n\n\t\t\t\t\t\t\t--><rs-layer\n\t\t\t\t\t\t\t\tid=\"slider-2-slide-2-layer-31\" \n\t\t\t\t\t\t\t\tdata-type=\"text\"\n\t\t\t\t\t\t\t\tdata-color=\"#d80529\"\n\t\t\t\t\t\t\t\tdata-rsp_ch=\"on\"\n\t\t\t\t\t\t\t\tdata-xy=\"x:1110px;y:774px;\"\n\t\t\t\t\t\t\t\tdata-text=\"w:normal;s:24;fw:700;\"\n\t\t\t\t\t\t\t\tdata-dim=\"w:27.9931px;h:28.986000000000004px;\"\n\t\t\t\t\t\t\t\tdata-actions='o:mouseenter;a:startlayer;layer:slider-2-slide-2-layer-33;ch:true;||o:mouseleave;a:togglelayer;layer:slider-2-slide-2-layer-33;ch:true;'\n\t\t\t\t\t\t\t\tdata-frame_1=\"e:power4.inOut;sp:1200;\"\n\t\t\t\t\t\t\t\tdata-frame_1_sfx=\"se:blocktoright;\"\n\t\t\t\t\t\t\t\tdata-frame_999=\"o:0;st:w;\"\n\t\t\t\t\t\t\t\tstyle=\"z-index:11;font-family:'Roboto';text-transform:uppercase;\"\n\t\t\t\t\t\t\t><i class=\"fa fa-arrow-circle-o-down\" data-stylerecorder=\"true\" ><\/i> \n\t\t\t\t\t\t\t<\/rs-layer><!--\n\n\t\t\t\t\t\t\t--><rs-layer\n\t\t\t\t\t\t\t\tid=\"slider-2-slide-2-layer-33\" \n\t\t\t\t\t\t\t\tdata-type=\"text\"\n\t\t\t\t\t\t\t\tdata-color=\"#000000\"\n\t\t\t\t\t\t\t\tdata-rsp_ch=\"on\"\n\t\t\t\t\t\t\t\tdata-xy=\"x:836px;y:831px;\"\n\t\t\t\t\t\t\t\tdata-text=\"w:normal;s:18;a:right;\"\n\t\t\t\t\t\t\t\tdata-dim=\"w:329.328px;\"\n\t\t\t\t\t\t\t\tdata-padding=\"t:10;r:10;b:10;l:10;\"\n\t\t\t\t\t\t\t\tdata-frame_1=\"st:a;\"\n\t\t\t\t\t\t\t\tdata-frame_999=\"o:0;st:a;\"\n\t\t\t\t\t\t\t\tstyle=\"z-index:31;background-color:#d8d8d8;font-family:'Roboto';\"\n\t\t\t\t\t\t\t><b>SHENJA KALIM ME BARRIERA<\/b><br>Tregon se rruga kryq\u00ebzohet me hekurudh\u00ebn q\u00eb ka 2 trase dhe kryq\u00ebzimi \u00ebsht\u00eb i mbrojtur me barriera. \n\t\t\t\t\t\t\t<\/rs-layer><!--\n\n\t\t\t\t\t\t\t--><rs-layer\n\t\t\t\t\t\t\t\tid=\"slider-2-slide-2-layer-34\" \n\t\t\t\t\t\t\t\tdata-type=\"text\"\n\t\t\t\t\t\t\t\tdata-color=\"#d80529\"\n\t\t\t\t\t\t\t\tdata-rsp_ch=\"on\"\n\t\t\t\t\t\t\t\tdata-xy=\"x:c;xo:543px;y:b;yo:185px;\"\n\t\t\t\t\t\t\t\tdata-text=\"w:normal;s:24;fw:700;\"\n\t\t\t\t\t\t\t\tdata-dim=\"w:27.992999999999995px;h:40.98599999999999px;\"\n\t\t\t\t\t\t\t\tdata-actions='o:mouseenter;a:startlayer;layer:slider-2-slide-2-layer-37;ch:true;||o:mouseleave;a:togglelayer;layer:slider-2-slide-2-layer-37;ch:true;'\n\t\t\t\t\t\t\t\tdata-frame_1=\"e:power4.inOut;sp:1200;\"\n\t\t\t\t\t\t\t\tdata-frame_1_sfx=\"se:blocktoright;\"\n\t\t\t\t\t\t\t\tdata-frame_999=\"o:0;st:w;\"\n\t\t\t\t\t\t\t\tstyle=\"z-index:10;font-family:'Roboto';text-transform:uppercase;\"\n\t\t\t\t\t\t\t><i class=\"fa fa-arrow-circle-o-down\" data-stylerecorder=\"true\" ><\/i> \n\t\t\t\t\t\t\t<\/rs-layer><!--\n\n\t\t\t\t\t\t\t--><rs-layer\n\t\t\t\t\t\t\t\tid=\"slider-2-slide-2-layer-37\" \n\t\t\t\t\t\t\t\tdata-type=\"text\"\n\t\t\t\t\t\t\t\tdata-color=\"#000000\"\n\t\t\t\t\t\t\t\tdata-rsp_ch=\"on\"\n\t\t\t\t\t\t\t\tdata-xy=\"x:821px;y:1019px;\"\n\t\t\t\t\t\t\t\tdata-text=\"w:normal;s:18;a:right;\"\n\t\t\t\t\t\t\t\tdata-dim=\"w:329.328px;\"\n\t\t\t\t\t\t\t\tdata-padding=\"t:10;r:10;b:10;l:10;\"\n\t\t\t\t\t\t\t\tdata-frame_1=\"st:a;\"\n\t\t\t\t\t\t\t\tdata-frame_999=\"o:0;st:a;\"\n\t\t\t\t\t\t\t\tstyle=\"z-index:30;background-color:#d8d8d8;font-family:'Roboto';\"\n\t\t\t\t\t\t\t><b>SHENJA E NJOFTIMIT N\u00cb DISTANC\u00cb\n<\/b><br>Kjo \u00ebsht\u00eb shenja e par\u00eb q\u00eb vini re kur i afroheni kryq\u00ebzimit me shinat.<br\/>\n<i>Ngadal\u00ebsoni, q\u00ebndroni vigjilent\u00eb.<\/i> \n\t\t\t\t\t\t\t<\/rs-layer><!--\n-->\t\t\t\t\t\t<\/rs-slide>\n\t\t\t\t\t<\/rs-slides>\n\t\t\t\t<\/rs-module>\n\t\t\t\t<script type=\"text\/javascript\">\n\t\t\t\t\tsetREVStartSize({c: 'rev_slider_2_1',rl:[1240,1024,778,480],el:[1200],gw:[1240],gh:[1200],type:'standard',justify:'',layout:'fullwidth',mh:\"0\"});if (window.RS_MODULES!==undefined && window.RS_MODULES.modules!==undefined && window.RS_MODULES.modules[\"revslider21\"]!==undefined) {window.RS_MODULES.modules[\"revslider21\"].once = false;window.revapi2 = undefined;if (window.RS_MODULES.checkMinimal!==undefined) window.RS_MODULES.checkMinimal()}\n\t\t\t\t<\/script>\n\t\t\t<\/rs-module-wrap>\n\t\t\t<!-- END REVOLUTION SLIDER -->\n\n\n","protected":false},"excerpt":{"rendered":"<p>Passive and active traffic signs and signals are installed ahead of and at the intersection of the road with the railway. They warn pedestrians and vehicle drivers on the presence of railroad tracks ahead and the possibility of train coming. These signs and signals also give a safety message and recall the citizens on the &hellip;<\/p>\n<p class=\"read-more\"> <a class=\"\" href=\"https:\/\/treni.al\/?page_id=3271&#038;lang=en\"> <span class=\"screen-reader-text\">Signaling<\/span> Read More \u00bb<\/a><\/p>\n","protected":false},"author":1,"featured_media":0,"parent":0,"menu_order":0,"comment_status":"closed","ping_status":"closed","template":"","meta":{"footnotes":""},"class_list":["post-3271","page","type-page","status-publish","hentry"],"_links":{"self":[{"href":"https:\/\/treni.al\/index.php?rest_route=\/wp\/v2\/pages\/3271","targetHints":{"allow":["GET"]}}],"collection":[{"href":"https:\/\/treni.al\/index.php?rest_route=\/wp\/v2\/pages"}],"about":[{"href":"https:\/\/treni.al\/index.php?rest_route=\/wp\/v2\/types\/page"}],"author":[{"embeddable":true,"href":"https:\/\/treni.al\/index.php?rest_route=\/wp\/v2\/users\/1"}],"replies":[{"embeddable":true,"href":"https:\/\/treni.al\/index.php?rest_route=%2Fwp%2Fv2%2Fcomments&post=3271"}],"version-history":[{"count":3,"href":"https:\/\/treni.al\/index.php?rest_route=\/wp\/v2\/pages\/3271\/revisions"}],"predecessor-version":[{"id":3370,"href":"https:\/\/treni.al\/index.php?rest_route=\/wp\/v2\/pages\/3271\/revisions\/3370"}],"wp:attachment":[{"href":"https:\/\/treni.al\/index.php?rest_route=%2Fwp%2Fv2%2Fmedia&parent=3271"}],"curies":[{"name":"wp","href":"https:\/\/api.w.org\/{rel}","templated":true}]}}