{"id":3264,"date":"2021-11-04T08:29:18","date_gmt":"2021-11-04T08:29:18","guid":{"rendered":"https:\/\/trenipovjen.al\/?page_id=3264"},"modified":"2021-11-04T08:30:28","modified_gmt":"2021-11-04T08:30:28","slug":"brochure","status":"publish","type":"page","link":"https:\/\/treni.al\/?page_id=3264&lang=en","title":{"rendered":"BROCHURE"},"content":{"rendered":"\n\n\t\t\t\t<img loading=\"lazy\" decoding=\"async\" src=\"https:\/\/trenipovjen.al\/wp-content\/uploads\/2021\/10\/foto-publikimet_1.jpg\" alt=\"foto publikimet_1\" itemprop=\"image\" height=\"550\" width=\"1320\" title=\"foto publikimet_1\" onerror=\"this.style.display='none'\"  \/>\n\t\t\t\t<img loading=\"lazy\" decoding=\"async\" src=\"https:\/\/trenipovjen.al\/wp-content\/uploads\/2021\/11\/mobifoto-publikimet.jpg\" alt=\"mobifoto publikimet\" itemprop=\"image\" height=\"550\" width=\"1000\" title=\"mobifoto publikimet\" onerror=\"this.style.display='none'\"  \/>\n\t<strong>This online platform aims to inform various social groups and interested stakeholders about the advantages of the railway transport a compared to other forms of transport. Such information directly contributes to the awareness raising of affected stakeholders particularly and general public at large on the safe use and sustainable benefits of this form of transport (both for passengers and freight). This online platform makes available for interested parties a set of information materials developed by HBMC specifically for stakeholders in order to inform them and raise their awareness.<br \/>\n<\/strong>\n\t\t\t\t<img decoding=\"async\" src=\"https:\/\/trenipovjen.al\/wp-content\/uploads\/2021\/08\/black_red_logotrenipovjen.png\" alt=\"black_red_logotrenipovjen\" title=\"black_red_logotrenipovjen\" itemprop=\"image\"\/>\n\t\t<h3>BROSHUR\u00cb INFORMUESE <\/h3>\t\t\t\n\t\t\t\t<img loading=\"lazy\" decoding=\"async\" src=\"https:\/\/trenipovjen.al\/wp-content\/uploads\/2021\/08\/thumb.jpg\" alt=\"thumb\" itemprop=\"image\" height=\"300\" width=\"212\" title=\"thumb\" onerror=\"this.style.display='none'\"  \/>\n\t\t\t\t<img decoding=\"async\" src=\"https:\/\/trenipovjen.al\/wp-content\/uploads\/2021\/08\/black_red_logotrenipovjen.png\" alt=\"black_red_logotrenipovjen\" title=\"black_red_logotrenipovjen\" itemprop=\"image\"\/>\n\t\t<h5>BROSHUR\u00cb INFORMUESE P\u00cbR SIGURIN\u00cb DHE P\u00cbRFITIMET E TRANSPORTIT HEKURUDHOR<\/h5>\t\t\t\n\t<p>Ky dokument \u00ebsht\u00eb nj\u00eb produkt specifik informacioni dhe komunikimi q\u00eb do t\u00eb p\u00ebrdoret gjat\u00eb seancave informuese me m\u00ebsuesit e shkollave, stafin e bashkive (p\u00ebrfshir\u00eb pleqt\u00eb dhe drejtuesit e komunitetit) dhe menaxher\u00ebt e biznesit. Dokumenti detajon n\u00ebp\u00ebrmjet tekstit, tabelave dhe grafik\u00ebve t\u00eb gjitha aspektet n\u00eb lidhje me p\u00ebrdorimin e sigurt dhe p\u00ebrfitimet e q\u00ebndrueshme t\u00eb transportit hekurudhor. Dokumenti synon t\u00eb ndihmoj\u00eb n\u00eb ndryshimin e sjelljes s\u00eb njer\u00ebzve n\u00eb lidhje me hekurudhat dhe t&#8217;i b\u00ebj\u00eb ata t\u00eb mendojn\u00eb dhe t\u00eb veprojn\u00eb me kujdes.<\/p>\n\t\t\t<a href=\"https:\/\/trenipovjen.al\/wp-content\/uploads\/2021\/08\/1-Brochure.pdf\" target=\"_self\" role=\"button\" aria-label=\"LEXO DOKUMENTIN\" rel=\"noopener\">\n\t\t\t\t\t\t\tLEXO DOKUMENTIN\n\t\t<\/a>\n\t\t\t<a href=\"https:\/\/trenipovjen.al\/wp-content\/uploads\/2021\/08\/1-Brochure.pdf\" target=\"_self\" role=\"button\" aria-label=\"SHKARKO DOKUMENTIN\" download=\"\" rel=\"noopener\">\n\t\t\t\t\t\t\tSHKARKO DOKUMENTIN\n\t\t<\/a>\n\n","protected":false},"excerpt":{"rendered":"<p>This online platform aims to inform various social groups and interested stakeholders about the advantages of the railway transport a compared to other forms of transport. Such information directly contributes to the awareness raising of affected stakeholders particularly and general public at large on the safe use and sustainable benefits of this form of transport &hellip;<\/p>\n<p class=\"read-more\"> <a class=\"\" href=\"https:\/\/treni.al\/?page_id=3264&#038;lang=en\"> <span class=\"screen-reader-text\">BROCHURE<\/span> Read More \u00bb<\/a><\/p>\n","protected":false},"author":1,"featured_media":0,"parent":0,"menu_order":0,"comment_status":"closed","ping_status":"closed","template":"","meta":{"footnotes":""},"class_list":["post-3264","page","type-page","status-publish","hentry"],"_links":{"self":[{"href":"https:\/\/treni.al\/index.php?rest_route=\/wp\/v2\/pages\/3264","targetHints":{"allow":["GET"]}}],"collection":[{"href":"https:\/\/treni.al\/index.php?rest_route=\/wp\/v2\/pages"}],"about":[{"href":"https:\/\/treni.al\/index.php?rest_route=\/wp\/v2\/types\/page"}],"author":[{"embeddable":true,"href":"https:\/\/treni.al\/index.php?rest_route=\/wp\/v2\/users\/1"}],"replies":[{"embeddable":true,"href":"https:\/\/treni.al\/index.php?rest_route=%2Fwp%2Fv2%2Fcomments&post=3264"}],"version-history":[{"count":2,"href":"https:\/\/treni.al\/index.php?rest_route=\/wp\/v2\/pages\/3264\/revisions"}],"predecessor-version":[{"id":3308,"href":"https:\/\/treni.al\/index.php?rest_route=\/wp\/v2\/pages\/3264\/revisions\/3308"}],"wp:attachment":[{"href":"https:\/\/treni.al\/index.php?rest_route=%2Fwp%2Fv2%2Fmedia&parent=3264"}],"curies":[{"name":"wp","href":"https:\/\/api.w.org\/{rel}","templated":true}]}}