{"id":2991,"date":"2021-10-28T09:49:20","date_gmt":"2021-10-28T09:49:20","guid":{"rendered":"https:\/\/trenipovjen.al\/?page_id=2991"},"modified":"2025-03-04T10:38:27","modified_gmt":"2025-03-04T10:38:27","slug":"publikime-2","status":"publish","type":"page","link":"https:\/\/treni.al\/?page_id=2991","title":{"rendered":"Material Didaktik"},"content":{"rendered":"\n\n\t\t\t\t<img decoding=\"async\" src=\"https:\/\/trenipovjen.al\/wp-content\/uploads\/2021\/10\/foto-publikimet_1.jpg\" alt=\"foto publikimet_1\" itemprop=\"image\" title=\"foto publikimet_1\" onerror=\"this.style.display='none'\"  \/>\n\t\t\t\t<img decoding=\"async\" src=\"https:\/\/trenipovjen.al\/wp-content\/uploads\/2021\/11\/mobifoto-publikimet.jpg\" alt=\"mobifoto publikimet\" itemprop=\"image\" title=\"mobifoto publikimet\" onerror=\"this.style.display='none'\"  \/>\n\t<strong>Objektivi yn\u00eb primar \u00ebsht\u00eb informimi i grupeve t\u00eb ndryshme shoq\u00ebrore p\u00ebr avantazhet e hekurudh\u00ebs n\u00eb raport me format tjera t\u00eb transportit. Informim i cili drejtp\u00ebrdrejt ndikon n\u00eb rritjen e nd\u00ebrgjegj\u00ebsimit p\u00ebr p\u00ebrdorimin e sigurt\u00eb dhe t\u00eb q\u00ebndruesh\u00ebm t\u00eb k\u00ebsaj forme t\u00eb transportit t\u00eb njer\u00ebzve dhe mallrave. Kjo platform\u00eb onlin\u00eb ka t\u00eb pasqyruara nj\u00eb set materialesh informuese t\u00eb zhvilluara nga HBMC specifikisht p\u00ebr pal\u00ebt e interesuara me q\u00ebllim informimin dhe nd\u00ebrgjegj\u00ebsimin e tyre.<br \/>\n<\/strong>\n\t\t\t\t<img decoding=\"async\" src=\"https:\/\/trenipovjen.al\/wp-content\/uploads\/2021\/08\/black_red_logotrenipovjen.png\" alt=\"black_red_logotrenipovjen\" title=\"black_red_logotrenipovjen\" itemprop=\"image\"\/>\n\t\t<h3>MATERIAL DIDAKTIK<\/h3>\t\t\t\n\t\t\t\t<img decoding=\"async\" src=\"https:\/\/trenipovjen.al\/wp-content\/uploads\/2022\/10\/materialDidaktik.jpg\" alt=\"materialDidaktik\" itemprop=\"image\" title=\"materialDidaktik\" onerror=\"this.style.display='none'\"  \/>\n\t\t\t\t<img decoding=\"async\" src=\"https:\/\/treni.al\/wp-content\/uploads\/2021\/08\/black_red_logotrenipovjen.png\" alt=\"black_red_logotrenipovjen\" title=\"black_red_logotrenipovjen\" itemprop=\"image\"\/>\n\t\t<h5><a href=\"https:\/\/treni.al\/wp-content\/uploads\/2022\/10\/materialdidaktik-1.pdf\">MATERIAL DIDAKTIK PER CIKLIN E MESEM MBI P\u00cbRFITIMET DHE P\u00cbRDORIMIN E SIGURT T\u00cb TRANSPORTIT HEKURUDHOR<\/a><\/h5>\t\t\t\n\t<p>Ky material ofron informacion baz\u00eb mbi p\u00ebrfitimet dhe p\u00ebrdorimin e sigurt t\u00eb transportit hekurudhor dhe synon t&#8217;u vij\u00eb n\u00eb ndihm\u00eb m\u00ebsuesve n\u00eb or\u00ebt extrakurrikulare q\u00eb zhvillojn\u00eb me nx\u00ebn\u00ebsit e arsimit para-universitar p\u00ebr t\u00eb zgjeruar njohurit\u00eb e k\u00ebtyre nx\u00ebn\u00ebsve mbi p\u00ebrfitimet dhe praktikat e sigurta t\u00eb p\u00ebrdorimit t\u00eb transportit hekurudhor.<\/p>\n\t\t\t<a href=\"https:\/\/treni.al\/wp-content\/uploads\/2022\/10\/keshillapraktike.pdf\" target=\"_self\"   role=\"button\" aria-label=\"LEXO DOKUMENTIN\">\n\t\t\t\t\t\t\tLEXO DOKUMENTIN\n\t\t<\/a>\n\t\t\t<a href=\"https:\/\/treni.al\/wp-content\/uploads\/2022\/10\/keshillapraktike.pdf\" target=\"_self\" role=\"button\" aria-label=\"SHKARKO DOKUMENTIN\" download=\"\">\n\t\t\t\t\t\t\tSHKARKO DOKUMENTIN\n\t\t<\/a>\n\t\t\t\t<img decoding=\"async\" src=\"https:\/\/trenipovjen.al\/wp-content\/uploads\/2022\/10\/keshilla-praktike.jpg\" alt=\"keshilla praktike\" itemprop=\"image\" title=\"keshilla praktike\" onerror=\"this.style.display='none'\"  \/>\n\t\t\t\t<img decoding=\"async\" src=\"https:\/\/treni.al\/wp-content\/uploads\/2021\/08\/black_red_logotrenipovjen.png\" alt=\"black_red_logotrenipovjen\" title=\"black_red_logotrenipovjen\" itemprop=\"image\"\/>\n\t\t<h5><a href=\"https:\/\/treni.al\/wp-content\/uploads\/2022\/10\/keshillapraktike.pdf\">K\u00cbSHILLA PRAKTIKE &#8211; TRENI DHE SHINAT<\/a><\/h5>\t\t\t\n\t<p>Ky material ofron njohuri baz\u00eb p\u00ebr nx\u00ebn\u00ebsit e ciklit t\u00eb ul\u00ebt mbi trenin dhe shinat e trenit dhe ofron disa k\u00ebshilla praktike (t\u00eb prezantuara me animacione). Ky material synon t&#8217;u vij\u00eb n\u00eb ndihm\u00eb m\u00ebsuesve n\u00eb or\u00ebt extrakurrikulare q\u00eb zhvillojn\u00eb me nx\u00ebn\u00ebsit e ciklit t\u00eb ul\u00ebt p\u00ebr t\u00eb zgjeruar njohurit\u00eb e k\u00ebtyre nx\u00ebn\u00ebsve sa her\u00eb q\u00eb nd\u00ebrveprojn\u00eb me infrastruktur\u00ebn hekurudhore.<\/p>\n\t\t\t<a href=\"https:\/\/treni.al\/wp-content\/uploads\/2022\/10\/keshillapraktike.pdf\" target=\"_self\"   role=\"button\" aria-label=\"LEXO DOKUMENTIN\">\n\t\t\t\t\t\t\tLEXO DOKUMENTIN\n\t\t<\/a>\n\t\t\t<a href=\"https:\/\/treni.al\/wp-content\/uploads\/2022\/10\/keshillapraktike.pdf\" target=\"_self\" role=\"button\" aria-label=\"SHKARKO DOKUMENTIN\" download=\"\">\n\t\t\t\t\t\t\tSHKARKO DOKUMENTIN\n\t\t<\/a>\n\n","protected":false},"excerpt":{"rendered":"<p>Objektivi yn\u00eb primar \u00ebsht\u00eb informimi i grupeve t\u00eb ndryshme shoq\u00ebrore p\u00ebr avantazhet e hekurudh\u00ebs n\u00eb raport me format tjera t\u00eb transportit. Informim i cili drejtp\u00ebrdrejt ndikon n\u00eb rritjen e nd\u00ebrgjegj\u00ebsimit p\u00ebr p\u00ebrdorimin e sigurt\u00eb dhe t\u00eb q\u00ebndruesh\u00ebm t\u00eb k\u00ebsaj forme t\u00eb transportit t\u00eb njer\u00ebzve dhe mallrave. Kjo platform\u00eb onlin\u00eb ka t\u00eb pasqyruara nj\u00eb set materialesh &hellip;<\/p>\n<p class=\"read-more\"> <a class=\"\" href=\"https:\/\/treni.al\/?page_id=2991\"> <span class=\"screen-reader-text\">Material Didaktik<\/span> Read More \u00bb<\/a><\/p>\n","protected":false},"author":1,"featured_media":0,"parent":0,"menu_order":0,"comment_status":"closed","ping_status":"closed","template":"","meta":{"footnotes":""},"class_list":["post-2991","page","type-page","status-publish","hentry"],"_links":{"self":[{"href":"https:\/\/treni.al\/index.php?rest_route=\/wp\/v2\/pages\/2991","targetHints":{"allow":["GET"]}}],"collection":[{"href":"https:\/\/treni.al\/index.php?rest_route=\/wp\/v2\/pages"}],"about":[{"href":"https:\/\/treni.al\/index.php?rest_route=\/wp\/v2\/types\/page"}],"author":[{"embeddable":true,"href":"https:\/\/treni.al\/index.php?rest_route=\/wp\/v2\/users\/1"}],"replies":[{"embeddable":true,"href":"https:\/\/treni.al\/index.php?rest_route=%2Fwp%2Fv2%2Fcomments&post=2991"}],"version-history":[{"count":14,"href":"https:\/\/treni.al\/index.php?rest_route=\/wp\/v2\/pages\/2991\/revisions"}],"predecessor-version":[{"id":3974,"href":"https:\/\/treni.al\/index.php?rest_route=\/wp\/v2\/pages\/2991\/revisions\/3974"}],"wp:attachment":[{"href":"https:\/\/treni.al\/index.php?rest_route=%2Fwp%2Fv2%2Fmedia&parent=2991"}],"curies":[{"name":"wp","href":"https:\/\/api.w.org\/{rel}","templated":true}]}}