{"id":2701,"date":"2021-10-25T12:59:39","date_gmt":"2021-10-25T12:59:39","guid":{"rendered":"https:\/\/trenipovjen.al\/?page_id=2701"},"modified":"2023-03-16T15:09:40","modified_gmt":"2023-03-16T15:09:40","slug":"rrjete-sociale","status":"publish","type":"page","link":"https:\/\/treni.al\/?page_id=2701","title":{"rendered":"Rrjete Sociale"},"content":{"rendered":"\r\n<p><img loading=\"lazy\" decoding=\"async\" title=\"media\" src=\"https:\/\/trenipovjen.al\/wp-content\/uploads\/2021\/10\/media-1.png\" alt=\"media\" width=\"1320\" height=\"550\" \/> <img loading=\"lazy\" decoding=\"async\" title=\"mobifoto kontakt\" src=\"https:\/\/trenipovjen.al\/wp-content\/uploads\/2021\/11\/mobifoto-kontakt.jpg\" alt=\"mobifoto kontakt\" width=\"1000\" height=\"550\" \/><\/p>\r\n<p><strong>Platforma online &#8220;Trenipovjen.al&#8221; dhe nd\u00ebrlidhjet e saj me rrjetet sociale ofrojn\u00eb nj\u00eb alternativ\u00eb t\u00eb integruar komunikimi e informimi. Informacionet t\u00eb cilat pasqyrohen n\u00eb platform\u00ebn online shp\u00ebrndahen edhe p\u00ebrmes rrjeteve sociale me synimin p\u00ebr t\u00eb arritur me leht\u00ebsi shikueshm\u00ebrin\u00eb maksimale nga p\u00ebrdoruesit e internetit dhe pal\u00ebt e interesuara.<\/strong><\/p>\r\n<p><img decoding=\"async\" title=\"black_red_logotrenipovjen\" src=\"https:\/\/trenipovjen.al\/wp-content\/uploads\/2021\/08\/black_red_logotrenipovjen.png\" alt=\"black_red_logotrenipovjen\" \/><\/p>\r\n<h3>RRJETE SOCIALE<\/h3>\r\n<div style=\"width: 640px;\" class=\"wp-video\"><video class=\"wp-video-shortcode\" id=\"video-2701-1\" width=\"640\" height=\"360\" preload=\"metadata\" controls=\"controls\"><source type=\"video\/mp4\" src=\"https:\/\/trenipovjen.al\/wp-content\/uploads\/2022\/10\/Po-vjen-ok-2022-1.mp4?_=1\" \/><a href=\"https:\/\/trenipovjen.al\/wp-content\/uploads\/2022\/10\/Po-vjen-ok-2022-1.mp4\">https:\/\/trenipovjen.al\/wp-content\/uploads\/2022\/10\/Po-vjen-ok-2022-1.mp4<\/a><\/video><\/div>\r\n<p><iframe loading=\"lazy\" title=\"THE FUTURE IS RAIL\" src=\"https:\/\/www.youtube.com\/embed\/moFd640_VdI?start=12&amp;feature=oembed\" width=\"500\" height=\"281\" frameborder=\"0\" allowfullscreen=\"allowfullscreen\"><\/iframe><\/p>\r\n","protected":false},"excerpt":{"rendered":"<p>Platforma online &#8220;Trenipovjen.al&#8221; dhe nd\u00ebrlidhjet e saj me rrjetet sociale ofrojn\u00eb nj\u00eb alternativ\u00eb t\u00eb integruar komunikimi e informimi. Informacionet t\u00eb cilat pasqyrohen n\u00eb platform\u00ebn online shp\u00ebrndahen edhe p\u00ebrmes rrjeteve sociale me synimin p\u00ebr t\u00eb arritur me leht\u00ebsi shikueshm\u00ebrin\u00eb maksimale nga p\u00ebrdoruesit e internetit dhe pal\u00ebt e interesuara. RRJETE SOCIALE<\/p>\n","protected":false},"author":1,"featured_media":0,"parent":0,"menu_order":0,"comment_status":"closed","ping_status":"closed","template":"","meta":{"footnotes":""},"class_list":["post-2701","page","type-page","status-publish","hentry"],"_links":{"self":[{"href":"https:\/\/treni.al\/index.php?rest_route=\/wp\/v2\/pages\/2701","targetHints":{"allow":["GET"]}}],"collection":[{"href":"https:\/\/treni.al\/index.php?rest_route=\/wp\/v2\/pages"}],"about":[{"href":"https:\/\/treni.al\/index.php?rest_route=\/wp\/v2\/types\/page"}],"author":[{"embeddable":true,"href":"https:\/\/treni.al\/index.php?rest_route=\/wp\/v2\/users\/1"}],"replies":[{"embeddable":true,"href":"https:\/\/treni.al\/index.php?rest_route=%2Fwp%2Fv2%2Fcomments&post=2701"}],"version-history":[{"count":13,"href":"https:\/\/treni.al\/index.php?rest_route=\/wp\/v2\/pages\/2701\/revisions"}],"predecessor-version":[{"id":3936,"href":"https:\/\/treni.al\/index.php?rest_route=\/wp\/v2\/pages\/2701\/revisions\/3936"}],"wp:attachment":[{"href":"https:\/\/treni.al\/index.php?rest_route=%2Fwp%2Fv2%2Fmedia&parent=2701"}],"curies":[{"name":"wp","href":"https:\/\/api.w.org\/{rel}","templated":true}]}}