{"id":2329,"date":"2021-10-04T09:13:07","date_gmt":"2021-10-04T09:13:07","guid":{"rendered":"https:\/\/trenipovjen.al\/?page_id=2329"},"modified":"2025-03-04T10:17:35","modified_gmt":"2025-03-04T10:17:35","slug":"rehabilitimi-i-linjes-hekurudhore-tirane-durres-dhe-ndertimi-i-nje-lidhje-hekurudhore-me-aeroportin-e-rinasit-4","status":"publish","type":"page","link":"https:\/\/treni.al\/?page_id=2329","title":{"rendered":"Rehabilitimi i linj\u00ebs hekurudhore Vor\u00eb \u2013 Shkod\u00ebr \u2013Hani i Hotit"},"content":{"rendered":"\r\n<p><img loading=\"lazy\" decoding=\"async\" title=\"foto projektet_1\" src=\"https:\/\/trenipovjen.al\/wp-content\/uploads\/2021\/10\/foto-projektet_1.jpg\" alt=\"foto projektet_1\" width=\"1320\" height=\"550\" \/> <img loading=\"lazy\" decoding=\"async\" title=\"mobifoto projektet (1)\" src=\"https:\/\/trenipovjen.al\/wp-content\/uploads\/2021\/11\/mobifoto-projektet-1.jpg\" alt=\"mobifoto projektet (1)\" width=\"1000\" height=\"550\" \/> <em><strong>Rehabilitimi i linj\u00ebs hekurudhore Vor\u00eb &#8211; Shkod\u00ebr -Hani i Hotit<br \/><\/strong><\/em><\/p>\r\n<p>Projekti i zbatimit p\u00ebr rehabilitimin e linj\u00ebs hekurudhore Vor\u00eb &#8211; Shkod\u00ebr -Hani i Hotit (kufi me Malin e Zi), po p\u00ebrgatitet n\u00eb kuad\u00ebr t\u00eb investimeve t\u00eb Ballkanit Per\u00ebndimor (WBIF) me BERZH (institucionin kryesues financiar) n\u00eb fush\u00ebn e investimeve hekurudhore.<\/p>\r\n<p>Projekti parashikon rehabilitimin e linj\u00ebs hekurudhore me nj\u00eb gjat\u00ebsi prej 120 km dhe rehabilitimin e 12 stacioneve hekurudhore p\u00ebr pasagjer\u00eb dhe mallra.<\/p>\r\n<p>Projekti \u00ebsht\u00eb n\u00eb nj\u00eb faz\u00eb finale t\u00eb p\u00ebrgatitjes.\u00a0Granti prej 4.5 milion Euro i miratuar n\u00eb Dhjetor 2016, financon p\u00ebrgatitjen e projektit t\u00eb detajuar dhe dokumenteve t\u00eb tenderit p\u00ebr punimet e rehabilitimit.<\/p>\r\n<p>Gjithashtu ky projekt p\u00ebrve\u00e7se rehabiliton linj\u00ebn e amortizuar nga Vora n\u00eb Shkod\u00ebr, mund\u00ebson dhe standartizimin e hekurudh\u00ebs son\u00eb me Malin e Zi si dhe fokusohet n\u00eb krijimin e nd\u00ebrlidhjeve hekurudhore efikase midis vendeve t\u00eb Ballkanit Per\u00ebndimor dhe BE-s\u00eb.<\/p>\r\n<p><img decoding=\"async\" title=\"black_red_logotrenipovjen\" src=\"https:\/\/trenipovjen.al\/wp-content\/uploads\/2021\/08\/black_red_logotrenipovjen.png\" alt=\"black_red_logotrenipovjen\" \/><\/p>\r\n<h3>Vler\u00ebsimi i Ndikimit n\u00eb Mjedis &#8211; P\u00ebrmbledhje Jo-Teknike<\/h3>\r\n<p><a role=\"button\" href=\"https:\/\/trenipovjen.al\/wp-content\/uploads\/2021\/10\/WB16-ALB-TRA-01_Permbledhje-Jo-Teknike-e-VNM.pdf\" target=\"_self\" rel=\"noopener\" aria-label=\"LEXO DOKUMENTIN\"> LEXO DOKUMENTIN <\/a> <a role=\"button\" href=\"https:\/\/trenipovjen.al\/wp-content\/uploads\/2021\/10\/WB16-ALB-TRA-01_Permbledhje-Jo-Teknike-e-VNM.pdf\" target=\"_self\" rel=\"noopener\" download=\"\" aria-label=\"SHKARKO DOKUMENTIN\"> SHKARKO DOKUMENTIN <\/a><\/p>\r\n<div class=\"_3d-flip-book  fb3d-fullscreen-mode full-size\" data-id=\"2336\" data-mode=\"fullscreen\" data-title=\"false\" data-template=\"short-white-book-view\" data-lightbox=\"dark\" data-urlparam=\"fb3d-page\" data-page-n=\"0\" data-pdf=\"\" data-tax=\"null\" data-thumbnail=\"\" data-cols=\"3\" data-query=\"\"><\/div>\r\n","protected":false},"excerpt":{"rendered":"<p>Rehabilitimi i linj\u00ebs hekurudhore Vor\u00eb &#8211; Shkod\u00ebr -Hani i Hotit Projekti i zbatimit p\u00ebr rehabilitimin e linj\u00ebs hekurudhore Vor\u00eb &#8211; Shkod\u00ebr -Hani i Hotit (kufi me Malin e Zi), po p\u00ebrgatitet n\u00eb kuad\u00ebr t\u00eb investimeve t\u00eb Ballkanit Per\u00ebndimor (WBIF) me BERZH (institucionin kryesues financiar) n\u00eb fush\u00ebn e investimeve hekurudhore. Projekti parashikon rehabilitimin e linj\u00ebs hekurudhore &hellip;<\/p>\n<p class=\"read-more\"> <a class=\"\" href=\"https:\/\/treni.al\/?page_id=2329\"> <span class=\"screen-reader-text\">Rehabilitimi i linj\u00ebs hekurudhore Vor\u00eb \u2013 Shkod\u00ebr \u2013Hani i Hotit<\/span> Read More \u00bb<\/a><\/p>\n","protected":false},"author":1,"featured_media":0,"parent":0,"menu_order":0,"comment_status":"closed","ping_status":"closed","template":"","meta":{"footnotes":""},"class_list":["post-2329","page","type-page","status-publish","hentry"],"_links":{"self":[{"href":"https:\/\/treni.al\/index.php?rest_route=\/wp\/v2\/pages\/2329","targetHints":{"allow":["GET"]}}],"collection":[{"href":"https:\/\/treni.al\/index.php?rest_route=\/wp\/v2\/pages"}],"about":[{"href":"https:\/\/treni.al\/index.php?rest_route=\/wp\/v2\/types\/page"}],"author":[{"embeddable":true,"href":"https:\/\/treni.al\/index.php?rest_route=\/wp\/v2\/users\/1"}],"replies":[{"embeddable":true,"href":"https:\/\/treni.al\/index.php?rest_route=%2Fwp%2Fv2%2Fcomments&post=2329"}],"version-history":[{"count":19,"href":"https:\/\/treni.al\/index.php?rest_route=\/wp\/v2\/pages\/2329\/revisions"}],"predecessor-version":[{"id":3965,"href":"https:\/\/treni.al\/index.php?rest_route=\/wp\/v2\/pages\/2329\/revisions\/3965"}],"wp:attachment":[{"href":"https:\/\/treni.al\/index.php?rest_route=%2Fwp%2Fv2%2Fmedia&parent=2329"}],"curies":[{"name":"wp","href":"https:\/\/api.w.org\/{rel}","templated":true}]}}