{"id":2326,"date":"2021-10-04T09:00:56","date_gmt":"2021-10-04T09:00:56","guid":{"rendered":"https:\/\/trenipovjen.al\/?page_id=2326"},"modified":"2021-11-01T11:54:12","modified_gmt":"2021-11-01T11:54:12","slug":"rehabilitimi-i-linjes-hekurudhore-tirane-durres-dhe-ndertimi-i-nje-lidhje-hekurudhore-me-aeroportin-e-rinasit-3","status":"publish","type":"page","link":"https:\/\/treni.al\/?page_id=2326","title":{"rendered":"Rehabilitimi i linj\u00ebs hekurudhore Durr\u00ebs \u2013 Pogradec \u2013 Lin dhe nd\u00ebrtimi i linj\u00ebs s\u00eb re Lin \u2013 kufiri me Maqedonin\u00eb e Veriut"},"content":{"rendered":"\n\n\t\t\t\t<img loading=\"lazy\" decoding=\"async\" src=\"https:\/\/trenipovjen.al\/wp-content\/uploads\/2021\/10\/foto-projektet_1.jpg\" alt=\"foto projektet_1\" itemprop=\"image\" height=\"550\" width=\"1320\" title=\"foto projektet_1\" onerror=\"this.style.display='none'\"  \/>\n\t\t\t\t<img loading=\"lazy\" decoding=\"async\" src=\"https:\/\/trenipovjen.al\/wp-content\/uploads\/2021\/11\/mobifoto-projektet-1.jpg\" alt=\"mobifoto projektet (1)\" itemprop=\"image\" height=\"550\" width=\"1000\" title=\"mobifoto projektet (1)\" onerror=\"this.style.display='none'\"  \/>\n\t<em><strong>Rehabilitimi i linj\u00ebs hekurudhore Durr\u00ebs &#8211; Pogradec &#8211; Lin dhe nd\u00ebrtimi i linj\u00ebs s\u00eb re Lin &#8211; kufiri me Maqedonin\u00eb e Veriut<br \/>\n<\/strong><\/em>\n\t<p>P\u00ebrgatitja e studimit t\u00eb fizibilitetit p\u00ebr rehabilitimin e linj\u00ebs hekurudhore Durr\u00ebs &#8211; Pogradec &#8211; Lin dhe nd\u00ebrtimi i linj\u00ebs s\u00eb re Lin &#8211; kufiri me Maqedonin\u00eb e Veriut (Korridori i VIII-t\u00eb hekurudhor) ka\u00a0p\u00ebr q\u00ebllim rehabilitimin e trungut hekurudhor Durr\u00ebs &#8211; Pogradec &#8211; Lin (136 km) si dhe nd\u00ebrtimi i 2.8 km linj\u00eb t\u00eb re hekurudhore midis fshatit Lin dhe Maqedonis\u00eb s\u00eb Veriut.<\/p>\n<p>Ky investim do t\u00eb p\u00ebrmir\u00ebsoj\u00eb lidhjet multimodale me Italin\u00eb, p\u00ebrmes Portit t\u00eb Durr\u00ebsit (Shqip\u00ebri), si dhe me Maqedonin\u00eb e Veriut dhe Bullgarin\u00eb.<\/p>\n<p>Studimi \u00ebsht\u00eb duke u p\u00ebrgatitur nga Struktura e Projektit t\u00eb Infrastruktur\u00ebs (IPF 4), p\u00ebrmes nj\u00eb granti prej 720,000 euro t\u00eb BE-s\u00eb t\u00eb alokuar nga WBIF, n\u00eb qershor 2015.<\/p>\n\n","protected":false},"excerpt":{"rendered":"<p>Rehabilitimi i linj\u00ebs hekurudhore Durr\u00ebs &#8211; Pogradec &#8211; Lin dhe nd\u00ebrtimi i linj\u00ebs s\u00eb re Lin &#8211; kufiri me Maqedonin\u00eb e Veriut P\u00ebrgatitja e studimit t\u00eb fizibilitetit p\u00ebr rehabilitimin e linj\u00ebs hekurudhore Durr\u00ebs &#8211; Pogradec &#8211; Lin dhe nd\u00ebrtimi i linj\u00ebs s\u00eb re Lin &#8211; kufiri me Maqedonin\u00eb e Veriut (Korridori i VIII-t\u00eb hekurudhor) ka\u00a0p\u00ebr &hellip;<\/p>\n<p class=\"read-more\"> <a class=\"\" href=\"https:\/\/treni.al\/?page_id=2326\"> <span class=\"screen-reader-text\">Rehabilitimi i linj\u00ebs hekurudhore Durr\u00ebs \u2013 Pogradec \u2013 Lin dhe nd\u00ebrtimi i linj\u00ebs s\u00eb re Lin \u2013 kufiri me Maqedonin\u00eb e Veriut<\/span> Read More \u00bb<\/a><\/p>\n","protected":false},"author":1,"featured_media":0,"parent":1091,"menu_order":0,"comment_status":"closed","ping_status":"closed","template":"","meta":{"footnotes":""},"class_list":["post-2326","page","type-page","status-publish","hentry"],"_links":{"self":[{"href":"https:\/\/treni.al\/index.php?rest_route=\/wp\/v2\/pages\/2326","targetHints":{"allow":["GET"]}}],"collection":[{"href":"https:\/\/treni.al\/index.php?rest_route=\/wp\/v2\/pages"}],"about":[{"href":"https:\/\/treni.al\/index.php?rest_route=\/wp\/v2\/types\/page"}],"author":[{"embeddable":true,"href":"https:\/\/treni.al\/index.php?rest_route=\/wp\/v2\/users\/1"}],"replies":[{"embeddable":true,"href":"https:\/\/treni.al\/index.php?rest_route=%2Fwp%2Fv2%2Fcomments&post=2326"}],"version-history":[{"count":11,"href":"https:\/\/treni.al\/index.php?rest_route=\/wp\/v2\/pages\/2326\/revisions"}],"predecessor-version":[{"id":3133,"href":"https:\/\/treni.al\/index.php?rest_route=\/wp\/v2\/pages\/2326\/revisions\/3133"}],"up":[{"embeddable":true,"href":"https:\/\/treni.al\/index.php?rest_route=\/wp\/v2\/pages\/1091"}],"wp:attachment":[{"href":"https:\/\/treni.al\/index.php?rest_route=%2Fwp%2Fv2%2Fmedia&parent=2326"}],"curies":[{"name":"wp","href":"https:\/\/api.w.org\/{rel}","templated":true}]}}