{"id":2322,"date":"2021-10-04T08:58:59","date_gmt":"2021-10-04T08:58:59","guid":{"rendered":"https:\/\/trenipovjen.al\/?page_id=2322"},"modified":"2022-02-02T14:07:28","modified_gmt":"2022-02-02T14:07:28","slug":"rehabilitimi-i-linjes-hekurudhore-tirane-durres-dhe-ndertimi-i-nje-lidhje-hekurudhore-me-aeroportin-e-rinasit-2","status":"publish","type":"page","link":"https:\/\/treni.al\/?page_id=2322","title":{"rendered":"Rehabilitimi i linj\u00ebs hekurudhore Durr\u00ebs \u2013 Rrogozhin\u00eb"},"content":{"rendered":"\n\n\t\t\t\t<img loading=\"lazy\" decoding=\"async\" src=\"https:\/\/trenipovjen.al\/wp-content\/uploads\/2021\/10\/foto-projektet_1.jpg\" alt=\"foto projektet_1\" itemprop=\"image\" height=\"550\" width=\"1320\" title=\"foto projektet_1\" onerror=\"this.style.display='none'\"  \/>\n\t\t\t\t<img decoding=\"async\" src=\"https:\/\/trenipovjen.al\/wp-content\/plugins\/beaver-builder-lite-version\/img\/pixel.png\" alt=\"\" itemprop=\"image\" onerror=\"this.style.display='none'\"  \/>\n\t\t\t\t<img decoding=\"async\" src=\"https:\/\/trenipovjen.al\/wp-content\/plugins\/beaver-builder-lite-version\/img\/pixel.png\" alt=\"\" itemprop=\"image\" onerror=\"this.style.display='none'\"  \/>\n\t\t\t\t<img loading=\"lazy\" decoding=\"async\" src=\"https:\/\/trenipovjen.al\/wp-content\/uploads\/2021\/11\/mobifoto-projektet-1.jpg\" alt=\"mobifoto projektet (1)\" itemprop=\"image\" height=\"550\" width=\"1000\" title=\"mobifoto projektet (1)\" onerror=\"this.style.display='none'\"  \/>\n\t<em><strong>Rehabilitimi i linj\u00ebs hekurudhore Durr\u00ebs &#8211; Rrogozhin\u00eb<br \/>\n<\/strong><\/em>\n\t<p>Segmenti hekurudhor Durr\u00ebs-Rrogozhin\u00eb \u00ebsht\u00eb pjes\u00eb e linj\u00ebs hekurudhore Durr\u00ebs &#8211; Pogradec, e cila parashikohet t\u00eb lidhet me Maqedonin\u00eb e Veriut (n\u00eb fshatin Lin).<\/p>\n<p><strong>Projekti p\u00ebrfshin:<\/strong><\/p>\n<ul>\n<li>Zgjerimin e trases\u00eb nga Shkozeti n\u00eb Rrogozhin\u00eb, n\u00eb nj\u00eb gjat\u00ebsi prej 33.1 km;<\/li>\n<li>Nd\u00ebrtimin e urave t\u00eb reja n\u00eb p\u00ebrputhje me standardet Europiane dhe kushtet gjeologo-inxhinjerike e sizmologjike t\u00eb zon\u00ebs s\u00eb projektit;<\/li>\n<li>Prishjen dhe rind\u00ebrtimin e tunelit t\u00eb Rrogozhin\u00ebs, me gjat\u00ebsi prej 380 m;<\/li>\n<li>P\u00ebrmir\u00ebsimin e trupit t\u00eb trases\u00eb, p\u00ebrmir\u00ebsimin e gjurm\u00ebs horizontale dhe vertikale t\u00eb saj.<\/li>\n<li>Projekti parashikon ngritjen e nd\u00ebrtesave t\u00eb reja t\u00eb stacioneve (Golem, Kavaj\u00eb, Lekaj e Rrogozhin\u00eb);<\/li>\n<li>Instalimin e sistemeve t\u00eb siguris\u00eb n\u00eb kalesat n\u00eb nivel dhe mbylljen e kalesave t\u00eb paautorizuara;<\/li>\n<li>Rehabilitimin e trek\u00ebnd\u00ebshit t\u00eb Shkozetit n\u00eb m\u00ebnyre q\u00eb trenat q\u00eb vijn\u00eb nga Shqip\u00ebria e Mesme (Elbasani) dhe jugu i vendit, me destinacion Tiran\u00ebn e veriun e vendit, t\u00eb mos kalojn\u00eb nga Durr\u00ebsi.<\/li>\n<\/ul>\n\t\t\t\t<img decoding=\"async\" src=\"https:\/\/trenipovjen.al\/wp-content\/uploads\/2021\/08\/black_red_logotrenipovjen.png\" alt=\"black_red_logotrenipovjen\" title=\"black_red_logotrenipovjen\" itemprop=\"image\"\/>\n\t\t<h3>Vler\u00ebsimi i Ndikimit n\u00eb Mjedis &#8211; P\u00ebrmbledhje Jo-Teknike<\/h3>\t\t\t\n\t\t\t<a href=\"https:\/\/trenipovjen.al\/wp-content\/uploads\/2021\/10\/Permbledhje-jo-teknike_Linja-Durres-Rrogozhine-1.pdf\" target=\"_self\" role=\"button\" aria-label=\"LEXO DOKUMENTIN\" rel=\"noopener\">\n\t\t\t\t\t\t\tLEXO DOKUMENTIN\n\t\t<\/a>\n\t\t\t<a href=\"https:\/\/trenipovjen.al\/wp-content\/uploads\/2021\/10\/Permbledhje-jo-teknike_Linja-Durres-Rrogozhine-1.pdf\" target=\"_self\" role=\"button\" aria-label=\"SHKARKO DOKUMENTIN\" download=\"\" rel=\"noopener\">\n\t\t\t\t\t\t\tSHKARKO DOKUMENTIN\n\t\t<\/a>\n\t<div class=\"_3d-flip-book  fb3d-fullscreen-mode full-size\" data-id=\"2339\" data-mode=\"fullscreen\" data-title=\"false\" data-template=\"short-white-book-view\" data-lightbox=\"dark\" data-urlparam=\"fb3d-page\" data-page-n=\"0\" data-pdf=\"\" data-tax=\"null\" data-thumbnail=\"\" data-cols=\"3\" data-query=\"\"><\/div>\n\n","protected":false},"excerpt":{"rendered":"<p>Rehabilitimi i linj\u00ebs hekurudhore Durr\u00ebs &#8211; Rrogozhin\u00eb Segmenti hekurudhor Durr\u00ebs-Rrogozhin\u00eb \u00ebsht\u00eb pjes\u00eb e linj\u00ebs hekurudhore Durr\u00ebs &#8211; Pogradec, e cila parashikohet t\u00eb lidhet me Maqedonin\u00eb e Veriut (n\u00eb fshatin Lin). Projekti p\u00ebrfshin: Zgjerimin e trases\u00eb nga Shkozeti n\u00eb Rrogozhin\u00eb, n\u00eb nj\u00eb gjat\u00ebsi prej 33.1 km; Nd\u00ebrtimin e urave t\u00eb reja n\u00eb p\u00ebrputhje me standardet Europiane &hellip;<\/p>\n<p class=\"read-more\"> <a class=\"\" href=\"https:\/\/treni.al\/?page_id=2322\"> <span class=\"screen-reader-text\">Rehabilitimi i linj\u00ebs hekurudhore Durr\u00ebs \u2013 Rrogozhin\u00eb<\/span> Read More \u00bb<\/a><\/p>\n","protected":false},"author":1,"featured_media":0,"parent":1091,"menu_order":0,"comment_status":"closed","ping_status":"closed","template":"","meta":{"footnotes":""},"class_list":["post-2322","page","type-page","status-publish","hentry"],"_links":{"self":[{"href":"https:\/\/treni.al\/index.php?rest_route=\/wp\/v2\/pages\/2322","targetHints":{"allow":["GET"]}}],"collection":[{"href":"https:\/\/treni.al\/index.php?rest_route=\/wp\/v2\/pages"}],"about":[{"href":"https:\/\/treni.al\/index.php?rest_route=\/wp\/v2\/types\/page"}],"author":[{"embeddable":true,"href":"https:\/\/treni.al\/index.php?rest_route=\/wp\/v2\/users\/1"}],"replies":[{"embeddable":true,"href":"https:\/\/treni.al\/index.php?rest_route=%2Fwp%2Fv2%2Fcomments&post=2322"}],"version-history":[{"count":17,"href":"https:\/\/treni.al\/index.php?rest_route=\/wp\/v2\/pages\/2322\/revisions"}],"predecessor-version":[{"id":3697,"href":"https:\/\/treni.al\/index.php?rest_route=\/wp\/v2\/pages\/2322\/revisions\/3697"}],"up":[{"embeddable":true,"href":"https:\/\/treni.al\/index.php?rest_route=\/wp\/v2\/pages\/1091"}],"wp:attachment":[{"href":"https:\/\/treni.al\/index.php?rest_route=%2Fwp%2Fv2%2Fmedia&parent=2322"}],"curies":[{"name":"wp","href":"https:\/\/api.w.org\/{rel}","templated":true}]}}