{"id":2074,"date":"2021-09-13T11:11:50","date_gmt":"2021-09-13T11:11:50","guid":{"rendered":"https:\/\/trenipovjen.al\/?page_id=2074"},"modified":"2025-02-19T10:21:05","modified_gmt":"2025-02-19T10:21:05","slug":"radio-mesazhe","status":"publish","type":"page","link":"https:\/\/treni.al\/?page_id=2074","title":{"rendered":"Radio Mesazhe"},"content":{"rendered":"\n\n\t\t\t\t<img loading=\"lazy\" decoding=\"async\" src=\"https:\/\/trenipovjen.al\/wp-content\/uploads\/2021\/10\/media-1.png\" alt=\"media\" itemprop=\"image\" height=\"550\" width=\"1320\" title=\"media\" onerror=\"this.style.display='none'\"  \/>\n\t\t\t\t<img loading=\"lazy\" decoding=\"async\" src=\"https:\/\/trenipovjen.al\/wp-content\/uploads\/2021\/11\/mobifoto-kontakt.jpg\" alt=\"mobifoto kontakt\" itemprop=\"image\" height=\"550\" width=\"1000\" title=\"mobifoto kontakt\" onerror=\"this.style.display='none'\"  \/>\n\t<strong>Platforma online &#8220;Trenipovjen.al&#8221; dhe nd\u00ebrlidhjet e saj me rrjetet sociale ofrojn\u00eb nj\u00eb alternativ\u00eb t\u00eb integruar komunikimi e informimi. Informacionet t\u00eb cilat pasqyrohen n\u00eb platform\u00ebn online shp\u00ebrndahen edhe p\u00ebrmes rrjeteve sociale me synimin p\u00ebr t\u00eb arritur me leht\u00ebsi shikueshm\u00ebrin\u00eb maksimale nga p\u00ebrdoruesit e internetit dhe pal\u00ebt e interesuara.<br \/>\n<\/strong>\n\t\t\t\t<img decoding=\"async\" src=\"https:\/\/trenipovjen.al\/wp-content\/uploads\/2021\/08\/black_red_logotrenipovjen.png\" alt=\"black_red_logotrenipovjen\" title=\"black_red_logotrenipovjen\" itemprop=\"image\"\/>\n\t\t<h3>RADIO MESAZHE<\/h3>\t\t\t\n<h2>\n\t\tTreniPoVjen\n\t<\/h2>\n\t\t<meta itemprop=\"url\" content=\"https:\/\/hekurudha.al\/wp-content\/uploads\/2021\/06\/Treni-Po-Vjen-Spoti.wav\" \/><audio class=\"wp-audio-shortcode\" id=\"audio-2074-1\" preload=\"none\" style=\"width: 100%;\" controls=\"controls\"><source type=\"audio\/wav\" src=\"https:\/\/hekurudha.al\/wp-content\/uploads\/2021\/06\/Treni-Po-Vjen-Spoti.wav?_=1\" \/><a href=\"https:\/\/hekurudha.al\/wp-content\/uploads\/2021\/06\/Treni-Po-Vjen-Spoti.wav\">https:\/\/hekurudha.al\/wp-content\/uploads\/2021\/06\/Treni-Po-Vjen-Spoti.wav<\/a><\/audio>\n\t<h2>\n\t\tSiguria e Transportit Hekurudhor\n\t<\/h2>\n\t\t<meta itemprop=\"url\" content=\"https:\/\/trenipovjen.al\/wp-content\/uploads\/2025\/02\/Hapi-Rrugen-Trenit-Spoti-1.wav\" \/><audio class=\"wp-audio-shortcode\" id=\"audio-2074-2\" preload=\"none\" style=\"width: 100%;\" controls=\"controls\"><source type=\"audio\/wav\" src=\"https:\/\/trenipovjen.al\/wp-content\/uploads\/2025\/02\/Hapi-Rrugen-Trenit-Spoti-1.wav?_=2\" \/><a href=\"https:\/\/trenipovjen.al\/wp-content\/uploads\/2025\/02\/Hapi-Rrugen-Trenit-Spoti-1.wav\">https:\/\/trenipovjen.al\/wp-content\/uploads\/2025\/02\/Hapi-Rrugen-Trenit-Spoti-1.wav<\/a><\/audio>\n\t<h2>\n\t\tPerfitimet e Transportit Hekurudhor\n\t<\/h2>\n\t\t<meta itemprop=\"url\" content=\"https:\/\/trenipovjen.al\/wp-content\/uploads\/2025\/02\/Hapi-Rrugen-Trenit-Spoti-2.wav\" \/><audio class=\"wp-audio-shortcode\" id=\"audio-2074-3\" preload=\"none\" style=\"width: 100%;\" controls=\"controls\"><source type=\"audio\/wav\" src=\"https:\/\/trenipovjen.al\/wp-content\/uploads\/2025\/02\/Hapi-Rrugen-Trenit-Spoti-2.wav?_=3\" \/><a href=\"https:\/\/trenipovjen.al\/wp-content\/uploads\/2025\/02\/Hapi-Rrugen-Trenit-Spoti-2.wav\">https:\/\/trenipovjen.al\/wp-content\/uploads\/2025\/02\/Hapi-Rrugen-Trenit-Spoti-2.wav<\/a><\/audio>\n\t\n","protected":false},"excerpt":{"rendered":"<p>Platforma online &#8220;Trenipovjen.al&#8221; dhe nd\u00ebrlidhjet e saj me rrjetet sociale ofrojn\u00eb nj\u00eb alternativ\u00eb t\u00eb integruar komunikimi e informimi. Informacionet t\u00eb cilat pasqyrohen n\u00eb platform\u00ebn online shp\u00ebrndahen edhe p\u00ebrmes rrjeteve sociale me synimin p\u00ebr t\u00eb arritur me leht\u00ebsi shikueshm\u00ebrin\u00eb maksimale nga p\u00ebrdoruesit e internetit dhe pal\u00ebt e interesuara. RADIO MESAZHE TreniPoVjen Siguria e Transportit Hekurudhor Perfitimet &hellip;<\/p>\n<p class=\"read-more\"> <a class=\"\" href=\"https:\/\/treni.al\/?page_id=2074\"> <span class=\"screen-reader-text\">Radio Mesazhe<\/span> Read More \u00bb<\/a><\/p>\n","protected":false},"author":1,"featured_media":0,"parent":0,"menu_order":0,"comment_status":"closed","ping_status":"closed","template":"","meta":{"footnotes":""},"class_list":["post-2074","page","type-page","status-publish","hentry"],"_links":{"self":[{"href":"https:\/\/treni.al\/index.php?rest_route=\/wp\/v2\/pages\/2074","targetHints":{"allow":["GET"]}}],"collection":[{"href":"https:\/\/treni.al\/index.php?rest_route=\/wp\/v2\/pages"}],"about":[{"href":"https:\/\/treni.al\/index.php?rest_route=\/wp\/v2\/types\/page"}],"author":[{"embeddable":true,"href":"https:\/\/treni.al\/index.php?rest_route=\/wp\/v2\/users\/1"}],"replies":[{"embeddable":true,"href":"https:\/\/treni.al\/index.php?rest_route=%2Fwp%2Fv2%2Fcomments&post=2074"}],"version-history":[{"count":13,"href":"https:\/\/treni.al\/index.php?rest_route=\/wp\/v2\/pages\/2074\/revisions"}],"predecessor-version":[{"id":3959,"href":"https:\/\/treni.al\/index.php?rest_route=\/wp\/v2\/pages\/2074\/revisions\/3959"}],"wp:attachment":[{"href":"https:\/\/treni.al\/index.php?rest_route=%2Fwp%2Fv2%2Fmedia&parent=2074"}],"curies":[{"name":"wp","href":"https:\/\/api.w.org\/{rel}","templated":true}]}}