{"id":1927,"date":"2021-09-03T11:15:41","date_gmt":"2021-09-03T11:15:41","guid":{"rendered":"https:\/\/trenipovjen.al\/?page_id=1927"},"modified":"2025-03-04T10:36:17","modified_gmt":"2025-03-04T10:36:17","slug":"poster","status":"publish","type":"page","link":"https:\/\/treni.al\/?page_id=1927","title":{"rendered":"Poster"},"content":{"rendered":"\n\n\t\t\t\t<img decoding=\"async\" src=\"https:\/\/trenipovjen.al\/wp-content\/uploads\/2021\/10\/foto-publikimet_1.jpg\" alt=\"foto publikimet_1\" itemprop=\"image\" title=\"foto publikimet_1\" onerror=\"this.style.display='none'\"  \/>\n\t\t\t\t<img decoding=\"async\" src=\"https:\/\/trenipovjen.al\/wp-content\/uploads\/2021\/11\/mobifoto-publikimet.jpg\" alt=\"mobifoto publikimet\" itemprop=\"image\" title=\"mobifoto publikimet\" onerror=\"this.style.display='none'\"  \/>\n\t<strong>Objektivi yn\u00eb primar \u00ebsht\u00eb informimi i grupeve t\u00eb ndryshme shoq\u00ebrore p\u00ebr avantazhet e hekurudh\u00ebs n\u00eb raport me format tjera t\u00eb transportit. Informim i cili drejtp\u00ebrdrejt ndikon n\u00eb rritjen e nd\u00ebrgjegj\u00ebsimit p\u00ebr p\u00ebrdorimin e sigurt\u00eb dhe t\u00eb q\u00ebndruesh\u00ebm t\u00eb k\u00ebsaj forme t\u00eb transportit t\u00eb njer\u00ebzve dhe mallrave. Kjo platform\u00eb onlin\u00eb ka t\u00eb pasqyruara nj\u00eb set materialesh informuese t\u00eb zhvilluara nga HBMC specifikisht p\u00ebr pal\u00ebt e interesuara me q\u00ebllim informimin dhe nd\u00ebrgjegj\u00ebsimin e tyre.<br \/>\n<\/strong>\n\t\t\t\t<img decoding=\"async\" src=\"https:\/\/trenipovjen.al\/wp-content\/uploads\/2021\/08\/black_red_logotrenipovjen.png\" alt=\"black_red_logotrenipovjen\" title=\"black_red_logotrenipovjen\" itemprop=\"image\"\/>\n\t\t<h3>POSTER<\/h3>\t\t\t\n\t\t\t\t<img decoding=\"async\" src=\"https:\/\/trenipovjen.al\/wp-content\/uploads\/2022\/10\/posterperinformimpublik.jpg\" alt=\"posterperinformimpublik\" itemprop=\"image\" title=\"posterperinformimpublik\" onerror=\"this.style.display='none'\"  \/>\n\t\t\t\t<img decoding=\"async\" src=\"https:\/\/treni.al\/wp-content\/uploads\/2021\/08\/black_red_logotrenipovjen.png\" alt=\"black_red_logotrenipovjen\" title=\"black_red_logotrenipovjen\" itemprop=\"image\"\/>\n\t\t<h5><a href=\"https:\/\/treni.al\/wp-content\/uploads\/2022\/10\/posterperinformimpublik.pdf\"> POSTER P\u00cbR INFORMIM PUBLIK<\/a><\/h5>\t\t\t\n\t<p>Posteri \u00ebsht\u00eb zhvilluar si produkt specifik informacioni dhe komunikimi p\u00ebr publikun e gjer\u00eb duke e ekspozuar at\u00eb n\u00eb hyrje \/ sall\u00eb t\u00eb zyrave t\u00eb bashkive, t\u00eb institucioneve t\u00eb tjera publike, t\u00eb shkollave dhe ambjenteve t\u00eb bizneseve p\u00ebrgjat\u00eb korridorit hekurudhor Tiran\u00eb-Rinas-Durr\u00ebs. Posteri, nd\u00ebrkoh\u00eb q\u00eb specifikon projektin e rehabilitimit t\u00eb linj\u00ebs hekurudhore Tiran\u00eb-Rinas-Durr\u00ebs, informon lexuesin mbi elementet thelb\u00ebsore t\u00eb siguris\u00eb dhe p\u00ebrfitimet e transportit hekurudhor dhe i fton ata t\u00eb informohen me tej n\u00ebp\u00ebrmjet platform\u00ebs s\u00eb integruar t\u00eb informimit t\u00eb Hekurudha Shqiptare sh.a. (email, facebook, Instagram dhe twitter).<\/p>\n\t\t\t<a href=\"https:\/\/treni.al\/wp-content\/uploads\/2022\/10\/posterperinformimpublik.pdf\" target=\"_self\"   role=\"button\" aria-label=\"LEXO DOKUMENTIN\">\n\t\t\t\t\t\t\tLEXO DOKUMENTIN\n\t\t<\/a>\n\t\t\t<a href=\"https:\/\/treni.al\/wp-content\/uploads\/2022\/10\/posterperinformimpublik.pdf\" target=\"_self\" role=\"button\" aria-label=\"SHKARKO DOKUMENTIN\" download=\"\">\n\t\t\t\t\t\t\tSHKARKO DOKUMENTIN\n\t\t<\/a>\n\n","protected":false},"excerpt":{"rendered":"<p>Objektivi yn\u00eb primar \u00ebsht\u00eb informimi i grupeve t\u00eb ndryshme shoq\u00ebrore p\u00ebr avantazhet e hekurudh\u00ebs n\u00eb raport me format tjera t\u00eb transportit. Informim i cili drejtp\u00ebrdrejt ndikon n\u00eb rritjen e nd\u00ebrgjegj\u00ebsimit p\u00ebr p\u00ebrdorimin e sigurt\u00eb dhe t\u00eb q\u00ebndruesh\u00ebm t\u00eb k\u00ebsaj forme t\u00eb transportit t\u00eb njer\u00ebzve dhe mallrave. Kjo platform\u00eb onlin\u00eb ka t\u00eb pasqyruara nj\u00eb set materialesh &hellip;<\/p>\n<p class=\"read-more\"> <a class=\"\" href=\"https:\/\/treni.al\/?page_id=1927\"> <span class=\"screen-reader-text\">Poster<\/span> Read More \u00bb<\/a><\/p>\n","protected":false},"author":1,"featured_media":0,"parent":0,"menu_order":0,"comment_status":"closed","ping_status":"closed","template":"","meta":{"footnotes":""},"class_list":["post-1927","page","type-page","status-publish","hentry"],"_links":{"self":[{"href":"https:\/\/treni.al\/index.php?rest_route=\/wp\/v2\/pages\/1927","targetHints":{"allow":["GET"]}}],"collection":[{"href":"https:\/\/treni.al\/index.php?rest_route=\/wp\/v2\/pages"}],"about":[{"href":"https:\/\/treni.al\/index.php?rest_route=\/wp\/v2\/types\/page"}],"author":[{"embeddable":true,"href":"https:\/\/treni.al\/index.php?rest_route=\/wp\/v2\/users\/1"}],"replies":[{"embeddable":true,"href":"https:\/\/treni.al\/index.php?rest_route=%2Fwp%2Fv2%2Fcomments&post=1927"}],"version-history":[{"count":17,"href":"https:\/\/treni.al\/index.php?rest_route=\/wp\/v2\/pages\/1927\/revisions"}],"predecessor-version":[{"id":3973,"href":"https:\/\/treni.al\/index.php?rest_route=\/wp\/v2\/pages\/1927\/revisions\/3973"}],"wp:attachment":[{"href":"https:\/\/treni.al\/index.php?rest_route=%2Fwp%2Fv2%2Fmedia&parent=1927"}],"curies":[{"name":"wp","href":"https:\/\/api.w.org\/{rel}","templated":true}]}}