{"id":1923,"date":"2021-09-03T11:13:52","date_gmt":"2021-09-03T11:13:52","guid":{"rendered":"https:\/\/trenipovjen.al\/?page_id=1923"},"modified":"2025-03-04T10:34:41","modified_gmt":"2025-03-04T10:34:41","slug":"publikime","status":"publish","type":"page","link":"https:\/\/treni.al\/?page_id=1923","title":{"rendered":"UDH\u00cbZUES P\u00cbR SHOFER\u00cbT"},"content":{"rendered":"\n\n\t\t\t\t<img decoding=\"async\" src=\"https:\/\/trenipovjen.al\/wp-content\/uploads\/2021\/10\/foto-publikimet_1.jpg\" alt=\"foto publikimet_1\" itemprop=\"image\" title=\"foto publikimet_1\" onerror=\"this.style.display='none'\"  \/>\n\t\t\t\t<img decoding=\"async\" src=\"https:\/\/trenipovjen.al\/wp-content\/uploads\/2021\/11\/mobifoto-publikimet.jpg\" alt=\"mobifoto publikimet\" itemprop=\"image\" title=\"mobifoto publikimet\" onerror=\"this.style.display='none'\"  \/>\n\t<strong>Objektivi yn\u00eb primar \u00ebsht\u00eb informimi i grupeve t\u00eb ndryshme shoq\u00ebrore p\u00ebr avantazhet e hekurudh\u00ebs n\u00eb raport me format tjera t\u00eb transportit. Informim i cili drejtp\u00ebrdrejt ndikon n\u00eb rritjen e nd\u00ebrgjegj\u00ebsimit p\u00ebr p\u00ebrdorimin e sigurt\u00eb dhe t\u00eb q\u00ebndruesh\u00ebm t\u00eb k\u00ebsaj forme t\u00eb transportit t\u00eb njer\u00ebzve dhe mallrave. Kjo platform\u00eb onlin\u00eb ka t\u00eb pasqyruara nj\u00eb set materialesh informuese t\u00eb zhvilluara nga HBMC specifikisht p\u00ebr pal\u00ebt e interesuara me q\u00ebllim informimin dhe nd\u00ebrgjegj\u00ebsimin e tyre.<br \/>\n<\/strong>\n\t\t\t\t<img decoding=\"async\" src=\"https:\/\/trenipovjen.al\/wp-content\/uploads\/2021\/08\/black_red_logotrenipovjen.png\" alt=\"black_red_logotrenipovjen\" title=\"black_red_logotrenipovjen\" itemprop=\"image\"\/>\n\t\t<h3>UDH\u00cbZUES P\u00cbR SHOFER\u00cbT<\/h3>\t\t\t\n\t\t\t\t<img decoding=\"async\" src=\"https:\/\/trenipovjen.al\/wp-content\/uploads\/2022\/10\/udhezuesperShoferet.jpg\" alt=\"udhezuesperShoferet\" itemprop=\"image\" title=\"udhezuesperShoferet\" onerror=\"this.style.display='none'\"  \/>\n\t\t\t\t<img decoding=\"async\" src=\"https:\/\/treni.al\/wp-content\/uploads\/2021\/08\/black_red_logotrenipovjen.png\" alt=\"black_red_logotrenipovjen\" title=\"black_red_logotrenipovjen\" itemprop=\"image\"\/>\n\t\t<h5><a href=\"https:\/\/treni.al\/wp-content\/uploads\/2022\/10\/udhezuesperShoferet.pdf\"> UDH\u00cbZUES P\u00cbR SHOFER\u00cbT<\/a><\/h5>\t\t\t\n\t<p>Ky material informues \u00ebsht\u00eb p\u00ebrgatitur p\u00ebr drejtuesit e automjeteve dhe trajton sinjalistik\u00ebn n\u00eb kryq\u00ebzime rrug\u00eb-hekurudh\u00eb dhe rregullat e siguris\u00eb q\u00eb duhet t\u00eb ken\u00eb n\u00eb konsiderat\u00eb drejtuesit e mjeteve gjat\u00eb nd\u00ebrveprimit me hekurudh\u00ebn (kalimit p\u00ebrmes nj\u00eb pike kalimi hekurudhor). Dokumenti informon edhe p\u00ebr mbylljen e kalesave n\u00eb nivel t\u00eb pa-autorizuara t\u00eb p\u00ebrshkruara n\u00eb nj\u00eb hart\u00eb p\u00ebrgatitur p\u00ebr k\u00ebt\u00eb q\u00ebllim specifik.<\/p>\n\t\t\t<a href=\"https:\/\/treni.al\/wp-content\/uploads\/2022\/10\/udhezuesperShoferet.pdf\" target=\"_self\"   role=\"button\" aria-label=\"LEXO DOKUMENTIN\">\n\t\t\t\t\t\t\tLEXO DOKUMENTIN\n\t\t<\/a>\n\t\t\t<a href=\"https:\/\/treni.al\/wp-content\/uploads\/2022\/10\/udhezuesperShoferet.pdf\" target=\"_self\" role=\"button\" aria-label=\"SHKARKO DOKUMENTIN\" download=\"\">\n\t\t\t\t\t\t\tSHKARKO DOKUMENTIN\n\t\t<\/a>\n\n","protected":false},"excerpt":{"rendered":"<p>Objektivi yn\u00eb primar \u00ebsht\u00eb informimi i grupeve t\u00eb ndryshme shoq\u00ebrore p\u00ebr avantazhet e hekurudh\u00ebs n\u00eb raport me format tjera t\u00eb transportit. Informim i cili drejtp\u00ebrdrejt ndikon n\u00eb rritjen e nd\u00ebrgjegj\u00ebsimit p\u00ebr p\u00ebrdorimin e sigurt\u00eb dhe t\u00eb q\u00ebndruesh\u00ebm t\u00eb k\u00ebsaj forme t\u00eb transportit t\u00eb njer\u00ebzve dhe mallrave. Kjo platform\u00eb onlin\u00eb ka t\u00eb pasqyruara nj\u00eb set materialesh &hellip;<\/p>\n<p class=\"read-more\"> <a class=\"\" href=\"https:\/\/treni.al\/?page_id=1923\"> <span class=\"screen-reader-text\">UDH\u00cbZUES P\u00cbR SHOFER\u00cbT<\/span> Read More \u00bb<\/a><\/p>\n","protected":false},"author":1,"featured_media":0,"parent":0,"menu_order":0,"comment_status":"closed","ping_status":"closed","template":"","meta":{"footnotes":""},"class_list":["post-1923","page","type-page","status-publish","hentry"],"_links":{"self":[{"href":"https:\/\/treni.al\/index.php?rest_route=\/wp\/v2\/pages\/1923","targetHints":{"allow":["GET"]}}],"collection":[{"href":"https:\/\/treni.al\/index.php?rest_route=\/wp\/v2\/pages"}],"about":[{"href":"https:\/\/treni.al\/index.php?rest_route=\/wp\/v2\/types\/page"}],"author":[{"embeddable":true,"href":"https:\/\/treni.al\/index.php?rest_route=\/wp\/v2\/users\/1"}],"replies":[{"embeddable":true,"href":"https:\/\/treni.al\/index.php?rest_route=%2Fwp%2Fv2%2Fcomments&post=1923"}],"version-history":[{"count":18,"href":"https:\/\/treni.al\/index.php?rest_route=\/wp\/v2\/pages\/1923\/revisions"}],"predecessor-version":[{"id":3972,"href":"https:\/\/treni.al\/index.php?rest_route=\/wp\/v2\/pages\/1923\/revisions\/3972"}],"wp:attachment":[{"href":"https:\/\/treni.al\/index.php?rest_route=%2Fwp%2Fv2%2Fmedia&parent=1923"}],"curies":[{"name":"wp","href":"https:\/\/api.w.org\/{rel}","templated":true}]}}