{"id":1917,"date":"2021-09-03T11:07:24","date_gmt":"2021-09-03T11:07:24","guid":{"rendered":"https:\/\/trenipovjen.al\/?page_id=1917"},"modified":"2025-03-04T10:33:22","modified_gmt":"2025-03-04T10:33:22","slug":"fletepalosje","status":"publish","type":"page","link":"https:\/\/treni.al\/?page_id=1917","title":{"rendered":"Flet\u00ebpalosje"},"content":{"rendered":"\n\n\t\t\t\t<img decoding=\"async\" src=\"https:\/\/trenipovjen.al\/wp-content\/uploads\/2021\/10\/foto-publikimet_1.jpg\" alt=\"foto publikimet_1\" itemprop=\"image\" title=\"foto publikimet_1\" onerror=\"this.style.display='none'\"  \/>\n\t\t\t\t<img decoding=\"async\" src=\"https:\/\/trenipovjen.al\/wp-content\/uploads\/2021\/11\/mobifoto-publikimet.jpg\" alt=\"mobifoto publikimet\" itemprop=\"image\" title=\"mobifoto publikimet\" onerror=\"this.style.display='none'\"  \/>\n\t<strong>Objektivi yn\u00eb primar \u00ebsht\u00eb informimi i grupeve t\u00eb ndryshme shoq\u00ebrore p\u00ebr avantazhet e hekurudh\u00ebs n\u00eb raport me format tjera t\u00eb transportit. Informim i cili drejtp\u00ebrdrejt ndikon n\u00eb rritjen e nd\u00ebrgjegj\u00ebsimit p\u00ebr p\u00ebrdorimin e sigurt\u00eb dhe t\u00eb q\u00ebndruesh\u00ebm t\u00eb k\u00ebsaj forme t\u00eb transportit t\u00eb njer\u00ebzve dhe mallrave. Kjo platform\u00eb onlin\u00eb ka t\u00eb pasqyruara nj\u00eb set materialesh informuese t\u00eb zhvilluara nga HBMC specifikisht p\u00ebr pal\u00ebt e interesuara me q\u00ebllim informimin dhe nd\u00ebrgjegj\u00ebsimin e tyre.<br \/>\n<\/strong>\n\t\t\t\t<img decoding=\"async\" src=\"https:\/\/trenipovjen.al\/wp-content\/uploads\/2021\/08\/black_red_logotrenipovjen.png\" alt=\"black_red_logotrenipovjen\" title=\"black_red_logotrenipovjen\" itemprop=\"image\"\/>\n\t\t<h3>FLETEPALOSJE<\/h3>\t\t\t\n\t\t\t\t<img decoding=\"async\" src=\"https:\/\/trenipovjen.al\/wp-content\/uploads\/2022\/10\/FletepalosjeMbiSigurineDhePerfitimetETransportitHekurudhor.jpg\" alt=\"FletepalosjeMbiSigurineDhePerfitimetETransportitHekurudhor\" itemprop=\"image\" title=\"FletepalosjeMbiSigurineDhePerfitimetETransportitHekurudhor\" onerror=\"this.style.display='none'\"  \/>\n\t\t\t\t<img decoding=\"async\" src=\"https:\/\/treni.al\/wp-content\/uploads\/2021\/08\/black_red_logotrenipovjen.png\" alt=\"black_red_logotrenipovjen\" title=\"black_red_logotrenipovjen\" itemprop=\"image\"\/>\n\t\t<h5><a href=\"https:\/\/treni.al\/wp-content\/uploads\/2022\/10\/Info-leaflet-web.pdf\">FLET\u00cbPALOSJE MBI SIGURIN\u00cb DHE P\u00cbRFITIMET E TRANSPORTIT HEKURUDHOR<\/a><\/h5>\t\t\t\n\t<p>Kjo flet\u00ebpalosje \u00ebsht\u00eb strukturuar si dokument informues p\u00ebr pal\u00ebt e interesuara (publiku i gjer\u00eb) duke kombinuar fjali t\u00eb shkurtra n\u00eb gjuh\u00eb t\u00eb thjesht\u00eb me imazhe tipike dhe infografik\u00eb n\u00eb m\u00ebnyr\u00eb q\u00eb t\u00eb t\u00ebrheq\u00eb v\u00ebmendjen e tyre dhe t&#8217;i informoj\u00eb ata mbi p\u00ebrfitimet e ndryshme t\u00eb transportit hekurudhor, rregulloret e siguris\u00eb n\u00eb fuqi, sistemet e siguris\u00eb t\u00eb hekurudh\u00ebs s\u00eb modernizuar Tiran\u00eb-Rinas-Durr\u00ebs. Flet\u00ebpalosja p\u00ebrmban k\u00ebshilla shum\u00eb t\u00eb dobishme p\u00ebr sigurin\u00eb p\u00ebr kategori t\u00eb ndryshme t\u00eb publikut (k\u00ebmb\u00ebsor\u00eb, shofer\u00eb, udh\u00ebtime me bi\u00e7iklet\u00eb dhe f\u00ebmij\u00eb) kur ata p\u00ebrdorin trenin ose kur bashk\u00ebveprojn\u00eb me infrastruktur\u00ebn hekurudhore (n\u00eb tren, n\u00eb stacion, kalim hekurudhor) t\u00eb cilat jan\u00eb p\u00ebrshkruar n\u00eb broshur\u00eb. Flet\u00ebpalosja sqaron edhe element\u00ebt kryesor\u00eb teknik\u00eb t\u00eb rehabilitimit t\u00eb segmentit Durr\u00ebs &#8211; Tiran\u00eb dhe projektit t\u00eb nd\u00ebrtimit t\u00eb lidhjes hekurudhore Domje &#8211; TIA (gjat\u00ebsia, terminalet, stacionet e trenave, rrethimi dhe mbyllja e kalesave t\u00eb paautorizuara) s\u00eb bashku me nj\u00eb hart\u00eb specifike p\u00ebr Durr\u00ebs &#8211; Linja hekurudhore e Tiran\u00ebs dhe lidhja Domje &#8211; TIA q\u00eb specifikon stacionet e trenit, kalimet n\u00eb nivel t\u00eb autorizuara dhe mbylljen e kalimeve n\u00eb nivel t\u00eb paautorizuara.<\/p>\n\t\t\t<a href=\"https:\/\/treni.al\/wp-content\/uploads\/2022\/10\/Info-leaflet-web.pdf\" target=\"_self\"   role=\"button\" aria-label=\"LEXO DOKUMENTIN\">\n\t\t\t\t\t\t\tLEXO DOKUMENTIN\n\t\t<\/a>\n\t\t\t<a href=\"https:\/\/treni.al\/wp-content\/uploads\/2022\/10\/Info-leaflet-web.pdf\" target=\"_self\" role=\"button\" aria-label=\"SHKARKO DOKUMENTIN\" download=\"\">\n\t\t\t\t\t\t\tSHKARKO DOKUMENTIN\n\t\t<\/a>\n\n","protected":false},"excerpt":{"rendered":"<p>Objektivi yn\u00eb primar \u00ebsht\u00eb informimi i grupeve t\u00eb ndryshme shoq\u00ebrore p\u00ebr avantazhet e hekurudh\u00ebs n\u00eb raport me format tjera t\u00eb transportit. Informim i cili drejtp\u00ebrdrejt ndikon n\u00eb rritjen e nd\u00ebrgjegj\u00ebsimit p\u00ebr p\u00ebrdorimin e sigurt\u00eb dhe t\u00eb q\u00ebndruesh\u00ebm t\u00eb k\u00ebsaj forme t\u00eb transportit t\u00eb njer\u00ebzve dhe mallrave. Kjo platform\u00eb onlin\u00eb ka t\u00eb pasqyruara nj\u00eb set materialesh &hellip;<\/p>\n<p class=\"read-more\"> <a class=\"\" href=\"https:\/\/treni.al\/?page_id=1917\"> <span class=\"screen-reader-text\">Flet\u00ebpalosje<\/span> Read More \u00bb<\/a><\/p>\n","protected":false},"author":1,"featured_media":0,"parent":0,"menu_order":0,"comment_status":"closed","ping_status":"closed","template":"","meta":{"footnotes":""},"class_list":["post-1917","page","type-page","status-publish","hentry"],"_links":{"self":[{"href":"https:\/\/treni.al\/index.php?rest_route=\/wp\/v2\/pages\/1917","targetHints":{"allow":["GET"]}}],"collection":[{"href":"https:\/\/treni.al\/index.php?rest_route=\/wp\/v2\/pages"}],"about":[{"href":"https:\/\/treni.al\/index.php?rest_route=\/wp\/v2\/types\/page"}],"author":[{"embeddable":true,"href":"https:\/\/treni.al\/index.php?rest_route=\/wp\/v2\/users\/1"}],"replies":[{"embeddable":true,"href":"https:\/\/treni.al\/index.php?rest_route=%2Fwp%2Fv2%2Fcomments&post=1917"}],"version-history":[{"count":18,"href":"https:\/\/treni.al\/index.php?rest_route=\/wp\/v2\/pages\/1917\/revisions"}],"predecessor-version":[{"id":3971,"href":"https:\/\/treni.al\/index.php?rest_route=\/wp\/v2\/pages\/1917\/revisions\/3971"}],"wp:attachment":[{"href":"https:\/\/treni.al\/index.php?rest_route=%2Fwp%2Fv2%2Fmedia&parent=1917"}],"curies":[{"name":"wp","href":"https:\/\/api.w.org\/{rel}","templated":true}]}}