{"id":1912,"date":"2021-09-03T11:03:22","date_gmt":"2021-09-03T11:03:22","guid":{"rendered":"https:\/\/trenipovjen.al\/?page_id=1912"},"modified":"2025-03-04T10:30:48","modified_gmt":"2025-03-04T10:30:48","slug":"broshure-informuese","status":"publish","type":"page","link":"https:\/\/treni.al\/?page_id=1912","title":{"rendered":"Broshur\u00eb Informuese"},"content":{"rendered":"\n\n\t\t\t\t<img decoding=\"async\" src=\"https:\/\/trenipovjen.al\/wp-content\/uploads\/2021\/10\/foto-publikimet_1.jpg\" alt=\"foto publikimet_1\" itemprop=\"image\" title=\"foto publikimet_1\" onerror=\"this.style.display='none'\"  \/>\n\t\t\t\t<img decoding=\"async\" src=\"https:\/\/trenipovjen.al\/wp-content\/uploads\/2021\/11\/mobifoto-publikimet.jpg\" alt=\"mobifoto publikimet\" itemprop=\"image\" title=\"mobifoto publikimet\" onerror=\"this.style.display='none'\"  \/>\n\t<strong>Objektivi yn\u00eb primar \u00ebsht\u00eb informimi i grupeve t\u00eb ndryshme shoq\u00ebrore p\u00ebr avantazhet e hekurudh\u00ebs n\u00eb raport me format tjera t\u00eb transportit. Informim i cili drejtp\u00ebrdrejt ndikon n\u00eb rritjen e nd\u00ebrgjegj\u00ebsimit p\u00ebr p\u00ebrdorimin e sigurt\u00eb dhe t\u00eb q\u00ebndruesh\u00ebm t\u00eb k\u00ebsaj forme t\u00eb transportit t\u00eb njer\u00ebzve dhe mallrave. Kjo platform\u00eb onlin\u00eb ka t\u00eb pasqyruara nj\u00eb set materialesh informuese t\u00eb zhvilluara nga HBMC specifikisht p\u00ebr pal\u00ebt e interesuara me q\u00ebllim informimin dhe nd\u00ebrgjegj\u00ebsimin e tyre.<br \/>\n<\/strong>\n\t\t\t\t<img decoding=\"async\" src=\"https:\/\/trenipovjen.al\/wp-content\/uploads\/2021\/08\/black_red_logotrenipovjen.png\" alt=\"black_red_logotrenipovjen\" title=\"black_red_logotrenipovjen\" itemprop=\"image\"\/>\n\t\t<h3>BROSHUR\u00cb INFORMUESE <\/h3>\t\t\t\n\t\t\t\t<a href=\"https:\/\/trenipovjen.al\/wp-content\/uploads\/2022\/10\/Brochure-web.pdf\" target=\"_self\" itemprop=\"url\">\n\t\t\t\t<img decoding=\"async\" src=\"https:\/\/trenipovjen.al\/wp-content\/uploads\/2022\/10\/broshureinformuesePersigurineDhePerfitimeteTransportit.jpg\" alt=\"broshureinformuesePersigurineDhePerfitimeteTransportit\" itemprop=\"image\" title=\"broshureinformuesePersigurineDhePerfitimeteTransportit\" onerror=\"this.style.display='none'\"  \/>\n\t\t\t\t<\/a>\n\t\t\t\t<img decoding=\"async\" src=\"https:\/\/trenipovjen.al\/wp-content\/uploads\/2021\/08\/black_red_logotrenipovjen.png\" alt=\"black_red_logotrenipovjen\" title=\"black_red_logotrenipovjen\" itemprop=\"image\"\/>\n\t\t<h5><a href=\"https:\/\/trenipovjen.al\/wp-content\/uploads\/2022\/10\/Brochure-web.pdf\">BROSHUR\u00cb INFORMUESE P\u00cbR SIGURIN\u00cb DHE P\u00cbRFITIMET E TRANSPORTIT HEKURUDHOR<\/a><\/h5>\t\t\t\n\t<p>Ky dokument \u00ebsht\u00eb nj\u00eb produkt specifik informacioni dhe komunikimi q\u00eb do t\u00eb p\u00ebrdoret gjat\u00eb seancave informuese me m\u00ebsuesit e shkollave, stafin e bashkive (p\u00ebrfshir\u00eb pleqt\u00eb dhe drejtuesit e komunitetit) dhe menaxher\u00ebt e biznesit. Dokumenti detajon n\u00ebp\u00ebrmjet tekstit, tabelave dhe grafik\u00ebve t\u00eb gjitha aspektet n\u00eb lidhje me p\u00ebrdorimin e sigurt dhe p\u00ebrfitimet e q\u00ebndrueshme t\u00eb transportit hekurudhor. Dokumenti synon t\u00eb ndihmoj\u00eb n\u00eb ndryshimin e sjelljes s\u00eb njer\u00ebzve n\u00eb lidhje me hekurudhat dhe t&#8217;i b\u00ebj\u00eb ata t\u00eb mendojn\u00eb dhe t\u00eb veprojn\u00eb me kujdes.<\/p>\n\t\t\t<a href=\"https:\/\/treni.al\/wp-content\/uploads\/2025\/03\/Brochure-web.pdf\" target=\"_self\"   role=\"button\" aria-label=\"LEXO DOKUMENTIN\">\n\t\t\t\t\t\t\tLEXO DOKUMENTIN\n\t\t<\/a>\n\t\t\t<a href=\"https:\/\/treni.al\/wp-content\/uploads\/2025\/03\/Brochure-web.pdf\" target=\"_self\" role=\"button\" aria-label=\"SHKARKO DOKUMENTIN\" download=\"\">\n\t\t\t\t\t\t\tSHKARKO DOKUMENTIN\n\t\t<\/a>\n\n","protected":false},"excerpt":{"rendered":"<p>Objektivi yn\u00eb primar \u00ebsht\u00eb informimi i grupeve t\u00eb ndryshme shoq\u00ebrore p\u00ebr avantazhet e hekurudh\u00ebs n\u00eb raport me format tjera t\u00eb transportit. Informim i cili drejtp\u00ebrdrejt ndikon n\u00eb rritjen e nd\u00ebrgjegj\u00ebsimit p\u00ebr p\u00ebrdorimin e sigurt\u00eb dhe t\u00eb q\u00ebndruesh\u00ebm t\u00eb k\u00ebsaj forme t\u00eb transportit t\u00eb njer\u00ebzve dhe mallrave. Kjo platform\u00eb onlin\u00eb ka t\u00eb pasqyruara nj\u00eb set materialesh &hellip;<\/p>\n<p class=\"read-more\"> <a class=\"\" href=\"https:\/\/treni.al\/?page_id=1912\"> <span class=\"screen-reader-text\">Broshur\u00eb Informuese<\/span> Read More \u00bb<\/a><\/p>\n","protected":false},"author":1,"featured_media":0,"parent":0,"menu_order":0,"comment_status":"closed","ping_status":"closed","template":"","meta":{"footnotes":""},"class_list":["post-1912","page","type-page","status-publish","hentry"],"_links":{"self":[{"href":"https:\/\/treni.al\/index.php?rest_route=\/wp\/v2\/pages\/1912","targetHints":{"allow":["GET"]}}],"collection":[{"href":"https:\/\/treni.al\/index.php?rest_route=\/wp\/v2\/pages"}],"about":[{"href":"https:\/\/treni.al\/index.php?rest_route=\/wp\/v2\/types\/page"}],"author":[{"embeddable":true,"href":"https:\/\/treni.al\/index.php?rest_route=\/wp\/v2\/users\/1"}],"replies":[{"embeddable":true,"href":"https:\/\/treni.al\/index.php?rest_route=%2Fwp%2Fv2%2Fcomments&post=1912"}],"version-history":[{"count":25,"href":"https:\/\/treni.al\/index.php?rest_route=\/wp\/v2\/pages\/1912\/revisions"}],"predecessor-version":[{"id":3969,"href":"https:\/\/treni.al\/index.php?rest_route=\/wp\/v2\/pages\/1912\/revisions\/3969"}],"wp:attachment":[{"href":"https:\/\/treni.al\/index.php?rest_route=%2Fwp%2Fv2%2Fmedia&parent=1912"}],"curies":[{"name":"wp","href":"https:\/\/api.w.org\/{rel}","templated":true}]}}