{"id":1698,"date":"2021-08-24T08:16:25","date_gmt":"2021-08-24T08:16:25","guid":{"rendered":"https:\/\/trenipovjen.al\/?page_id=1698"},"modified":"2021-11-01T11:48:46","modified_gmt":"2021-11-01T11:48:46","slug":"per-femijet","status":"publish","type":"page","link":"https:\/\/treni.al\/?page_id=1698","title":{"rendered":"P\u00ebr F\u00ebmij\u00ebt"},"content":{"rendered":"\n\n\t<!DOCTYPE html>\n<html lang=\"en\">\n<head>\n<meta charset=\"utf-8\"\/>\n<title>Placing Text Over an Image in CSS<\/title>\n<style>\n    .box{\n        position: relative;\n        display: inline-block; \/* Make the width of box same as image *\/\n    }\n.box .text {\n    position: absolute;\n    z-index: 9;\n    margin: 0 auto;\n    left: 309px;\n    right: 0;\n    top: 5.7%;\n    text-align: center;\n    width: 76%;\n}\n<\/style>\n<\/head> \n<body>\n        <img decoding=\"async\" src=\"https:\/\/trenipovjen.al\/wp-content\/uploads\/2021\/10\/foto-keshilla-femijet-1-1.jpg\" alt=\"Flying Kites\"\/>\n            <div id=\"mtphr-dnt-1762\" class=\"mtphr-dnt mtphr-dnt-1762 mtphr-dnt-default mtphr-dnt-scroll mtphr-dnt-scroll-left\"><div class=\"mtphr-dnt-wrapper mtphr-dnt-clearfix\"><div class=\"mtphr-dnt-tick-container\"><div class=\"mtphr-dnt-tick-contents\"><div class=\"mtphr-dnt-tick mtphr-dnt-default-tick mtphr-dnt-clearfix \"><i class=\"fas\" style=\"font-size: 14px;background-color: #1d141400;color: #d80529;padding: 5px;border-radius: 100%\">\uf054<\/i><b>Trenat <\/b>zakonisht <b>udh\u00ebtojn\u00eb me<\/b> nj\u00eb shpejt\u00ebsi mesatare prej <b>80km\/or\u00eb.<\/b><\/div><div class=\"mtphr-dnt-tick mtphr-dnt-default-tick mtphr-dnt-clearfix \"><i class=\"fas\" style=\"font-size: 14px;background-color: #1d141400;color: #d80529;padding: 5px;border-radius: 100%\">\uf054<\/i><b>Nj\u00eb tren<\/b> peshon rreth<b> 400 ton <\/b>q\u00eb \u00ebsht\u00eb e barabart\u00eb me <b>80 elefant\u00eb.<\/b><\/div><div class=\"mtphr-dnt-tick mtphr-dnt-default-tick mtphr-dnt-clearfix \"><i class=\"fas\" style=\"font-size: 14px;background-color: #1d141400;color: #d80529;padding: 5px;border-radius: 100%\">\uf054<\/i>Q\u00eb nga momenti i frenimit<b> trenit i duhet rreth 1.5km q\u00eb t\u00eb ndaloj\u00eb<\/b> plot\u00ebsisht. Kjo distanc\u00eb \u00ebsht\u00eb sa <b>15 fusha futbolli!<\/b><\/div><div class=\"mtphr-dnt-tick mtphr-dnt-default-tick mtphr-dnt-clearfix \"><i class=\"fas\" style=\"font-size: 14px;background-color: #1d141400;color: #d80529;padding: 5px;border-radius: 100%\">\uf054<\/i>\u00cbsht\u00eb e<b> v\u00ebshtir\u00eb t\u00eb p\u00ebrcaktoni shpejt\u00ebsin\u00eb dhe larg\u00ebsin\u00eb<\/b> e trenit nga ju.<b> Trenat <\/b>jan\u00eb zakonisht <b>m\u00eb af\u00ebr,<\/b> udh\u00ebtojn\u00eb <b>m\u00eb shpejt<\/b> dhe b\u00ebjn\u00eb <b>m\u00eb pak shum\u00eb zhurm\u00eb se sa duket.<\/b><\/div><div class=\"mtphr-dnt-tick mtphr-dnt-default-tick mtphr-dnt-clearfix \"><i class=\"fas\" style=\"font-size: 14px;background-color: #1d141400;color: #d80529;padding: 5px;border-radius: 100%\">\uf054<\/i>Kur <b>treni p\u00ebrplas nj\u00eb autovetur\u00eb <\/b>\u00ebsht\u00eb sikur nj\u00eb<b> autovetur\u00eb t\u00eb godas\u00eb nj\u00eb kana\u00e7e<\/b> pijesh.<\/div><div class=\"mtphr-dnt-tick mtphr-dnt-default-tick mtphr-dnt-clearfix \"><i class=\"fas\" style=\"font-size: 14px;background-color: #1d141400;color: #d80529;padding: 5px;border-radius: 100%\">\uf054<\/i><b>Trenat<\/b> jan\u00eb <b>m\u00eb t\u00eb gjer\u00eb sesa binar\u00ebt<\/b>, ata mund t\u00eb shkojn\u00eb <b>deri n\u00eb 1m <\/b>n\u00eb \u00e7do an\u00eb. <b>Respektoni distanc\u00ebn e siguris\u00eb<\/b> kur jeni af\u00ebr shinave.<\/div><div class=\"mtphr-dnt-tick mtphr-dnt-default-tick mtphr-dnt-clearfix \"><i class=\"fas\" style=\"font-size: 14px;background-color: #1d141400;color: #d80529;padding: 5px;border-radius: 100%\">\uf054<\/i><b>Trenat <\/b>mund t\u00eb <b>l\u00ebvizin n\u00eb t\u00eb dy drejtimet <\/b>pavar\u00ebsisht se kan\u00eb lokomotiv\u00ebn n\u00eb nj\u00ebr\u00ebn an\u00eb. <b>L\u00ebvizjet e trenave<\/b>jan\u00eb <b>t\u00eb paparashikueshme<\/b>, \u00ebsht\u00eb <b> i rreziksh\u00ebm kalimi midis vagon\u00ebve<\/b> t\u00eb nj\u00eb treni q\u00eb ka ndaluar.<\/div><div class=\"mtphr-dnt-tick mtphr-dnt-default-tick mtphr-dnt-clearfix \"><i class=\"fas\" style=\"font-size: 14px;background-color: #1d141400;color: #d80529;padding: 5px;border-radius: 100%\">\uf054<\/i><b>Kalimet e mbrojtura <\/b>t\u00eb hekurudh\u00ebs jan\u00eb <b>p\u00ebr t\u00eb na ruajtur <\/b>dhe<b> jo p\u00ebr t\u00eb na harxhuar koh\u00ebn<\/b>. Ato <b>shp\u00ebtojn\u00eb jet\u00eb<\/b> njer\u00ebzish.<\/div><div class=\"mtphr-dnt-tick mtphr-dnt-default-tick mtphr-dnt-clearfix \"><i class=\"fas\" style=\"font-size: 14px;background-color: #1d141400;color: #d80529;padding: 5px;border-radius: 100%\">\uf054<\/i>Kur <b>shikoni shinat mendoni trenin<\/b>, n\u00eb \u00e7do moment mund t\u00eb jet\u00eb duke kaluar nj\u00eb tren.<\/div><div class=\"mtphr-dnt-tick mtphr-dnt-default-tick mtphr-dnt-clearfix \"><i class=\"fas\" style=\"font-size: 14px;background-color: #1d141400;color: #d80529;padding: 5px;border-radius: 100%\">\uf054<\/i><b>Shinat jan\u00eb t\u00eb trenit e jo p\u00ebr njer\u00ebzit!<\/b> \u00cbsht\u00eb me rrezik t\u00eb ecni apo t\u00eb luani p\u00ebrgjat\u00eb shinave.<\/div><\/div><\/div><\/div><\/div>\n<\/body>\n<\/html>\n\t\t\t\t<img loading=\"lazy\" decoding=\"async\" src=\"https:\/\/trenipovjen.al\/wp-content\/uploads\/2021\/11\/mobifoto-keshilla-femijet.jpg\" alt=\"mobifoto keshilla femijet\" itemprop=\"image\" height=\"550\" width=\"1000\" title=\"mobifoto keshilla femijet\" onerror=\"this.style.display='none'\"  \/>\n\t<em><strong>Aksidentet kryesore ndodhin me k\u00ebmb\u00ebsor\u00ebt dhe drejtuesit e mjeteve q\u00eb kalojn\u00eb shinat n\u00eb m\u00ebnyr\u00eb t\u00eb pasigurt<br \/>\ndhe m\u00eb tep\u00ebr ndodhin n\u00eb vendkalimet n\u00eb nivel.<\/strong><\/em>\n\t\t\t\t<img decoding=\"async\" src=\"https:\/\/trenipovjen.al\/wp-content\/uploads\/2021\/08\/black_red_logotrenipovjen.png\" alt=\"black_red_logotrenipovjen\" title=\"black_red_logotrenipovjen\" itemprop=\"image\"\/>\n\t\t<h3>K\u00cbSHILLA P\u00cbR F\u00cbMIJ\u00cbT<\/h3>\t\t\t\n\t\t<p>Kap\u00ebrceni shinat vet\u00ebm n\u00eb vendet me shenj\u00ebn X ! Largohuni sa m\u00eb shpejt nga shinat n\u00ebse d\u00ebgjoni borin\u00eb e trenit !<\/p>\t\t\t\n\t\t<p>Mos q\u00ebndroni mbi shina. Kur trenisti ju sheh \u00ebsht\u00eb shum\u00eb von\u00eb p\u00ebr t\u00eb ndaluar. Shinat jan\u00eb p\u00ebr trenin jo p\u00ebr loj\u00ebra.<\/p>\t\t\t\n\t\t<p>Kurr\u00eb mos i bini rrug\u00ebs shkurt p\u00ebrmbi shina.<\/p>\t\t\t\n\t\t<p>Mos hyni dhe mos kaloni brenda tuneleve t\u00eb hekurudh\u00ebs.<\/p>\t\t\t\n\t\t<p>Mos kaloni dhe mos luani mbi urat e hekurudh\u00ebs !<\/p>\t\t\t\n\t\t<p>Mos vendosni sende t\u00eb forta mbi shinat e trenit &#8211; \u00ebsht\u00eb e rrezikshme !<\/p>\t\t\t\n\t\t<p>Mos luani mbi vagone dhe mos kaloni midis tyre edhe kur treni ka ndaluar !<\/p>\t\t\t\n\t\t<p>Mos q\u00eblloni me gur\u00eb trenin se rrezikoni pasagjer\u00ebt ! Ata mund t\u00eb jen\u00eb familjar\u00ebt tuaj.<\/p>\t\t\t\n\n","protected":false},"excerpt":{"rendered":"<p>Placing Text Over an Image in CSS Aksidentet kryesore ndodhin me k\u00ebmb\u00ebsor\u00ebt dhe drejtuesit e mjeteve q\u00eb kalojn\u00eb shinat n\u00eb m\u00ebnyr\u00eb t\u00eb pasigurt dhe m\u00eb tep\u00ebr ndodhin n\u00eb vendkalimet n\u00eb nivel. K\u00cbSHILLA P\u00cbR F\u00cbMIJ\u00cbT Kap\u00ebrceni shinat vet\u00ebm n\u00eb vendet me shenj\u00ebn X ! Largohuni sa m\u00eb shpejt nga shinat n\u00ebse d\u00ebgjoni borin\u00eb e trenit ! &hellip;<\/p>\n<p class=\"read-more\"> <a class=\"\" href=\"https:\/\/treni.al\/?page_id=1698\"> <span class=\"screen-reader-text\">P\u00ebr F\u00ebmij\u00ebt<\/span> Read More \u00bb<\/a><\/p>\n","protected":false},"author":1,"featured_media":0,"parent":1091,"menu_order":0,"comment_status":"closed","ping_status":"closed","template":"","meta":{"footnotes":""},"class_list":["post-1698","page","type-page","status-publish","hentry"],"_links":{"self":[{"href":"https:\/\/treni.al\/index.php?rest_route=\/wp\/v2\/pages\/1698","targetHints":{"allow":["GET"]}}],"collection":[{"href":"https:\/\/treni.al\/index.php?rest_route=\/wp\/v2\/pages"}],"about":[{"href":"https:\/\/treni.al\/index.php?rest_route=\/wp\/v2\/types\/page"}],"author":[{"embeddable":true,"href":"https:\/\/treni.al\/index.php?rest_route=\/wp\/v2\/users\/1"}],"replies":[{"embeddable":true,"href":"https:\/\/treni.al\/index.php?rest_route=%2Fwp%2Fv2%2Fcomments&post=1698"}],"version-history":[{"count":26,"href":"https:\/\/treni.al\/index.php?rest_route=\/wp\/v2\/pages\/1698\/revisions"}],"predecessor-version":[{"id":3129,"href":"https:\/\/treni.al\/index.php?rest_route=\/wp\/v2\/pages\/1698\/revisions\/3129"}],"up":[{"embeddable":true,"href":"https:\/\/treni.al\/index.php?rest_route=\/wp\/v2\/pages\/1091"}],"wp:attachment":[{"href":"https:\/\/treni.al\/index.php?rest_route=%2Fwp%2Fv2%2Fmedia&parent=1698"}],"curies":[{"name":"wp","href":"https:\/\/api.w.org\/{rel}","templated":true}]}}