{"id":1697,"date":"2021-08-24T08:17:30","date_gmt":"2021-08-24T08:17:30","guid":{"rendered":"https:\/\/trenipovjen.al\/?page_id=1697"},"modified":"2021-11-01T11:46:28","modified_gmt":"2021-11-01T11:46:28","slug":"per-kembesoret","status":"publish","type":"page","link":"https:\/\/treni.al\/?page_id=1697","title":{"rendered":"P\u00ebr k\u00ebmb\u00ebsor\u00ebt"},"content":{"rendered":"\n\n\t<!DOCTYPE html>\n<html lang=\"en\">\n<head>\n<meta charset=\"utf-8\"\/>\n<title>Placing Text Over an Image in CSS<\/title>\n<style>\n    .box{\n        position: relative;\n        display: inline-block; \/* Make the width of box same as image *\/\n    }\n.box .text {\n    position: absolute;\n    z-index: 9;\n    margin: 0 auto;\n    left: 309px;\n    right: 0;\n    top: 5.7%;\n    text-align: center;\n    width: 76%;\n}\n<\/style>\n<\/head> \n<body>\n        <img decoding=\"async\" src=\"https:\/\/trenipovjen.al\/wp-content\/uploads\/2021\/10\/foto-keshilla-kembesoret_1.jpg\" alt=\"Flying Kites\"\/>\n           <div id=\"mtphr-dnt-1762\" class=\"mtphr-dnt mtphr-dnt-1762 mtphr-dnt-default mtphr-dnt-scroll mtphr-dnt-scroll-left\"><div class=\"mtphr-dnt-wrapper mtphr-dnt-clearfix\"><div class=\"mtphr-dnt-tick-container\"><div class=\"mtphr-dnt-tick-contents\"><div class=\"mtphr-dnt-tick mtphr-dnt-default-tick mtphr-dnt-clearfix \"><i class=\"fas\" style=\"font-size: 14px;background-color: #1d141400;color: #d80529;padding: 5px;border-radius: 100%\">\uf054<\/i><b>Trenat <\/b>zakonisht <b>udh\u00ebtojn\u00eb me<\/b> nj\u00eb shpejt\u00ebsi mesatare prej <b>80km\/or\u00eb.<\/b><\/div><div class=\"mtphr-dnt-tick mtphr-dnt-default-tick mtphr-dnt-clearfix \"><i class=\"fas\" style=\"font-size: 14px;background-color: #1d141400;color: #d80529;padding: 5px;border-radius: 100%\">\uf054<\/i><b>Nj\u00eb tren<\/b> peshon rreth<b> 400 ton <\/b>q\u00eb \u00ebsht\u00eb e barabart\u00eb me <b>80 elefant\u00eb.<\/b><\/div><div class=\"mtphr-dnt-tick mtphr-dnt-default-tick mtphr-dnt-clearfix \"><i class=\"fas\" style=\"font-size: 14px;background-color: #1d141400;color: #d80529;padding: 5px;border-radius: 100%\">\uf054<\/i>Q\u00eb nga momenti i frenimit<b> trenit i duhet rreth 1.5km q\u00eb t\u00eb ndaloj\u00eb<\/b> plot\u00ebsisht. Kjo distanc\u00eb \u00ebsht\u00eb sa <b>15 fusha futbolli!<\/b><\/div><div class=\"mtphr-dnt-tick mtphr-dnt-default-tick mtphr-dnt-clearfix \"><i class=\"fas\" style=\"font-size: 14px;background-color: #1d141400;color: #d80529;padding: 5px;border-radius: 100%\">\uf054<\/i>\u00cbsht\u00eb e<b> v\u00ebshtir\u00eb t\u00eb p\u00ebrcaktoni shpejt\u00ebsin\u00eb dhe larg\u00ebsin\u00eb<\/b> e trenit nga ju.<b> Trenat <\/b>jan\u00eb zakonisht <b>m\u00eb af\u00ebr,<\/b> udh\u00ebtojn\u00eb <b>m\u00eb shpejt<\/b> dhe b\u00ebjn\u00eb <b>m\u00eb pak shum\u00eb zhurm\u00eb se sa duket.<\/b><\/div><div class=\"mtphr-dnt-tick mtphr-dnt-default-tick mtphr-dnt-clearfix \"><i class=\"fas\" style=\"font-size: 14px;background-color: #1d141400;color: #d80529;padding: 5px;border-radius: 100%\">\uf054<\/i>Kur <b>treni p\u00ebrplas nj\u00eb autovetur\u00eb <\/b>\u00ebsht\u00eb sikur nj\u00eb<b> autovetur\u00eb t\u00eb godas\u00eb nj\u00eb kana\u00e7e<\/b> pijesh.<\/div><div class=\"mtphr-dnt-tick mtphr-dnt-default-tick mtphr-dnt-clearfix \"><i class=\"fas\" style=\"font-size: 14px;background-color: #1d141400;color: #d80529;padding: 5px;border-radius: 100%\">\uf054<\/i><b>Trenat<\/b> jan\u00eb <b>m\u00eb t\u00eb gjer\u00eb sesa binar\u00ebt<\/b>, ata mund t\u00eb shkojn\u00eb <b>deri n\u00eb 1m <\/b>n\u00eb \u00e7do an\u00eb. <b>Respektoni distanc\u00ebn e siguris\u00eb<\/b> kur jeni af\u00ebr shinave.<\/div><div class=\"mtphr-dnt-tick mtphr-dnt-default-tick mtphr-dnt-clearfix \"><i class=\"fas\" style=\"font-size: 14px;background-color: #1d141400;color: #d80529;padding: 5px;border-radius: 100%\">\uf054<\/i><b>Trenat <\/b>mund t\u00eb <b>l\u00ebvizin n\u00eb t\u00eb dy drejtimet <\/b>pavar\u00ebsisht se kan\u00eb lokomotiv\u00ebn n\u00eb nj\u00ebr\u00ebn an\u00eb. <b>L\u00ebvizjet e trenave<\/b>jan\u00eb <b>t\u00eb paparashikueshme<\/b>, \u00ebsht\u00eb <b> i rreziksh\u00ebm kalimi midis vagon\u00ebve<\/b> t\u00eb nj\u00eb treni q\u00eb ka ndaluar.<\/div><div class=\"mtphr-dnt-tick mtphr-dnt-default-tick mtphr-dnt-clearfix \"><i class=\"fas\" style=\"font-size: 14px;background-color: #1d141400;color: #d80529;padding: 5px;border-radius: 100%\">\uf054<\/i><b>Kalimet e mbrojtura <\/b>t\u00eb hekurudh\u00ebs jan\u00eb <b>p\u00ebr t\u00eb na ruajtur <\/b>dhe<b> jo p\u00ebr t\u00eb na harxhuar koh\u00ebn<\/b>. Ato <b>shp\u00ebtojn\u00eb jet\u00eb<\/b> njer\u00ebzish.<\/div><div class=\"mtphr-dnt-tick mtphr-dnt-default-tick mtphr-dnt-clearfix \"><i class=\"fas\" style=\"font-size: 14px;background-color: #1d141400;color: #d80529;padding: 5px;border-radius: 100%\">\uf054<\/i>Kur <b>shikoni shinat mendoni trenin<\/b>, n\u00eb \u00e7do moment mund t\u00eb jet\u00eb duke kaluar nj\u00eb tren.<\/div><div class=\"mtphr-dnt-tick mtphr-dnt-default-tick mtphr-dnt-clearfix \"><i class=\"fas\" style=\"font-size: 14px;background-color: #1d141400;color: #d80529;padding: 5px;border-radius: 100%\">\uf054<\/i><b>Shinat jan\u00eb t\u00eb trenit e jo p\u00ebr njer\u00ebzit!<\/b> \u00cbsht\u00eb me rrezik t\u00eb ecni apo t\u00eb luani p\u00ebrgjat\u00eb shinave.<\/div><\/div><\/div><\/div><\/div>\n<\/body>\n<\/html>\n\t\t\t\t<img loading=\"lazy\" decoding=\"async\" src=\"https:\/\/trenipovjen.al\/wp-content\/uploads\/2021\/11\/mobifoto-keshilla-kembesoret.jpg\" alt=\"mobifoto keshilla kembesoret\" itemprop=\"image\" height=\"550\" width=\"1000\" title=\"mobifoto keshilla kembesoret\" onerror=\"this.style.display='none'\"  \/>\n\t<em><strong>Aksidentet kryesore ndodhin me k\u00ebmb\u00ebsor\u00ebt dhe drejtuesit e mjeteve q\u00eb kalojn\u00eb shinat n\u00eb m\u00ebnyr\u00eb t\u00eb pasigurt<br \/>\ndhe m\u00eb tep\u00ebr ndodhin n\u00eb vendkalimet n\u00eb nivel.<\/strong><\/em>\n\t\t\t\t<img decoding=\"async\" src=\"https:\/\/trenipovjen.al\/wp-content\/uploads\/2021\/08\/black_red_logotrenipovjen.png\" alt=\"black_red_logotrenipovjen\" title=\"black_red_logotrenipovjen\" itemprop=\"image\"\/>\n\t\t<h3>K\u00cbSHILLA PRAKTIKE P\u00cbR K\u00cbMB\u00cbSOR\u00cbT<\/h3>\t\t\t\n\t\t\t\t<img decoding=\"async\" src=\"https:\/\/trenipovjen.al\/wp-content\/uploads\/2021\/08\/image-5.png\" alt=\"image (5)\" title=\"image (5)\" itemprop=\"image\"\/>\n\t\t<h4>Q\u00cbNDRO LARG SHINAVE !<\/h4>\t\t\t\n\t\t\t\t<p>Kurr\u00eb mos ecni, luani, ngisni bi\u00e7iklet\u00ebn, motorrin apo automjetin p\u00ebrgjat\u00eb shinave. \u00cbsht\u00eb e v\u00ebshtir\u00eb t\u00eb gjykosh larg\u00ebsin\u00eb apo shpejt\u00ebsin\u00eb e trenit q\u00eb po kalon.<\/p>\n\t\t\t\t<img decoding=\"async\" src=\"https:\/\/trenipovjen.al\/wp-content\/uploads\/2021\/08\/image-4.png\" alt=\"image (4)\" title=\"image (4)\" itemprop=\"image\"\/>\n\t\t<h4>RESPEKTONI SHENJAT &#038; SINJALET<\/h4>\t\t\t\n\t\t\t\t<p>Zbatoni t\u00eb gjitha rregullat e treguara nga shenjat dhe pajisjet paralajm\u00ebruese. P\u00ebrpara se t\u00eb kap\u00ebrceni shinat, shikoni n\u00eb t\u00eb dy an\u00ebt dhe d\u00ebgjoni n\u00ebse treni po afrohet. N\u00ebse treni po vjen, apo sinjalet aktivizohen, ndaloni pas port\u00ebs ose 5km larg nga shinat dhe prisni q\u00eb treni t\u00eb kaloj\u00eb. Kaloni vet\u00ebm kur sinjalet t\u00eb ken\u00eb pushuar dhe jeni siguruar se asnj\u00eb tren nuk po afrohet.<\/p>\n\t\t\t\t<img decoding=\"async\" src=\"https:\/\/trenipovjen.al\/wp-content\/uploads\/2021\/08\/image-3.png\" alt=\"image (3)\" title=\"image (3)\" itemprop=\"image\"\/>\n\t\t<h4>RUAJ DISTANC\u00cbN E SIGURIS\u00cb<\/h4>\t\t\t\n\t\t\t\t<p>Trenat e tejkalojn\u00eb gjer\u00ebsin\u00eb e shinave me deri 1m n\u00eb secil\u00ebn an\u00eb. Ata mund t\u00eb transportojn\u00eb ngarkesa q\u00eb jan\u00eb m\u00eb t\u00eb gjera se vagon\u00ebt ju mund t\u00eb goditeni gjithashtu nga zinxhir\u00eb, litar\u00eb apo nga vorbulla e ajrit n\u00ebse jeni shum\u00eb af\u00ebr. Respektimi i distanc\u00ebs s\u00eb siguris\u00eb ju shp\u00ebton jet\u00ebn.<\/p>\n\t\t\t\t<img decoding=\"async\" src=\"https:\/\/trenipovjen.al\/wp-content\/uploads\/2021\/08\/image-6.png\" alt=\"image (6)\" title=\"image (6)\" itemprop=\"image\"\/>\n\t\t<h4>RUAJ PRON\u00cbN HEKURUDHORE<\/h4>\t\t\t\n\t\t\t\t<p>Traseja, tunelet dhe urat jan\u00eb pron\u00eb e Hekurudh\u00ebs. P\u00ebrdorja e tyre p\u00ebr q\u00ebllime t\u00eb tjera nga njer\u00ebzit \u00ebsht\u00eb jo vet\u00ebm shum\u00eb e rrezikshme por edhe e d\u00ebnueshme. Tunelet dhe urat jan\u00eb m\u00eb pak t\u00eb gjer\u00eb se shinat, duke l\u00ebn\u00eb pak vend p\u00ebr ju n\u00ebse treni vjen.<\/p>\n\t\t\t\t<img decoding=\"async\" src=\"https:\/\/trenipovjen.al\/wp-content\/uploads\/2021\/08\/image-7.png\" alt=\"image (7)\" title=\"image (7)\" itemprop=\"image\"\/>\n\t\t<h4>P\u00cbRDOR KALIMET E LEJUARA<\/h4>\t\t\t\n\t\t\t\t<p>Kaloni gjithmon\u00eb shinat n\u00eb kalimet e caktuara. Kap\u00ebrcimi i binar\u00ebve kudo tjet\u00ebr mund t\u00eb jet\u00eb vdekjeprur\u00ebs. Kujdes, treni mund t\u00eb vij\u00eb nga cilido drejtim e n\u00eb \u00e7do koh\u00eb, nuk ka nj\u00eb orar t\u00eb caktuar.<\/p>\n\t\t\t\t<img decoding=\"async\" src=\"https:\/\/trenipovjen.al\/wp-content\/uploads\/2021\/08\/image-8.png\" alt=\"image (8)\" title=\"image (8)\" itemprop=\"image\"\/>\n\t\t<h4>Q\u00cbNDRONI VIGJILENT\u00cb<\/h4>\t\t\t\n\t\t\t\t<p>Ju nuk mund ta shmangni goditjen nga treni n\u00ebse nuk e d\u00ebgjoni apo e shihni at\u00eb. Trenat sot ecin shpejt e b\u00ebjn\u00eb pak zhurm\u00eb. Trenat i bien boris\u00eb n\u00eb vendkalime, ose raste emergjence, por ju nuk do ta d\u00ebgjoni n\u00ebse keni kufje. Mos u shp\u00ebrq\u00ebndroni nga celular\u00ebt e pajisjet e tjera kur jeni pran\u00eb shinave apo kalimit hekurudhor.<\/p>\n\n","protected":false},"excerpt":{"rendered":"<p>Placing Text Over an Image in CSS Aksidentet kryesore ndodhin me k\u00ebmb\u00ebsor\u00ebt dhe drejtuesit e mjeteve q\u00eb kalojn\u00eb shinat n\u00eb m\u00ebnyr\u00eb t\u00eb pasigurt dhe m\u00eb tep\u00ebr ndodhin n\u00eb vendkalimet n\u00eb nivel. K\u00cbSHILLA PRAKTIKE P\u00cbR K\u00cbMB\u00cbSOR\u00cbT Q\u00cbNDRO LARG SHINAVE ! Kurr\u00eb mos ecni, luani, ngisni bi\u00e7iklet\u00ebn, motorrin apo automjetin p\u00ebrgjat\u00eb shinave. \u00cbsht\u00eb e v\u00ebshtir\u00eb t\u00eb gjykosh &hellip;<\/p>\n<p class=\"read-more\"> <a class=\"\" href=\"https:\/\/treni.al\/?page_id=1697\"> <span class=\"screen-reader-text\">P\u00ebr k\u00ebmb\u00ebsor\u00ebt<\/span> Read More \u00bb<\/a><\/p>\n","protected":false},"author":1,"featured_media":0,"parent":1091,"menu_order":0,"comment_status":"closed","ping_status":"closed","template":"","meta":{"footnotes":""},"class_list":["post-1697","page","type-page","status-publish","hentry"],"_links":{"self":[{"href":"https:\/\/treni.al\/index.php?rest_route=\/wp\/v2\/pages\/1697","targetHints":{"allow":["GET"]}}],"collection":[{"href":"https:\/\/treni.al\/index.php?rest_route=\/wp\/v2\/pages"}],"about":[{"href":"https:\/\/treni.al\/index.php?rest_route=\/wp\/v2\/types\/page"}],"author":[{"embeddable":true,"href":"https:\/\/treni.al\/index.php?rest_route=\/wp\/v2\/users\/1"}],"replies":[{"embeddable":true,"href":"https:\/\/treni.al\/index.php?rest_route=%2Fwp%2Fv2%2Fcomments&post=1697"}],"version-history":[{"count":27,"href":"https:\/\/treni.al\/index.php?rest_route=\/wp\/v2\/pages\/1697\/revisions"}],"predecessor-version":[{"id":3127,"href":"https:\/\/treni.al\/index.php?rest_route=\/wp\/v2\/pages\/1697\/revisions\/3127"}],"up":[{"embeddable":true,"href":"https:\/\/treni.al\/index.php?rest_route=\/wp\/v2\/pages\/1091"}],"wp:attachment":[{"href":"https:\/\/treni.al\/index.php?rest_route=%2Fwp%2Fv2%2Fmedia&parent=1697"}],"curies":[{"name":"wp","href":"https:\/\/api.w.org\/{rel}","templated":true}]}}