{"id":1696,"date":"2021-08-24T08:18:09","date_gmt":"2021-08-24T08:18:09","guid":{"rendered":"https:\/\/trenipovjen.al\/?page_id=1696"},"modified":"2021-11-01T11:34:35","modified_gmt":"2021-11-01T11:34:35","slug":"per-shoferet","status":"publish","type":"page","link":"https:\/\/treni.al\/?page_id=1696","title":{"rendered":"P\u00ebr Shofer\u00ebt"},"content":{"rendered":"\n\n\t<!DOCTYPE html>\n<html lang=\"en\">\n<head>\n<meta charset=\"utf-8\"\/>\n<title>Placing Text Over an Image in CSS<\/title>\n<style>\n    .box{\n        position: relative;\n        display: inline-block; \/* Make the width of box same as image *\/\n    }\n.box .text {\n    position: absolute;\n    z-index: 9;\n    margin: 0 auto;\n    left: 309px;\n    right: 0;\n    top: 5.7%;\n    text-align: center;\n    width: 76%;\n}\n<\/style>\n<\/head> \n<body>\n        <img decoding=\"async\" src=\"https:\/\/trenipovjen.al\/wp-content\/uploads\/2021\/10\/foto-keshilla-shoferet_1.jpg\" alt=\"Flying Kites\"\/>\n            <div id=\"mtphr-dnt-1762\" class=\"mtphr-dnt mtphr-dnt-1762 mtphr-dnt-default mtphr-dnt-scroll mtphr-dnt-scroll-left\"><div class=\"mtphr-dnt-wrapper mtphr-dnt-clearfix\"><div class=\"mtphr-dnt-tick-container\"><div class=\"mtphr-dnt-tick-contents\"><div class=\"mtphr-dnt-tick mtphr-dnt-default-tick mtphr-dnt-clearfix \"><i class=\"fas\" style=\"font-size: 14px;background-color: #1d141400;color: #d80529;padding: 5px;border-radius: 100%\">\uf054<\/i><b>Trenat <\/b>zakonisht <b>udh\u00ebtojn\u00eb me<\/b> nj\u00eb shpejt\u00ebsi mesatare prej <b>80km\/or\u00eb.<\/b><\/div><div class=\"mtphr-dnt-tick mtphr-dnt-default-tick mtphr-dnt-clearfix \"><i class=\"fas\" style=\"font-size: 14px;background-color: #1d141400;color: #d80529;padding: 5px;border-radius: 100%\">\uf054<\/i><b>Nj\u00eb tren<\/b> peshon rreth<b> 400 ton <\/b>q\u00eb \u00ebsht\u00eb e barabart\u00eb me <b>80 elefant\u00eb.<\/b><\/div><div class=\"mtphr-dnt-tick mtphr-dnt-default-tick mtphr-dnt-clearfix \"><i class=\"fas\" style=\"font-size: 14px;background-color: #1d141400;color: #d80529;padding: 5px;border-radius: 100%\">\uf054<\/i>Q\u00eb nga momenti i frenimit<b> trenit i duhet rreth 1.5km q\u00eb t\u00eb ndaloj\u00eb<\/b> plot\u00ebsisht. Kjo distanc\u00eb \u00ebsht\u00eb sa <b>15 fusha futbolli!<\/b><\/div><div class=\"mtphr-dnt-tick mtphr-dnt-default-tick mtphr-dnt-clearfix \"><i class=\"fas\" style=\"font-size: 14px;background-color: #1d141400;color: #d80529;padding: 5px;border-radius: 100%\">\uf054<\/i>\u00cbsht\u00eb e<b> v\u00ebshtir\u00eb t\u00eb p\u00ebrcaktoni shpejt\u00ebsin\u00eb dhe larg\u00ebsin\u00eb<\/b> e trenit nga ju.<b> Trenat <\/b>jan\u00eb zakonisht <b>m\u00eb af\u00ebr,<\/b> udh\u00ebtojn\u00eb <b>m\u00eb shpejt<\/b> dhe b\u00ebjn\u00eb <b>m\u00eb pak shum\u00eb zhurm\u00eb se sa duket.<\/b><\/div><div class=\"mtphr-dnt-tick mtphr-dnt-default-tick mtphr-dnt-clearfix \"><i class=\"fas\" style=\"font-size: 14px;background-color: #1d141400;color: #d80529;padding: 5px;border-radius: 100%\">\uf054<\/i>Kur <b>treni p\u00ebrplas nj\u00eb autovetur\u00eb <\/b>\u00ebsht\u00eb sikur nj\u00eb<b> autovetur\u00eb t\u00eb godas\u00eb nj\u00eb kana\u00e7e<\/b> pijesh.<\/div><div class=\"mtphr-dnt-tick mtphr-dnt-default-tick mtphr-dnt-clearfix \"><i class=\"fas\" style=\"font-size: 14px;background-color: #1d141400;color: #d80529;padding: 5px;border-radius: 100%\">\uf054<\/i><b>Trenat<\/b> jan\u00eb <b>m\u00eb t\u00eb gjer\u00eb sesa binar\u00ebt<\/b>, ata mund t\u00eb shkojn\u00eb <b>deri n\u00eb 1m <\/b>n\u00eb \u00e7do an\u00eb. <b>Respektoni distanc\u00ebn e siguris\u00eb<\/b> kur jeni af\u00ebr shinave.<\/div><div class=\"mtphr-dnt-tick mtphr-dnt-default-tick mtphr-dnt-clearfix \"><i class=\"fas\" style=\"font-size: 14px;background-color: #1d141400;color: #d80529;padding: 5px;border-radius: 100%\">\uf054<\/i><b>Trenat <\/b>mund t\u00eb <b>l\u00ebvizin n\u00eb t\u00eb dy drejtimet <\/b>pavar\u00ebsisht se kan\u00eb lokomotiv\u00ebn n\u00eb nj\u00ebr\u00ebn an\u00eb. <b>L\u00ebvizjet e trenave<\/b>jan\u00eb <b>t\u00eb paparashikueshme<\/b>, \u00ebsht\u00eb <b> i rreziksh\u00ebm kalimi midis vagon\u00ebve<\/b> t\u00eb nj\u00eb treni q\u00eb ka ndaluar.<\/div><div class=\"mtphr-dnt-tick mtphr-dnt-default-tick mtphr-dnt-clearfix \"><i class=\"fas\" style=\"font-size: 14px;background-color: #1d141400;color: #d80529;padding: 5px;border-radius: 100%\">\uf054<\/i><b>Kalimet e mbrojtura <\/b>t\u00eb hekurudh\u00ebs jan\u00eb <b>p\u00ebr t\u00eb na ruajtur <\/b>dhe<b> jo p\u00ebr t\u00eb na harxhuar koh\u00ebn<\/b>. Ato <b>shp\u00ebtojn\u00eb jet\u00eb<\/b> njer\u00ebzish.<\/div><div class=\"mtphr-dnt-tick mtphr-dnt-default-tick mtphr-dnt-clearfix \"><i class=\"fas\" style=\"font-size: 14px;background-color: #1d141400;color: #d80529;padding: 5px;border-radius: 100%\">\uf054<\/i>Kur <b>shikoni shinat mendoni trenin<\/b>, n\u00eb \u00e7do moment mund t\u00eb jet\u00eb duke kaluar nj\u00eb tren.<\/div><div class=\"mtphr-dnt-tick mtphr-dnt-default-tick mtphr-dnt-clearfix \"><i class=\"fas\" style=\"font-size: 14px;background-color: #1d141400;color: #d80529;padding: 5px;border-radius: 100%\">\uf054<\/i><b>Shinat jan\u00eb t\u00eb trenit e jo p\u00ebr njer\u00ebzit!<\/b> \u00cbsht\u00eb me rrezik t\u00eb ecni apo t\u00eb luani p\u00ebrgjat\u00eb shinave.<\/div><\/div><\/div><\/div><\/div>\n<\/body>\n<\/html>\n\t\t\t\t<img loading=\"lazy\" decoding=\"async\" src=\"https:\/\/trenipovjen.al\/wp-content\/uploads\/2021\/11\/mobifoto-keshilla-shoferet.jpg\" alt=\"mobifoto keshilla shoferet\" itemprop=\"image\" height=\"550\" width=\"1000\" title=\"mobifoto keshilla shoferet\" onerror=\"this.style.display='none'\"  \/>\n\t<em><strong>Aksidentet kryesore ndodhin me k\u00ebmb\u00ebsor\u00ebt dhe drejtuesit e mjeteve q\u00eb kalojn\u00eb shinat n\u00eb m\u00ebnyr\u00eb t\u00eb pasigurt<br \/>\ndhe m\u00eb tep\u00ebr ndodhin n\u00eb vendkalimet n\u00eb nivel.<\/strong><\/em>\n\t\t\t\t<img decoding=\"async\" src=\"https:\/\/trenipovjen.al\/wp-content\/uploads\/2021\/08\/black_red_logotrenipovjen.png\" alt=\"black_red_logotrenipovjen\" title=\"black_red_logotrenipovjen\" itemprop=\"image\"\/>\n\t\t<h3>K\u00cbSHILLA PRAKTIKE P\u00cbR DREJTUESIT E MJETEVE<\/h3>\t\t\t\n\t\t\t\t<img decoding=\"async\" src=\"https:\/\/trenipovjen.al\/wp-content\/uploads\/2021\/08\/image-9.png\" alt=\"image (9)\" title=\"image (9)\" itemprop=\"image\"\/>\n\t\t<h4>M\u00cbSONI SHENJAT DHE SINJALET<\/h4>\t\t\t\n\t\t\t\t<p>Shenjat hekurudhore dhe pajisjet paralajm\u00ebruese jan\u00eb instaluar p\u00ebrgjat\u00eb rrug\u00ebve dhe n\u00eb kalimet hekurudhore p\u00ebr t\u00eb paralajm\u00ebruar shofer\u00ebt dhe komanduar trafikun. Ato shp\u00ebtojn\u00eb jet\u00eb, prandaj duhet ta dini se \u00e7far\u00eb tregojn\u00eb e paralajm\u00ebrojn\u00eb ato.<\/p>\n\t\t\t\t<img decoding=\"async\" src=\"https:\/\/trenipovjen.al\/wp-content\/uploads\/2021\/08\/image-10.png\" alt=\"image (10)\" title=\"image (10)\" itemprop=\"image\"\/>\n\t\t<h4>Q\u00cbNDRONI VIGJILENT\u00cb<\/h4>\t\t\t\n\t\t\t\t<p>Ju nuk mund ta shmangni goditjen nga treni n\u00ebse nuk e d\u00ebgjoni apo e shihni at\u00eb. Mos p\u00ebrdorni celularin e pajisje t\u00eb tjera gjat\u00eb drejtimit t\u00eb mjetit, sidomos pran\u00eb kalimit hekurudhor. Trenat sot jan\u00eb shum\u00eb t\u00eb shpejt\u00eb e b\u00ebjn\u00eb m\u00eb pak zhurm\u00eb, k\u00ebshtu q\u00eb n\u00ebse shp\u00ebrq\u00ebndroheni, ju po vendosni jet\u00ebn tuaj dhe jet\u00ebn e udh\u00ebtar\u00ebve tuaj n\u00eb rrezik.<\/p>\n\t\t\t\t<img decoding=\"async\" src=\"https:\/\/trenipovjen.al\/wp-content\/uploads\/2021\/08\/image-11.png\" alt=\"image (11)\" title=\"image (11)\" itemprop=\"image\"\/>\n\t\t<h4>ASNJ\u00cbHER\u00cb MOS GARONI ME TRENIN<\/h4>\t\t\t\n\t\t\t\t<p>Nxitimi p\u00ebr t\u00eb kap\u00ebrcyer vendkalimin p\u00ebrpara trenit mund t&#8217;ju kushtoj\u00eb jet\u00ebn. \u00cbsht\u00eb e v\u00ebshtir\u00eb t\u00eb gjykohet larg\u00ebsia apo shpejt\u00ebsia e trenit q\u00eb ndonj\u00ebher\u00eb arrin deri n\u00eb 160 km\/h. Trenit i duhet m\u00eb shum\u00eb sesa 1 km p\u00ebr t\u00eb ndaluar, p\u00ebr m\u00eb tep\u00ebr ju e kapni drejtuesin e trenit t\u00eb pap\u00ebrgatitur p\u00ebr t\u00eb frenuar n\u00eb koh\u00eb.<\/p>\n\t\t\t\t<img decoding=\"async\" src=\"https:\/\/trenipovjen.al\/wp-content\/uploads\/2021\/08\/image-12.png\" alt=\"image (12)\" title=\"image (12)\" itemprop=\"image\"\/>\n\t\t<h4>ABANDONONI MJETIN KUR FIKET OSE NGEC MBI SHINAT E VENDKALIMIT<\/h4>\t\t\t\n\t\t\t\t<p>Nj\u00eb makin\u00eb mund t\u00eb prishet n\u00eb \u00e7do koh\u00eb e n\u00ebse kjo ndodh mbi shinat e hekurudh\u00ebs, mund t\u00eb jet\u00eb vdekjeprur\u00ebse. N\u00ebse automjeti juaj fiket ose bllokohet mbi shina, dilni menj\u00ebher\u00eb jasht\u00eb tij bashk\u00eb me pasagjer\u00ebt dhe largohuni t\u00eb pakt\u00ebn 30 metra nga shinat. Njoftoni kompanin\u00eb hekurudhore se automjeti \u00ebsht\u00eb mbi shina ( numri i urgjenc\u00ebs mund t\u00eb jet\u00eb i afishuar ) p\u00ebrndryshe telefononi Emergjenc\u00ebn Civile.<\/p>\n\t\t\t\t<img decoding=\"async\" src=\"https:\/\/trenipovjen.al\/wp-content\/uploads\/2021\/08\/image-13.png\" alt=\"image (13)\" title=\"image (13)\" itemprop=\"image\"\/>\n\t\t<h4>SHIKONI DHE D\u00cbGJONI P\u00cbR TRENIN<\/h4>\t\t\t\n\t\t\t\t<p>Kur i afroheni kalimit hekurudhor, ulni shpejt\u00ebsin\u00eb, shikoni e d\u00ebgjoni n\u00eb dy an\u00ebt, ndalni muzik\u00ebn e bisedat dhe hapni dritaret p\u00ebr t\u00eb d\u00ebgjuar m\u00eb mir\u00eb trenat q\u00eb afrohen. N\u00ebse treni po vjen, ndaloni p\u00ebrpara vij\u00ebs STOP, ose 5m nga shina m\u00eb e af\u00ebrt dhe prisni q\u00eb treni t\u00eb kaloj\u00eb.<\/p>\n\t\t\t\t<img decoding=\"async\" src=\"https:\/\/trenipovjen.al\/wp-content\/uploads\/2021\/08\/image-14.png\" alt=\"image (14)\" title=\"image (14)\" itemprop=\"image\"\/>\n\t\t<h4>RESPEKTONI SHENJAT &#038; SINJALET<\/h4>\t\t\t\n\t\t\t\t<p>Zbatoni t\u00eb gjitha rregullat e treguara nga shenjat dhe pajisjet paralajm\u00ebruese. N\u00eb kalimet me pajisje aktive, q\u00ebndroni derisa barrierat t\u00eb ngrihen dhe sinjalet t\u00eb ndalojn\u00eb. P\u00ebrpara se t\u00eb vazhdoni, sigurohuni q\u00eb nuk ka trena t\u00eb tjer\u00eb dhe q\u00eb keni pamje t\u00eb qart\u00eb t\u00eb shinave. N\u00ebse sinjalet aktivizohen, ose barrierat fillojn\u00eb t\u00eb ulen kur ju i keni kaluar ato, MOS U NDALNI!<br \/>\u00cbsht\u00eb m\u00eb mir\u00eb t\u00eb vazhdoni se t\u00eb ktheheni mbrapsht. N\u00eb rast trafiku rrugor n\u00eb vendkalim, para se t\u00eb futeni n\u00eb kryq\u00ebzim sigurohuni q\u00eb ka hap\u00ebsir\u00eb t\u00eb mjaftueshme p\u00ebr t\u00eb kaluar plot\u00ebsisht matan\u00eb.<\/p>\n\t\t\t\t<img decoding=\"async\" src=\"https:\/\/trenipovjen.al\/wp-content\/uploads\/2021\/08\/image-15-1.png\" alt=\"image (15) (1)\" title=\"image (15) (1)\" itemprop=\"image\"\/>\n\t\t<h4>KUJDES KALIMTAR\u00cbT E TJER\u00cb N\u00cb RRUG\u00cb<\/h4>\t\t\t\n\t\t\t\t<p>Jini t\u00eb vetdijsh\u00ebm se bi\u00e7iklistat apo mjetet e tjera me rrota l\u00ebvizin m\u00eb ngadal\u00eb, dhe mund t\u00eb ken\u00eb nevoj\u00eb p\u00ebr hap\u00ebsir\u00eb shtes\u00eb n\u00eb nj\u00eb kalim hekurudhor. Gjithashtu, autobus\u00ebve shkollor\u00eb apo mjeteve t\u00eb tjera mund t&#8217;u duhet t\u00eb ndalojn\u00eb p\u00ebrpara kalimit hekurudhor prandaj duhet t\u00eb p\u00ebrgatiteni t\u00eb ndaloni.<\/p>\n\n","protected":false},"excerpt":{"rendered":"<p>Placing Text Over an Image in CSS Aksidentet kryesore ndodhin me k\u00ebmb\u00ebsor\u00ebt dhe drejtuesit e mjeteve q\u00eb kalojn\u00eb shinat n\u00eb m\u00ebnyr\u00eb t\u00eb pasigurt dhe m\u00eb tep\u00ebr ndodhin n\u00eb vendkalimet n\u00eb nivel. K\u00cbSHILLA PRAKTIKE P\u00cbR DREJTUESIT E MJETEVE M\u00cbSONI SHENJAT DHE SINJALET Shenjat hekurudhore dhe pajisjet paralajm\u00ebruese jan\u00eb instaluar p\u00ebrgjat\u00eb rrug\u00ebve dhe n\u00eb kalimet hekurudhore p\u00ebr &hellip;<\/p>\n<p class=\"read-more\"> <a class=\"\" href=\"https:\/\/treni.al\/?page_id=1696\"> <span class=\"screen-reader-text\">P\u00ebr Shofer\u00ebt<\/span> Read More \u00bb<\/a><\/p>\n","protected":false},"author":1,"featured_media":0,"parent":1091,"menu_order":0,"comment_status":"closed","ping_status":"closed","template":"","meta":{"footnotes":""},"class_list":["post-1696","page","type-page","status-publish","hentry"],"_links":{"self":[{"href":"https:\/\/treni.al\/index.php?rest_route=\/wp\/v2\/pages\/1696","targetHints":{"allow":["GET"]}}],"collection":[{"href":"https:\/\/treni.al\/index.php?rest_route=\/wp\/v2\/pages"}],"about":[{"href":"https:\/\/treni.al\/index.php?rest_route=\/wp\/v2\/types\/page"}],"author":[{"embeddable":true,"href":"https:\/\/treni.al\/index.php?rest_route=\/wp\/v2\/users\/1"}],"replies":[{"embeddable":true,"href":"https:\/\/treni.al\/index.php?rest_route=%2Fwp%2Fv2%2Fcomments&post=1696"}],"version-history":[{"count":39,"href":"https:\/\/treni.al\/index.php?rest_route=\/wp\/v2\/pages\/1696\/revisions"}],"predecessor-version":[{"id":3123,"href":"https:\/\/treni.al\/index.php?rest_route=\/wp\/v2\/pages\/1696\/revisions\/3123"}],"up":[{"embeddable":true,"href":"https:\/\/treni.al\/index.php?rest_route=\/wp\/v2\/pages\/1091"}],"wp:attachment":[{"href":"https:\/\/treni.al\/index.php?rest_route=%2Fwp%2Fv2%2Fmedia&parent=1696"}],"curies":[{"name":"wp","href":"https:\/\/api.w.org\/{rel}","templated":true}]}}