{"id":1686,"date":"2021-08-24T08:04:16","date_gmt":"2021-08-24T08:04:16","guid":{"rendered":"https:\/\/trenipovjen.al\/?page_id=1686"},"modified":"2021-11-01T11:50:54","modified_gmt":"2021-11-01T11:50:54","slug":"per-shoqerine","status":"publish","type":"page","link":"https:\/\/treni.al\/?page_id=1686","title":{"rendered":"P\u00ebr Shoq\u00ebrin\u00eb"},"content":{"rendered":"\n\n\t\t\t\t<img loading=\"lazy\" decoding=\"async\" src=\"https:\/\/trenipovjen.al\/wp-content\/uploads\/2021\/10\/foto-perfitimet-shoqeria_1.jpg\" alt=\"foto perfitimet shoqeria_1\" itemprop=\"image\" height=\"550\" width=\"1320\" title=\"foto perfitimet shoqeria_1\" onerror=\"this.style.display='none'\"  \/>\n\t\t\t\t<img loading=\"lazy\" decoding=\"async\" src=\"https:\/\/trenipovjen.al\/wp-content\/uploads\/2021\/11\/mobifoto-perfitimet-shoqeria.jpg\" alt=\"mobifoto perfitimet shoqeria\" itemprop=\"image\" height=\"550\" width=\"1000\" title=\"mobifoto perfitimet shoqeria\" onerror=\"this.style.display='none'\"  \/>\n\t<em><strong>T\u00eb udh\u00ebtosh me tren \u00ebsht\u00eb nj\u00eb m\u00ebnyr\u00eb m\u00eb e mir\u00eb p\u00ebr t\u00eb arritur shpejt n\u00eb destinacion, duke kursyer para dhe mbrojtur mjedisin.<br \/>\nP\u00ebrpar\u00ebsit\u00eb e hekurudh\u00ebs e b\u00ebjn\u00eb udh\u00ebtimin me tren nj\u00eb zgjedhje t\u00eb preferuar p\u00ebr transport n\u00eb t\u00eb gjith\u00eb bot\u00ebn.<\/strong><\/em>\n\t\t\t\t<img decoding=\"async\" src=\"https:\/\/trenipovjen.al\/wp-content\/uploads\/2021\/08\/black_red_logotrenipovjen.png\" alt=\"black_red_logotrenipovjen\" title=\"black_red_logotrenipovjen\" itemprop=\"image\"\/>\n\t\t<h3>TRANSPORTI HEKURUDHOR P\u00cbR SHOQ\u00cbRIN\u00cb<\/h3>\t\t\t\n\t\t\t\t<p>TRANSPORTI leht\u00ebson komunikimin dhe sh\u00ebrbimet midis njer\u00ebzve n\u00eb aktivitetet jet\u00ebsore, duke zhvilluar ekonomin\u00eb.<\/p>\n\t\t\t\t<p>TRANSPORTI PUBLIK mund\u00ebson l\u00ebvizje dhe akses p\u00ebr shk\u00ebmbime, pun\u00ebsim, sh\u00ebrbime, kujdes mjek\u00ebsor dhe aktivitete t\u00eb tjera, p\u00ebr t\u00eb gjith\u00eb dhe n\u00eb gjith\u00eb vendin.<\/p>\n\t\t\t\t<p>TRANSPORTI HEKURUDHOR rrit cil\u00ebsin\u00eb dhe sigurin\u00eb e jet\u00ebs s\u00eb qytetar\u00ebve.<\/p>\n\t\t<nav>\n\t\t\t<ul>\n\t\t\t\t\t\t\t\t<li data-index=\"0\">\n\t\t\t\t\t<h5>\n\t\t\t\t\t\t<a href=\"javascript:void(0);\">Sjell zhvillim\n\t\t\t\t\t\t\t\t\t\t\t\t<\/a>\n\t\t\t\t\t<\/h5>\n\t\t\t\t<\/li>\n\t\t\t\t\t\t\t\t<li data-index=\"1\">\n\t\t\t\t\t<h5>\n\t\t\t\t\t\t<a href=\"javascript:void(0);\">Mbron mjedisin\n\t\t\t\t\t\t\t\t\t\t\t\t<\/a>\n\t\t\t\t\t<\/h5>\n\t\t\t\t<\/li>\n\t\t\t\t\t\t\t<\/ul>\n\t\t<\/nav>\n\t\t\t\t\t<h5>\n\t\t\t\t\t\t\t\t\t\t\t\tSjell zhvillim\n\t\t\t\t\t\t\t\t\t\t\t<\/h5>\n\t\t\t\t\t<table>\n<tbody>\n<tr>\n<td><i>\uf054<\/i><\/td>\n<td>Rrit volumin duke ulur kostot e transportit t\u00eb pasagjer\u00ebve dhe mallrave.<\/td>\n<\/tr>\n<tr>\n<td><i>\uf054<\/i><\/td>\n<td>Ndihmon shk\u00ebmbimet tregtare duke rritur aksesin n\u00eb tregjet e mallrave dhe sh\u00ebrbimeve.<\/td>\n<\/tr>\n<tr>\n<td><i>\uf054<\/i><\/td>\n<td>Leht\u00ebson komunikimin midis njer\u00ebzve t\u00eb \u00e7do niveli, statusi apo grupmoshe p\u00ebr aktivitetet familjare, sociale, kulturore, arg\u00ebtim apo turiz\u00ebm.<\/td>\n<\/tr>\n<tr>\n<td><i>\uf054<\/i><\/td>\n<td>Hap vende t\u00eb reja pune si dhe krijon hap\u00ebsir\u00eb ekonomike vet\u00ebpun\u00ebsimi.<\/td>\n<\/tr>\n<\/tbody>\n<\/table>\n\t\t\t\t\t<h5>\n\t\t\t\t\t\t\t\t\t\t\t\tMbron mjedisin\n\t\t\t\t\t\t\t\t\t\t\t<\/h5>\n\t\t\t\t\t<table>\n<tbody>\n<tr>\n<td><i>\uf054<\/i><\/td>\n<td>Treni \u00ebsht\u00eb transporti m\u00eb miq\u00ebsor me mjedisin. D\u00ebmi mjedisor q\u00eb lidhet me zhurmat, ndotjen e ajrit, aksidentet, ndikimin n\u00eb territor \u00ebsht\u00eb m\u00eb i ul\u00ebt se n\u00eb transportin rrugor.<\/td>\n<\/tr>\n<tr>\n<td><i>\uf054<\/i><\/td>\n<td>Transporti hekurudhor shkarkon 75% m\u00eb pak gazra t\u00eb d\u00ebmshme n\u00eb atmosfer\u00eb krahasuar me transportin rrugor.<\/td>\n<\/tr>\n<tr>\n<td><i>\uf054<\/i><\/td>\n<td>M\u00eb pak mjete motorike n\u00eb rrug\u00eb, m\u00eb pak trafik e ndotje, m\u00eb pak zhurma e stres. M\u00eb shum\u00eb sh\u00ebndet, aj\u00ebr t\u00eb past\u00ebr dhe cil\u00ebsi jete.<\/td>\n<\/tr>\n<\/tbody>\n<\/table>\n\t\t\t\t\t<!-- \/content -->\n\t<!-- \/tabs -->\n\n","protected":false},"excerpt":{"rendered":"<p>T\u00eb udh\u00ebtosh me tren \u00ebsht\u00eb nj\u00eb m\u00ebnyr\u00eb m\u00eb e mir\u00eb p\u00ebr t\u00eb arritur shpejt n\u00eb destinacion, duke kursyer para dhe mbrojtur mjedisin. P\u00ebrpar\u00ebsit\u00eb e hekurudh\u00ebs e b\u00ebjn\u00eb udh\u00ebtimin me tren nj\u00eb zgjedhje t\u00eb preferuar p\u00ebr transport n\u00eb t\u00eb gjith\u00eb bot\u00ebn. TRANSPORTI HEKURUDHOR P\u00cbR SHOQ\u00cbRIN\u00cb TRANSPORTI leht\u00ebson komunikimin dhe sh\u00ebrbimet midis njer\u00ebzve n\u00eb aktivitetet jet\u00ebsore, duke &hellip;<\/p>\n<p class=\"read-more\"> <a class=\"\" href=\"https:\/\/treni.al\/?page_id=1686\"> <span class=\"screen-reader-text\">P\u00ebr Shoq\u00ebrin\u00eb<\/span> Read More \u00bb<\/a><\/p>\n","protected":false},"author":1,"featured_media":0,"parent":1091,"menu_order":0,"comment_status":"closed","ping_status":"closed","template":"","meta":{"footnotes":""},"class_list":["post-1686","page","type-page","status-publish","hentry"],"_links":{"self":[{"href":"https:\/\/treni.al\/index.php?rest_route=\/wp\/v2\/pages\/1686","targetHints":{"allow":["GET"]}}],"collection":[{"href":"https:\/\/treni.al\/index.php?rest_route=\/wp\/v2\/pages"}],"about":[{"href":"https:\/\/treni.al\/index.php?rest_route=\/wp\/v2\/types\/page"}],"author":[{"embeddable":true,"href":"https:\/\/treni.al\/index.php?rest_route=\/wp\/v2\/users\/1"}],"replies":[{"embeddable":true,"href":"https:\/\/treni.al\/index.php?rest_route=%2Fwp%2Fv2%2Fcomments&post=1686"}],"version-history":[{"count":28,"href":"https:\/\/treni.al\/index.php?rest_route=\/wp\/v2\/pages\/1686\/revisions"}],"predecessor-version":[{"id":3117,"href":"https:\/\/treni.al\/index.php?rest_route=\/wp\/v2\/pages\/1686\/revisions\/3117"}],"up":[{"embeddable":true,"href":"https:\/\/treni.al\/index.php?rest_route=\/wp\/v2\/pages\/1091"}],"wp:attachment":[{"href":"https:\/\/treni.al\/index.php?rest_route=%2Fwp%2Fv2%2Fmedia&parent=1686"}],"curies":[{"name":"wp","href":"https:\/\/api.w.org\/{rel}","templated":true}]}}