{"id":1685,"date":"2021-08-24T08:05:49","date_gmt":"2021-08-24T08:05:49","guid":{"rendered":"https:\/\/trenipovjen.al\/?page_id=1685"},"modified":"2021-11-02T15:03:56","modified_gmt":"2021-11-02T15:03:56","slug":"per-perdoruesit","status":"publish","type":"page","link":"https:\/\/treni.al\/?page_id=1685","title":{"rendered":"P\u00ebr P\u00ebrdoruesit"},"content":{"rendered":"\n\n\t\t\t\t<img loading=\"lazy\" decoding=\"async\" src=\"https:\/\/trenipovjen.al\/wp-content\/uploads\/2021\/10\/foto-perfitimet-udhetaret_1.jpg\" alt=\"foto perfitimet udhetaret_1\" itemprop=\"image\" height=\"550\" width=\"1320\" title=\"foto perfitimet udhetaret_1\" onerror=\"this.style.display='none'\"  \/>\n\t\t\t\t<img loading=\"lazy\" decoding=\"async\" src=\"https:\/\/trenipovjen.al\/wp-content\/uploads\/2021\/11\/mobifoto-perfitimet-udhetaret.jpg\" alt=\"mobifoto perfitimet udhetaret\" itemprop=\"image\" height=\"550\" width=\"1000\" title=\"mobifoto perfitimet udhetaret\" onerror=\"this.style.display='none'\"  \/>\n\t<em><strong>T\u00eb udh\u00ebtosh me tren \u00ebsht\u00eb nj\u00eb m\u00ebnyr\u00eb m\u00eb e mir\u00eb p\u00ebr t\u00eb arritur shpejt n\u00eb destinacion, duke kursyer para dhe mbrojtur mjedisin.<br \/>\nP\u00ebrpar\u00ebsit\u00eb e hekurudh\u00ebs e b\u00ebjn\u00eb udh\u00ebtimin me tren nj\u00eb zgjedhje t\u00eb preferuar p\u00ebr transport n\u00eb t\u00eb gjith\u00eb bot\u00ebn.<\/strong><\/em>\n\t\t\t\t<img loading=\"lazy\" decoding=\"async\" src=\"https:\/\/trenipovjen.al\/wp-content\/uploads\/2021\/08\/sinjalistika.jpg\" alt=\"sinjalistika\" itemprop=\"image\" height=\"429\" width=\"1538\" title=\"sinjalistika\" onerror=\"this.style.display='none'\"  \/>\n\t\t\t\t<img decoding=\"async\" src=\"https:\/\/trenipovjen.al\/wp-content\/uploads\/2021\/08\/black_red_logotrenipovjen.png\" alt=\"black_red_logotrenipovjen\" title=\"black_red_logotrenipovjen\" itemprop=\"image\"\/>\n\t\t<h3>TRANSPORTI HEKURUDHOR P\u00cbR UDH\u00cbTAR\u00cbT<\/h3>\t\t\t\n\t\t\t\t<img loading=\"lazy\" decoding=\"async\" src=\"https:\/\/trenipovjen.al\/wp-content\/uploads\/2021\/08\/Asset-10.png\" alt=\"Asset-10\" itemprop=\"image\" height=\"41\" width=\"266\" title=\"Asset-10\" onerror=\"this.style.display='none'\"  \/>\n\t\t<h5>Me tren mb\u00ebrrini gjithmon\u00eb n\u00eb destinacion!<\/h5>\t\t\t\n\t\t\t\t<ul>\n<li>Treni ka orare dhe koh\u00ebzgjatje t\u00eb caktuara operimi.<\/li>\n<li>Udh\u00ebtimi me tren nuk ndikohet nga trafiku, moti, or\u00ebt e dit\u00ebs etj.<\/li>\n<li>Oraret e trenave jan\u00eb t\u00eb paracaktuara dhe t\u00eb publikuara.<\/li>\n<li>Mund t\u00eb organizoni e planifikoni udh\u00ebtimin tuaj.<\/li>\n<\/ul>\n\t\t\t\t<img loading=\"lazy\" decoding=\"async\" src=\"https:\/\/trenipovjen.al\/wp-content\/uploads\/2021\/08\/Asset-7-1-1.png\" alt=\"Asset-7-1-1\" itemprop=\"image\" height=\"41\" width=\"271\" title=\"Asset-7-1-1\" onerror=\"this.style.display='none'\"  \/>\n\t\t<h5>N\u00eb tren keni rehatin\u00eb dhe koh\u00ebn!<\/h5>\t\t\t\n\t\t\t\t<ul>\n<li>Me tren mund t\u00eb udh\u00ebtoni kur jeni t\u00eb lodhur, t\u00eb impenjuar, apo keni konsumuar alkool pa patur frik\u00eb se &#8220;ju z\u00eb treni&#8221;.<\/li>\n<li>N\u00eb tren keni m\u00eb shum\u00eb hap\u00ebsir\u00eb p\u00ebr vete dhe bagazhet.<\/li>\n<li>Koh\u00ebn e udh\u00ebtimit me tren mund ta p\u00ebrdorni p\u00ebr:<\/li>\n<li>Pun\u00eb: P\u00ebrdor celularin, laptopin apo bllokun e sh\u00ebnimeve!<\/li>\n<li>Arg\u00ebtim: Lexo lib\u00ebr, d\u00ebgjo muzik\u00eb, shiko filmin apo shfaqjen q\u00eb do!<\/li>\n<li>Shoq\u00ebrim: Bisedo apo luaj me miqt\u00eb, familjar\u00ebt apo bashkudh\u00ebtar\u00ebt !<\/li>\n<li>Qet\u00ebsim: Merr nj\u00eb sy gjum\u00eb, medito, apo shijo natyr\u00ebn!<\/li>\n<\/ul>\n\t\t\t\t<img loading=\"lazy\" decoding=\"async\" src=\"https:\/\/trenipovjen.al\/wp-content\/uploads\/2021\/08\/Asset-8.png\" alt=\"Asset-8\" itemprop=\"image\" height=\"41\" width=\"237\" title=\"Asset-8\" onerror=\"this.style.display='none'\"  \/>\n\t\t<h5>Me tren ju del m\u00eb lir\u00eb!<\/h5>\t\t\t\n\t\t\t\t<ul>\n<li>Duke qen\u00eb se trenat kan\u00eb kapacitet m\u00eb t\u00eb madh si p\u00ebr pasagjer\u00eb dhe p\u00ebr mallra ata jan\u00eb m\u00ebnyra m\u00eb ekonomike e transportit.<\/li>\n<li>Nj\u00eb bilet\u00eb udh\u00ebtimi me tren do t&#8217;ju kushtoj\u00eb shum\u00eb m\u00eb pak se t\u00eb udh\u00ebtoni me makin\u00ebn tuaj personale.<\/li>\n<li>\u00c7mimi i bilet\u00ebs nuk ndryshon kur rritet \u00e7mimi i karburantit.<\/li>\n<\/ul>\n\t\t\t\t<img loading=\"lazy\" decoding=\"async\" src=\"https:\/\/trenipovjen.al\/wp-content\/uploads\/2021\/08\/Asset-11-2.png\" alt=\"Asset-11-2\" itemprop=\"image\" height=\"41\" width=\"202\" title=\"Asset-11-2\" onerror=\"this.style.display='none'\"  \/>\n\t\t<h5>Jeta \u00ebsht\u00eb m\u00eb e sigurt n\u00eb tren!<\/h5>\t\t\t\n\t\t\t\t<ul>\n<li>Treni \u00ebsht\u00eb m\u00ebnyra m\u00eb e sigurt e transportit.<\/li>\n<li>Me autovetur\u00eb jeni 24 her\u00eb m\u00eb tep\u00ebr t\u00eb rrezikuar t\u00eb p\u00ebsoni aksident.<\/li>\n<li>Me autobus 2 her\u00eb m\u00eb tep\u00ebr t\u00eb rrezikuar t\u00eb p\u00ebsoni aksident.<\/li>\n<\/ul>\n\t\t\t\t<img loading=\"lazy\" decoding=\"async\" src=\"https:\/\/trenipovjen.al\/wp-content\/uploads\/2021\/08\/Asset-9.png\" alt=\"Asset-9\" itemprop=\"image\" height=\"41\" width=\"222\" title=\"Asset-9\" onerror=\"this.style.display='none'\"  \/>\n\t\t<h5>Me tren do t\u00eb jeni asnj\u00ebher\u00eb von\u00eb!<\/h5>\t\t\t\n\t\t\t\t<ul>\n<li>Duke udh\u00ebtuar me tren do t\u00eb arrini m\u00eb shpejt n\u00eb destinacion pasi treni:<\/li>\n<li>Ka rrug\u00ebn e vet t\u00eb cil\u00ebn nuk e ndan me mjetet e tjera.<\/li>\n<li>Ec\u00ebn me shpejt\u00ebsi t\u00eb nj\u00ebjt\u00eb n\u00eb \u00e7do koh\u00eb pa u ndikuar nga ngarkesa apo trafiku.<\/li>\n<\/ul>\n\t\t\t\t<img loading=\"lazy\" decoding=\"async\" src=\"https:\/\/trenipovjen.al\/wp-content\/uploads\/2021\/08\/Asset-12-1.png\" alt=\"Asset-12-1\" itemprop=\"image\" height=\"41\" width=\"256\" title=\"Asset-12-1\" onerror=\"this.style.display='none'\"  \/>\n\t\t<h5>Me tren itinerar\u00ebt jan\u00eb fleksib\u00ebl !<\/h5>\t\t\t\n\t\t\t\t<ul>\n<li>Si pjes\u00eb e transportit intermodal, treni lidh qendrat urbane me nj\u00ebra tjetr\u00ebn si dhe me nyjet e tjera t\u00eb transportit si portet e aeroportet.<\/li>\n<li>Stacionet e trenave jan\u00eb gjithashtu pika referimi p\u00ebr sh\u00ebrbimet e tjera t\u00eb transportit ( autobus, taxi, parkim ).<\/li>\n<li>N\u00eb tren mund t\u00eb merrni me vete dhe bi\u00e7iklet\u00ebn tuaj.<\/li>\n<\/ul>\n\n","protected":false},"excerpt":{"rendered":"<p>T\u00eb udh\u00ebtosh me tren \u00ebsht\u00eb nj\u00eb m\u00ebnyr\u00eb m\u00eb e mir\u00eb p\u00ebr t\u00eb arritur shpejt n\u00eb destinacion, duke kursyer para dhe mbrojtur mjedisin. P\u00ebrpar\u00ebsit\u00eb e hekurudh\u00ebs e b\u00ebjn\u00eb udh\u00ebtimin me tren nj\u00eb zgjedhje t\u00eb preferuar p\u00ebr transport n\u00eb t\u00eb gjith\u00eb bot\u00ebn. TRANSPORTI HEKURUDHOR P\u00cbR UDH\u00cbTAR\u00cbT Me tren mb\u00ebrrini gjithmon\u00eb n\u00eb destinacion! Treni ka orare dhe koh\u00ebzgjatje &hellip;<\/p>\n<p class=\"read-more\"> <a class=\"\" href=\"https:\/\/treni.al\/?page_id=1685\"> <span class=\"screen-reader-text\">P\u00ebr P\u00ebrdoruesit<\/span> Read More \u00bb<\/a><\/p>\n","protected":false},"author":1,"featured_media":0,"parent":1091,"menu_order":0,"comment_status":"closed","ping_status":"closed","template":"","meta":{"footnotes":""},"class_list":["post-1685","page","type-page","status-publish","hentry"],"_links":{"self":[{"href":"https:\/\/treni.al\/index.php?rest_route=\/wp\/v2\/pages\/1685","targetHints":{"allow":["GET"]}}],"collection":[{"href":"https:\/\/treni.al\/index.php?rest_route=\/wp\/v2\/pages"}],"about":[{"href":"https:\/\/treni.al\/index.php?rest_route=\/wp\/v2\/types\/page"}],"author":[{"embeddable":true,"href":"https:\/\/treni.al\/index.php?rest_route=\/wp\/v2\/users\/1"}],"replies":[{"embeddable":true,"href":"https:\/\/treni.al\/index.php?rest_route=%2Fwp%2Fv2%2Fcomments&post=1685"}],"version-history":[{"count":22,"href":"https:\/\/treni.al\/index.php?rest_route=\/wp\/v2\/pages\/1685\/revisions"}],"predecessor-version":[{"id":3206,"href":"https:\/\/treni.al\/index.php?rest_route=\/wp\/v2\/pages\/1685\/revisions\/3206"}],"up":[{"embeddable":true,"href":"https:\/\/treni.al\/index.php?rest_route=\/wp\/v2\/pages\/1091"}],"wp:attachment":[{"href":"https:\/\/treni.al\/index.php?rest_route=%2Fwp%2Fv2%2Fmedia&parent=1685"}],"curies":[{"name":"wp","href":"https:\/\/api.w.org\/{rel}","templated":true}]}}