{"id":1596,"date":"2021-08-19T14:17:20","date_gmt":"2021-08-19T14:17:20","guid":{"rendered":"https:\/\/trenipovjen.al\/?page_id=1596"},"modified":"2025-03-04T10:27:24","modified_gmt":"2025-03-04T10:27:24","slug":"kontakt","status":"publish","type":"page","link":"https:\/\/treni.al\/?page_id=1596","title":{"rendered":"Kontakt"},"content":{"rendered":"\r\n<h3>Opinion\/Pyetje<\/h3>\r\n<p>&nbsp;<\/p>\r\n<p>&nbsp;<\/p>\r\n<p><style>\r\n    .box{\r\n        position: relative;\r\n        display: inline-block; \/* Make the width of box same as image *\/\r\n    }\r\n.box .text {\r\n    position: absolute;\r\n    z-index: 9;\r\n    margin: 0 auto;\r\n    left: 0px;\r\n    right: 0;\r\n    top: 45.7%;\r\n    text-align: center;\r\n    width: 76%;\r\n}\r\n.box .text h3 span {\r\n    color: white;\r\n    font-size: 2.75rem;\r\n}\r\n<\/style><\/p>\r\n<p><img decoding=\"async\" src=\"https:\/\/trenipovjen.al\/wp-content\/uploads\/2021\/10\/kontakt.png\" alt=\"Flying Kites\" \/><\/p>\r\n<h3>Opinion\/Pyetje<\/h3>\r\n<h3>Opinion\/Pyetje<\/h3>\r\n<p><strong>&#8220;Trenipovjen.al&#8221; \u00ebsht\u00eb nj\u00eb platform\u00eb e hapur p\u00ebr nd\u00ebrveprim. P\u00ebrmes k\u00ebsaj hap\u00ebsire, ne ftojm\u00eb cil\u00ebndo pal\u00eb t\u00eb interesuar q\u00eb t\u00eb jap\u00eb kontributin e saj me ide, k\u00ebshilla, sugjerime apo k\u00ebrkesa e pyetje me synim rritjen e nd\u00ebrgjegj\u00ebsimit t\u00eb qytetar\u00ebve p\u00ebr p\u00ebrdorimin e sigurt\u00eb dhe t\u00eb q\u00ebndruesh\u00ebm t\u00eb transportit hekurudhor.<br \/><\/strong> <iframe loading=\"lazy\" src=\"https:\/\/www.google.com\/maps\/embed?pb=!1m18!1m12!1m3!1d95885.00994916819!2d19.743852450371513!3d41.32177189610416!2m3!1f0!2f0!3f0!3m2!1i1024!2i768!4f13.1!3m3!1m2!1s0x1350317a7d59baf3%3A0xcc988765cbc613e9!2sHBMC%20ltd!5e0!3m2!1sen!2sus!4v1616503320140!5m2!1sen!2sus\" width=\"600\" height=\"700\" allowfullscreen=\"allowfullscreen\"><\/iframe><\/p>\r\n<div role=\"form\" class=\"wpcf7\" id=\"wpcf7-f1389-o1\" lang=\"en-US\" dir=\"ltr\">\n<div class=\"screen-reader-response\"><p role=\"status\" aria-live=\"polite\" aria-atomic=\"true\"><\/p> <ul><\/ul><\/div>\n<form action=\"\/index.php?rest_route=%2Fwp%2Fv2%2Fpages%2F1596#wpcf7-f1389-o1\" method=\"post\" class=\"wpcf7-form init\" novalidate=\"novalidate\" data-status=\"init\">\n<div style=\"display: none;\">\n<input type=\"hidden\" name=\"_wpcf7\" value=\"1389\" \/>\n<input type=\"hidden\" name=\"_wpcf7_version\" value=\"5.5.2\" \/>\n<input type=\"hidden\" name=\"_wpcf7_locale\" value=\"en_US\" \/>\n<input type=\"hidden\" name=\"_wpcf7_unit_tag\" value=\"wpcf7-f1389-o1\" \/>\n<input type=\"hidden\" name=\"_wpcf7_container_post\" value=\"0\" \/>\n<input type=\"hidden\" name=\"_wpcf7_posted_data_hash\" value=\"\" \/>\n<\/div>\n<p><label> Emri<br \/>\n    <span class=\"wpcf7-form-control-wrap your-name\"><input type=\"text\" name=\"your-name\" value=\"\" size=\"40\" class=\"wpcf7-form-control wpcf7-text wpcf7-validates-as-required\" aria-required=\"true\" aria-invalid=\"false\" \/><\/span> <\/label><\/p>\n<p><label> Email<br \/>\n    <span class=\"wpcf7-form-control-wrap your-email\"><input type=\"email\" name=\"your-email\" value=\"\" size=\"40\" class=\"wpcf7-form-control wpcf7-text wpcf7-email wpcf7-validates-as-required wpcf7-validates-as-email\" aria-required=\"true\" aria-invalid=\"false\" \/><\/span> <\/label><\/p>\n<p><label> Subjekti<br \/>\n    <span class=\"wpcf7-form-control-wrap your-subject\"><input type=\"text\" name=\"your-subject\" value=\"\" size=\"40\" class=\"wpcf7-form-control wpcf7-text wpcf7-validates-as-required\" aria-required=\"true\" aria-invalid=\"false\" \/><\/span> <\/label><\/p>\n<p><label> Mesazhi<br \/>\n    <span class=\"wpcf7-form-control-wrap your-message\"><textarea name=\"your-message\" cols=\"40\" rows=\"10\" class=\"wpcf7-form-control wpcf7-textarea\" aria-invalid=\"false\"><\/textarea><\/span> <\/label><\/p>\n<p><input type=\"submit\" value=\"Dergo\" class=\"wpcf7-form-control has-spinner wpcf7-submit\" \/><\/p>\n<div class=\"wpcf7-response-output\" aria-hidden=\"true\"><\/div><\/form><\/div>\r\n","protected":false},"excerpt":{"rendered":"<p>Opinion\/Pyetje &nbsp; &nbsp; Opinion\/Pyetje Opinion\/Pyetje &#8220;Trenipovjen.al&#8221; \u00ebsht\u00eb nj\u00eb platform\u00eb e hapur p\u00ebr nd\u00ebrveprim. P\u00ebrmes k\u00ebsaj hap\u00ebsire, ne ftojm\u00eb cil\u00ebndo pal\u00eb t\u00eb interesuar q\u00eb t\u00eb jap\u00eb kontributin e saj me ide, k\u00ebshilla, sugjerime apo k\u00ebrkesa e pyetje me synim rritjen e nd\u00ebrgjegj\u00ebsimit t\u00eb qytetar\u00ebve p\u00ebr p\u00ebrdorimin e sigurt\u00eb dhe t\u00eb q\u00ebndruesh\u00ebm t\u00eb transportit hekurudhor.<\/p>\n","protected":false},"author":1,"featured_media":0,"parent":0,"menu_order":0,"comment_status":"closed","ping_status":"closed","template":"","meta":{"footnotes":""},"class_list":["post-1596","page","type-page","status-publish","hentry"],"_links":{"self":[{"href":"https:\/\/treni.al\/index.php?rest_route=\/wp\/v2\/pages\/1596","targetHints":{"allow":["GET"]}}],"collection":[{"href":"https:\/\/treni.al\/index.php?rest_route=\/wp\/v2\/pages"}],"about":[{"href":"https:\/\/treni.al\/index.php?rest_route=\/wp\/v2\/types\/page"}],"author":[{"embeddable":true,"href":"https:\/\/treni.al\/index.php?rest_route=\/wp\/v2\/users\/1"}],"replies":[{"embeddable":true,"href":"https:\/\/treni.al\/index.php?rest_route=%2Fwp%2Fv2%2Fcomments&post=1596"}],"version-history":[{"count":42,"href":"https:\/\/treni.al\/index.php?rest_route=\/wp\/v2\/pages\/1596\/revisions"}],"predecessor-version":[{"id":3967,"href":"https:\/\/treni.al\/index.php?rest_route=\/wp\/v2\/pages\/1596\/revisions\/3967"}],"wp:attachment":[{"href":"https:\/\/treni.al\/index.php?rest_route=%2Fwp%2Fv2%2Fmedia&parent=1596"}],"curies":[{"name":"wp","href":"https:\/\/api.w.org\/{rel}","templated":true}]}}