{"id":1448,"date":"2021-08-17T13:40:28","date_gmt":"2021-08-17T13:40:28","guid":{"rendered":"https:\/\/trenipovjen.al\/?page_id=1448"},"modified":"2021-11-22T10:16:25","modified_gmt":"2021-11-22T10:16:25","slug":"sistemet","status":"publish","type":"page","link":"https:\/\/treni.al\/?page_id=1448","title":{"rendered":"Sistemet"},"content":{"rendered":"\n\n\t\t\t\t<img loading=\"lazy\" decoding=\"async\" src=\"https:\/\/trenipovjen.al\/wp-content\/uploads\/2021\/10\/foto-siguria-sistemet_1.jpg\" alt=\"foto siguria sistemet_1\" itemprop=\"image\" height=\"550\" width=\"1320\" title=\"foto siguria sistemet_1\" onerror=\"this.style.display='none'\"  \/>\n\t\t\t\t<img loading=\"lazy\" decoding=\"async\" src=\"https:\/\/trenipovjen.al\/wp-content\/uploads\/2021\/11\/mobifoto-siguria-sistemet.jpg\" alt=\"mobifoto siguria sistemet\" itemprop=\"image\" height=\"550\" width=\"1000\" title=\"mobifoto siguria sistemet\" onerror=\"this.style.display='none'\"  \/>\n\t<style>\n    .box{\n            position: relative;\n    display: inline-block;\n    }\n.box .textmobile {\n     position: absolute;\n    z-index: 9;\n    margin: auto;\n    height: 38px;\n    top: 80%;\n    text-align: center;\n    width: 100%;\n}\n.overlay {\n    position: absolute;\n    bottom: 0;\n    background: rgb(216 5 41 \/ 34%);\n    width: 100% !important;\n    transition: .5s ease;\n    color: white;\n    font-size: 14px;\n    font-weight: bold;\n    padding: 10px;\n    text-align: center;\n}\n.textmobile .overlay {\n    opacity: 1;\n}\n<\/style>\n        <img decoding=\"async\" src=\"https:\/\/trenipovjen.al\/wp-content\/uploads\/2021\/10\/foto-siguria-sistemet-1.jpg\" alt=\"Kembesoret\"\/>\n           <img decoding=\"async\" src=\"https:\/\/trenipovjen.al\/wp-content\/uploads\/2021\/10\/kryq-treni.png\"\/>\n  KUJDES NGA TRENI!\n\t<em><strong>P\u00ebr t\u00eb patur m\u00eb pak incidente dhe m\u00eb pak jet\u00eb t\u00eb humbura \u00ebsht\u00eb e r\u00ebnd\u00ebsishme<br \/>\nt\u00eb inkurajojm\u00eb q\u00ebndrime t\u00eb p\u00ebrgjegjshme dhe t\u00eb nxisim nj\u00eb sjellje t\u00eb sigurt te qytetar\u00ebt e t\u00eb gjitha moshave<br \/>\nlidhur me respektimin e rregullave, shenjave dhe paralajm\u00ebrimeve n\u00eb nd\u00ebrveprimin me hekurudh\u00ebn dhe trenat.<\/strong><\/em>\n\t<p>VLERAT THEMELORE t\u00eb nj\u00eb sistemi hekurudhor jan\u00eb ruajtja e sh\u00ebndetit dhe mjedisit shoq\u00ebror, siguria e jet\u00ebs s\u00eb qytetar\u00ebve dhe q\u00ebndrueshm\u00ebria ekonomike.<\/p>\n\t\t\t<h5>K\u00cbTO VLERA JAN\u00cb T\u00cb ND\u00cbRVARURA<\/h5>\t\t\t\n\t\t\t\t<p>Vet\u00ebm nj\u00eb hekurudh\u00eb e sigurt dhe e q\u00ebndrueshme ekonomikisht \u00ebsht\u00eb n\u00eb gjendje t\u00eb modernizohet q\u00eb t\u00eb garantoj\u00eb sigurin\u00eb e jet\u00ebs, sh\u00ebndetit dhe mjedisit p\u00ebr qytetar\u00ebt. Nd\u00ebrsa nj\u00eb hekurudh\u00eb e pasigurt dhe e rrezikshme nuk do t\u00eb arrij\u00eb t\u00eb jet\u00eb e q\u00ebndrueshme dhe funksionale n\u00eb planin afatgjat\u00eb.<\/p>\n\t\t\t<h5>SIGURIA HEKURUDHORE \u00cbSHT\u00cb NJ\u00cb P\u00cbRGJEGJ\u00cbSI E P\u00cbRBASHK\u00cbT<\/h5>\t\t\t\n\t\t\t\t<p>Ndryshimi i sjelljes s\u00eb qytetar\u00ebve ndaj hekurudh\u00ebs dhe trenave k\u00ebrkon:<\/p>\n<ol>\n<li>Zbatimin e ligjeve q\u00eb rregullojn\u00eb funksionimin e sistemit hekurudhor;<\/li>\n<li>Modernizimin e infrastruktur\u00ebs dhe sistemeve t\u00eb siguris\u00eb;<\/li>\n<li>Edukimin e njer\u00ebzve p\u00ebr p\u00ebrgjegj\u00ebsit\u00eb e tyre lidhur me respektimin e rregullave t\u00eb nd\u00ebrveprimit me trenat dhe shinat e hekurudh\u00ebs.<\/li>\n<\/ol>\n\t\t\t\t<img loading=\"lazy\" decoding=\"async\" src=\"https:\/\/trenipovjen.al\/wp-content\/uploads\/2021\/08\/publikime-2-1100x550-1.jpg\" alt=\"publikime-2-1100x550\" itemprop=\"image\" height=\"550\" width=\"1100\" title=\"publikime-2-1100x550\" onerror=\"this.style.display='none'\"  \/>\n\t\t\t\t\n\t\t\t\t<p>\u00c7do vit, shum\u00eb njer\u00ebz n\u00eb bot\u00eb vdesin ose p\u00ebsojn\u00eb l\u00ebndime serioze nga incidentet hekurudhore apo p\u00ebrplasjet n\u00eb vendkalime.<br \/>Edukimi i njer\u00ebzve p\u00ebr rregullat e siguris\u00eb q\u00eb lidhen me hekurudh\u00ebn dhe l\u00ebvizjen e trenave, \u00ebsht\u00eb mjeti i duhur p\u00ebr t&#8217;i b\u00ebr\u00eb t\u00eb vet\u00ebdijsh\u00ebm p\u00ebr rreziqet me pasoja t\u00eb r\u00ebnda q\u00eb lidhen me incidentet e mundshme n\u00eb vendkalimet dhe binar\u00ebt e hekurudh\u00ebs.<\/p>\n\t\t\t\t<p>Siguria hekurudhore n\u00eb Shqip\u00ebri garantohet nga Kodi i ri Hekurudhor. Kodi kusht\u00ebzon p\u00ebrdorimin e Metodave t\u00eb P\u00ebrbashk\u00ebta t\u00eb Siguris\u00eb ( t\u00eb detyrueshme n\u00eb vendet e BE ) p\u00ebr operimin e sigurt\u00eb t\u00eb trenave. Metodat e P\u00ebrbashk\u00ebta t\u00eb Siguris\u00eb p\u00ebrshkruajn\u00eb sesi duhen zbatuar nivelet e siguris\u00eb dhe si arrihen synimet dhe pajtueshm\u00ebria me k\u00ebrkesat e tjera t\u00eb siguris\u00eb.<\/p>\n\t\t\t\t<img decoding=\"async\" src=\"https:\/\/trenipovjen.al\/wp-content\/uploads\/2021\/08\/black_red_logotrenipovjen.png\" alt=\"black_red_logotrenipovjen\" title=\"black_red_logotrenipovjen\" itemprop=\"image\"\/>\n\t\t<h5>SISTEMET E SIGURIS\u00cb N\u00cb LINJ\u00cbN HEKURUDHORE DURR\u00cbS &#8211; TIRAN\u00cb &#8211; RINAS<\/h5>\t\t\t\n\t<p>Segmenti i rehabilituar hekurudhor Durr\u00ebs &#8211; Tiran\u00eb dhe segmenti i ri Domje &#8211; Rinas, n\u00ebp\u00ebrmjet aplikimit t\u00eb sistemeve moderne t\u00eb administrimit dhe siguris\u00eb, do t\u00eb arrij\u00eb Nivelin e Integruar t\u00eb Siguris\u00eb SIL 4, ( sipas EN 50129-Standardi Europian p\u00ebr sistemet e siguris\u00eb dhe sinjalizimit hekurudhor ), standard q\u00eb p\u00ebrdoret nga operator\u00ebt europian\u00eb.<\/p>\n\t<p>Plani i Siguris\u00eb s\u00eb Hekurudh\u00ebs p\u00ebrve\u00e7 Sistemit t\u00eb Telekomanduar t\u00eb Sinjalizimit nga Qendra e Kontrollit n\u00eb Shkozet q\u00eb do t\u00eb operoj\u00eb sistemin elektronik t\u00eb kontroll-komandimit parashikon:<\/p>\n\t\t\t\t\t\t<h5 tabindex=\"0\">RRETHIMI I PLOT\u00cb ME GARDH MBROJT\u00cbS I HEKURUDH\u00cbS DURR\u00cbS-TIRAN\u00cb-RINAS<\/h5>\n<p>Hekurudha sot p\u00ebrdoret shpesh nga banor\u00ebt p\u00ebrreth si vendkalimi i shkurt\u00ebr p\u00ebr k\u00ebmb\u00ebsor\u00ebt dhe automjetet, si vend lojrash p\u00ebr f\u00ebmij\u00ebt apo si kullot\u00eb p\u00ebr bag\u00ebtit\u00eb dhe kafsh\u00ebt sht\u00ebpiake.<\/p>\n        <img loading=\"lazy\" decoding=\"async\" src=\"https:\/\/trenipovjen.al\/wp-content\/uploads\/2021\/08\/Brochure-foto1-p4.png\" alt=\"Brochure foto1 p4\" itemprop=\"image\" height=\"305\" width=\"1040\" onerror=\"this.style.display='none'\" title=\"Brochure foto1 p4\"\/>\n        <img loading=\"lazy\" decoding=\"async\" src=\"https:\/\/trenipovjen.al\/wp-content\/uploads\/2021\/08\/Brochure-foto2-p4.png\" alt=\"Brochure foto2 p4\" itemprop=\"image\" height=\"376\" width=\"408\" onerror=\"this.style.display='none'\" title=\"Brochure foto2 p4\"\/>\n<p>Rrethimi mbrojt\u00ebs i linj\u00ebs Durr\u00ebs-Tiran\u00eb-Rinas do t\u00eb mund\u00ebsoj\u00eb:<\/p>\n<ul>\n<li>L\u00ebvizjen e papenguar t\u00eb trenave t\u00eb linj\u00ebs nga kalimi arbitrar i k\u00ebmb\u00ebsor\u00ebve e automjeteve dhe qarkullimi i kafsh\u00ebve,<\/li>\n<li>Parandalimin e aksidenteve me pasoja ndaj jet\u00ebs, sh\u00ebndetit, pron\u00ebs dhe mjedisit,<\/li>\n<li>Krijimin e distanc\u00ebs s\u00eb siguris\u00eb nga binar\u00ebt p\u00ebr njer\u00ebzit, kafsh\u00ebt dhe mjetet e zonave p\u00ebrreth.<\/li>\n<\/ul>\n<p>Rrethimi i hekurudh\u00ebs do t\u00eb mbyll\u00eb t\u00eb gjitha kalimet e paautorizuara. Kalesat e autorizuara do t\u00eb pozicionohen n\u00eb p\u00ebrputhje me mund\u00ebsit\u00eb e rrug\u00ebve alternative. Kanalet dhe urat e hekurudh\u00ebs do t\u00eb krijojn\u00eb mund\u00ebsi t\u00eb pranueshme p\u00ebr l\u00ebvizjen e kafsh\u00ebve.<\/p>\n\t\t\t\t\t\t<h5 tabindex=\"0\">SISTEMET AUTOMATIKE TE MBROJTJES NE VENDKALIMET E AUTORIZUARA<\/h5>\n<p>Rrethimi i hekurudh\u00ebs do t\u00eb mbyll\u00eb t\u00eb gjitha kalimet e paautorizuara. Kalesat e autorizuara do t\u00eb pozicionohen n\u00eb p\u00ebrputhje me mund\u00ebsit\u00eb e rrug\u00ebve alternative. Kanalet dhe urat e hekurudh\u00ebs do t\u00eb krijojn\u00eb mund\u00ebsi t\u00eb pranueshme p\u00ebr l\u00ebvizjen e kafsh\u00ebve.<\/p>\n<p>T\u00eb dh\u00ebnat historike tregojn\u00eb se \u00e7do lloj mbrojtjeje \u00ebsht\u00eb m\u00eb e mir\u00eb se asgj\u00eb, vet\u00ebm sistemet manuale dhe me tra mbrojt\u00ebs t\u00eb kalimit n\u00eb nivel e zvog\u00eblojn\u00eb rrezikun e nj\u00eb aksidenti drejt zeros.\t<\/p>\n\t\t\t\t<img loading=\"lazy\" decoding=\"async\" src=\"https:\/\/trenipovjen.al\/wp-content\/uploads\/2021\/08\/Elbasan_vlak_II-300x200.jpg\" alt=\"Elbasan,_vlak_II\" itemprop=\"image\" height=\"200\" width=\"300\" title=\"Elbasan,_vlak_II\" onerror=\"this.style.display='none'\"\/>\n\t\t<nav>\n\t\t\t<ul>\n\t\t\t\t\t\t\t\t<li data-index=\"0\">\n\t\t\t\t\t<h5>\n\t\t\t\t\t\t<a href=\"javascript:void(0);\">RRETHIMI I PLOT\u00cb ME GARDH MBROJT\u00cbS I HEKURUDH\u00cbS DURR\u00cbS-TIRAN\u00cb-RINAS\n\t\t\t\t\t\t\t\t\t\t\t\t<\/a>\n\t\t\t\t\t<\/h5>\n\t\t\t\t<\/li>\n\t\t\t\t\t\t\t\t<li data-index=\"1\">\n\t\t\t\t\t<h5>\n\t\t\t\t\t\t<a href=\"javascript:void(0);\">SISTEMET AUTOMATIKE TE MBROJTJES NE VENDKALIMET E AUTORIZUARA\n\t\t\t\t\t\t\t\t\t\t\t\t<\/a>\n\t\t\t\t\t<\/h5>\n\t\t\t\t<\/li>\n\t\t\t\t\t\t\t<\/ul>\n\t\t<\/nav>\n\t\t\t\t\t<h5>\n\t\t\t\t\t\t\t\t\t\t\t\tRRETHIMI I PLOT\u00cb ME GARDH MBROJT\u00cbS I HEKURUDH\u00cbS DURR\u00cbS-TIRAN\u00cb-RINAS\n\t\t\t\t\t\t\t\t\t\t\t<\/h5>\n\t\t\t\t\t<p>This is tab content. Click to edit this text. Lorem ipsum dolor sit amet, consectetur adipiscing elit. Ut elit tellus, luctus nec ullamcorper mattis, pulvinar dapibus leo.<\/p>\n\t\t\t\t\t<h5>\n\t\t\t\t\t\t\t\t\t\t\t\tSISTEMET AUTOMATIKE TE MBROJTJES NE VENDKALIMET E AUTORIZUARA\n\t\t\t\t\t\t\t\t\t\t\t<\/h5>\n\t\t\t\t\t<p>This is tab content. Click to edit this text. Lorem ipsum dolor sit amet, consectetur adipiscing elit. Ut elit tellus, luctus nec ullamcorper mattis, pulvinar dapibus leo.<\/p>\n\t\t\t\t\t<!-- \/content -->\n\t<!-- \/tabs -->\n\t\t\t\t\t\t<h5 tabindex=\"0\">RRETHIMI I PLOT\u00cb ME GARDH MBROJT\u00cbS I HEKURUDH\u00cbS DURR\u00cbS-TIRAN\u00cb-RINAS<\/h5>\n<p><img decoding=\"async\" src=\"https:\/\/trenipovjen.al\/wp-content\/uploads\/2021\/08\/Brochure-foto1-p4.png\"\/><br \/>Hekurudha sot p\u00ebrdoret shpesh nga banor\u00ebt p\u00ebrreth si vendkalimi i shkurt\u00ebr p\u00ebr k\u00ebmb\u00ebsor\u00ebt dhe automjetet, si vend lojrash p\u00ebr f\u00ebmij\u00ebt apo si kullot\u00eb p\u00ebr bag\u00ebtit\u00eb dhe kafsh\u00ebt sht\u00ebpiake.<\/p>\n<p><img decoding=\"async\" src=\"https:\/\/trenipovjen.al\/wp-content\/uploads\/2021\/08\/Brochure-foto2-p4.png\"\/> Rrethimi mbrojt\u00ebs i linj\u00ebs Durr\u00ebs-Tiran\u00eb-Rinas do t\u00eb mund\u00ebsoj\u00eb:<br \/>L\u00ebvizjen e papenguar t\u00eb trenave t\u00eb linj\u00ebs nga kalimi arbitrar i k\u00ebmb\u00ebsor\u00ebve e automjeteve dhe qarkullimi i kafsh\u00ebve,<br \/>Parandalimin e aksidenteve me pasoja ndaj jet\u00ebs, sh\u00ebndetit, pron\u00ebs dhe mjedisit,<br \/>Krijimin e distanc\u00ebs s\u00eb siguris\u00eb nga binar\u00ebt p\u00ebr njer\u00ebzit, kafsh\u00ebt dhe mjetet e zonave p\u00ebrreth.<\/p>\n\t\t\t\t\t\t<h5 tabindex=\"0\">SISTEMET AUTOMATIKE TE MBROJTJES NE VENDKALIMET E AUTORIZUARA<\/h5>\nRrethimi i hekurudh\u00ebs do t\u00eb mbyll\u00eb t\u00eb gjitha kalimet e paautorizuara. Kalesat e autorizuara do t\u00eb pozicionohen n\u00eb p\u00ebrputhje me mund\u00ebsit\u00eb e rrug\u00ebve alternative. Kanalet dhe urat e hekurudh\u00ebs do t\u00eb krijojn\u00eb mund\u00ebsi t\u00eb pranueshme p\u00ebr l\u00ebvizjen e kafsh\u00ebve.<br \/>\nT\u00eb dh\u00ebnat historike tregojn\u00eb se \u00e7do lloj mbrojtjeje \u00ebsht\u00eb m\u00eb e mir\u00eb se asgj\u00eb, vet\u00ebm sistemet manuale dhe me tra mbrojt\u00ebs t\u00eb kalimit n\u00eb nivel e zvog\u00eblojn\u00eb rrezikun e nj\u00eb aksidenti drejt zeros.\n<img decoding=\"async\" src=\"https:\/\/trenipovjen.al\/wp-content\/uploads\/2021\/08\/Elbasan_vlak_II-300x200.jpg\"\/>\n\t\t<nav>\n\t\t\t<ul>\n\t\t\t\t\t\t\t\t<li data-index=\"0\">\n\t\t\t\t\t<h5>\n\t\t\t\t\t\t<a href=\"javascript:void(0);\">RRETHIMI I PLOT\u00cb ME GARDH MBROJT\u00cbS I HEKURUDH\u00cbS DURR\u00cbS-TIRAN\u00cb-RINAS\n\t\t\t\t\t\t\t\t\t\t\t\t<\/a>\n\t\t\t\t\t<\/h5>\n\t\t\t\t<\/li>\n\t\t\t\t\t\t\t\t<li data-index=\"1\">\n\t\t\t\t\t<h5>\n\t\t\t\t\t\t<a href=\"javascript:void(0);\">SISTEMET AUTOMATIKE TE MBROJTJES NE VENDKALIMET E AUTORIZUARA\n\t\t\t\t\t\t\t\t\t\t\t\t<\/a>\n\t\t\t\t\t<\/h5>\n\t\t\t\t<\/li>\n\t\t\t\t\t\t\t<\/ul>\n\t\t<\/nav>\n\t\t\t\t\t<h5>\n\t\t\t\t\t\t\t\t\t\t\t\tRRETHIMI I PLOT\u00cb ME GARDH MBROJT\u00cbS I HEKURUDH\u00cbS DURR\u00cbS-TIRAN\u00cb-RINAS\n\t\t\t\t\t\t\t\t\t\t\t<\/h5>\n\t\t\t\t\t<p>This is tab content. Click to edit this text. Lorem ipsum dolor sit amet, consectetur adipiscing elit. Ut elit tellus, luctus nec ullamcorper mattis, pulvinar dapibus leo.<\/p>\n\t\t\t\t\t<h5>\n\t\t\t\t\t\t\t\t\t\t\t\tSISTEMET AUTOMATIKE TE MBROJTJES NE VENDKALIMET E AUTORIZUARA\n\t\t\t\t\t\t\t\t\t\t\t<\/h5>\n\t\t\t\t\t<p>This is tab content. Click to edit this text. Lorem ipsum dolor sit amet, consectetur adipiscing elit. Ut elit tellus, luctus nec ullamcorper mattis, pulvinar dapibus leo.<\/p>\n\t\t\t\t\t<!-- \/content -->\n\t<!-- \/tabs -->\n\t\t\t\t<img decoding=\"async\" src=\"https:\/\/trenipovjen.al\/wp-content\/uploads\/2021\/08\/black_red_logotrenipovjen.png\" alt=\"black_red_logotrenipovjen\" title=\"black_red_logotrenipovjen\" itemprop=\"image\"\/>\n\t\t<h3>RRETHIMI I PLOT\u00cb ME GARDH MBROJT\u00cbS I HEKURUDH\u00cbS DURR\u00cbS-TIRAN\u00cb-RINAS<\/h3>\t\t\t\n\t<p>Hekurudha sot p\u00ebrdoret shpesh nga banor\u00ebt p\u00ebrreth si vendkalim i shkurt\u00ebr p\u00ebr k\u00ebmb\u00ebsor\u00ebt dhe automjetet, si vend lojrash p\u00ebr f\u00ebmij\u00ebt apo si kullot\u00eb p\u00ebr bag\u00ebtit\u00eb dhe kafsh\u00ebt sht\u00ebpiake.<\/p>\n<p><strong>Rrethimi mbrojt\u00ebs i linj\u00ebs Durr\u00ebs-Tiran\u00eb-Rinas do t\u00eb mund\u00ebsoj\u00eb:<\/strong><\/p>\n\t\t\t\t<img loading=\"lazy\" decoding=\"async\" src=\"https:\/\/trenipovjen.al\/wp-content\/uploads\/2021\/08\/levizjen-e-trenave.png\" alt=\"levizjen-e-trenave\" itemprop=\"image\" height=\"100\" width=\"100\" title=\"levizjen-e-trenave\" onerror=\"this.style.display='none'\"  \/>\n\t<h4>\n\t\t\t\tL\u00ebvizja e Papenguar e Trenave\n\t\t\t<\/h4>\n\t\t\t<p>L\u00ebvizjen e papenguar t\u00eb trenave t\u00eb linj\u00ebs nga kalimi arbitrar i k\u00ebmb\u00ebsor\u00ebve e automjeteve dhe qarkullimi i kafsh\u00ebve.<\/p>\t\n\t\t\t\t<img loading=\"lazy\" decoding=\"async\" src=\"https:\/\/trenipovjen.al\/wp-content\/uploads\/2021\/08\/parandalimin-e-perplasjeve.png\" alt=\"parandalimin-e-perplasjeve\" itemprop=\"image\" height=\"100\" width=\"100\" title=\"parandalimin-e-perplasjeve\" onerror=\"this.style.display='none'\"  \/>\n\t<h4>\n\t\t\t\tParandalimi i Aksidenteve\n\t\t\t<\/h4>\n\t\t\tParandalimin e aksidenteve me pasoja ndaj jet\u00ebs, sh\u00ebndetit, pron\u00ebs dhe mjedisit,\u00a0\t\n\t\t\t\t<img loading=\"lazy\" decoding=\"async\" src=\"https:\/\/trenipovjen.al\/wp-content\/uploads\/2021\/08\/distanca-e-sigurise.png\" alt=\"distanca-e-sigurise\" itemprop=\"image\" height=\"100\" width=\"100\" title=\"distanca-e-sigurise\" onerror=\"this.style.display='none'\"  \/>\n\t<h4>\n\t\t\t\tRuajtja e Jet\u00ebs\n\t\t\t<\/h4>\n\t\t\tKrijimin e distanc\u00ebs s\u00eb siguris\u00eb nga binar\u00ebt p\u00ebr njer\u00ebzit kafsh\u00ebt dhe mjetet e zonave p\u00ebrreth.\t\n\t<p>Rrethimi i hekurudh\u00ebs do t\u00eb mbyll\u00eb t\u00eb gjitha kalimet e paautorizuara. Kalesat e autorizuara do t\u00eb pozicionohen n\u00eb p\u00ebrputhje me mund\u00ebsit\u00eb e rrug\u00ebve alternative. Kanalet dhe urat e hekurudh\u00ebs do krijojn\u00eb mund\u00ebsi t\u00eb pranueshme p\u00ebr l\u00ebvizjen e kafsh\u00ebve.<\/p>\n\n","protected":false},"excerpt":{"rendered":"<p>KUJDES NGA TRENI! P\u00ebr t\u00eb patur m\u00eb pak incidente dhe m\u00eb pak jet\u00eb t\u00eb humbura \u00ebsht\u00eb e r\u00ebnd\u00ebsishme t\u00eb inkurajojm\u00eb q\u00ebndrime t\u00eb p\u00ebrgjegjshme dhe t\u00eb nxisim nj\u00eb sjellje t\u00eb sigurt te qytetar\u00ebt e t\u00eb gjitha moshave lidhur me respektimin e rregullave, shenjave dhe paralajm\u00ebrimeve n\u00eb nd\u00ebrveprimin me hekurudh\u00ebn dhe trenat. VLERAT THEMELORE t\u00eb nj\u00eb sistemi &hellip;<\/p>\n<p class=\"read-more\"> <a class=\"\" href=\"https:\/\/treni.al\/?page_id=1448\"> <span class=\"screen-reader-text\">Sistemet<\/span> Read More \u00bb<\/a><\/p>\n","protected":false},"author":1,"featured_media":0,"parent":1091,"menu_order":0,"comment_status":"closed","ping_status":"closed","template":"","meta":{"footnotes":""},"class_list":["post-1448","page","type-page","status-publish","hentry"],"_links":{"self":[{"href":"https:\/\/treni.al\/index.php?rest_route=\/wp\/v2\/pages\/1448","targetHints":{"allow":["GET"]}}],"collection":[{"href":"https:\/\/treni.al\/index.php?rest_route=\/wp\/v2\/pages"}],"about":[{"href":"https:\/\/treni.al\/index.php?rest_route=\/wp\/v2\/types\/page"}],"author":[{"embeddable":true,"href":"https:\/\/treni.al\/index.php?rest_route=\/wp\/v2\/users\/1"}],"replies":[{"embeddable":true,"href":"https:\/\/treni.al\/index.php?rest_route=%2Fwp%2Fv2%2Fcomments&post=1448"}],"version-history":[{"count":95,"href":"https:\/\/treni.al\/index.php?rest_route=\/wp\/v2\/pages\/1448\/revisions"}],"predecessor-version":[{"id":3685,"href":"https:\/\/treni.al\/index.php?rest_route=\/wp\/v2\/pages\/1448\/revisions\/3685"}],"up":[{"embeddable":true,"href":"https:\/\/treni.al\/index.php?rest_route=\/wp\/v2\/pages\/1091"}],"wp:attachment":[{"href":"https:\/\/treni.al\/index.php?rest_route=%2Fwp%2Fv2%2Fmedia&parent=1448"}],"curies":[{"name":"wp","href":"https:\/\/api.w.org\/{rel}","templated":true}]}}